{"id":97,"date":"2015-09-10T15:51:45","date_gmt":"2015-09-10T19:51:45","guid":{"rendered":"http:\/\/www.gregorian.ca\/wp\/?page_id=97"},"modified":"2023-08-05T19:32:45","modified_gmt":"2023-08-05T23:32:45","slug":"mission","status":"publish","type":"page","link":"https:\/\/www.gregorian.ca\/wp\/?page_id=97","title":{"rendered":"Mission"},"content":{"rendered":"<p>L&#8217;Institut Gr\u00e9gorien du Canada (IGC) organise des activit\u00e9s de recherches et d&#8217;\u00e9ducation dans le but de promouvoir l&#8217;\u00e9tude et l&#8217;interpr\u00e9tation du chant gr\u00e9gorien et des autres r\u00e9pertoires occidentaux de plain-chant au Canada.<\/p>\n<p><a href=\"https:\/\/www.gregorian.ca\/wp\/wp-content\/uploads\/2015\/09\/dom_gueranger-1.jpg\"><img loading=\"lazy\" decoding=\"async\" class=\"alignnone size-full wp-image-99\" src=\"https:\/\/www.gregorian.ca\/wp\/wp-content\/uploads\/2015\/09\/dom_gueranger-1.jpg\" alt=\"dom_gueranger-1\" width=\"197\" height=\"286\" \/><\/a><\/p>\n<p><strong>Activit\u00e9s de recherche:<\/strong><\/p>\n<p>Soutenir et publier la recherche sur le chant gr\u00e9gorien et les autres r\u00e9pertoires occidentaux de plain-chant, tant du point de vue de l&#8217;interpr\u00e9tation, de l&#8217;histoire culturelle, de la transmission du r\u00e9pertoire et de la notation musicale.<\/p>\n<p><strong>Activit\u00e9s \u00e9ducatives:<\/strong><\/p>\n<p>Offrir des colloques, des ateliers, des prestations de chant et des journ\u00e9es d&#8217;\u00e9tude sp\u00e9ciales afin d&#8217;\u00e9largir les connaissances en mati\u00e8re de plain-chant, de transmettre les outils n\u00e9cessaires \u00e0 son interpr\u00e9tation et \u00e0 l&#8217;appr\u00e9ciation critique du chant monastique et s\u00e9culier de tradition occidentale.<\/p>\n<p>Travailler avec la communaut\u00e9 des chercheurs, tout comme avec les musiciens, les chantres et les \u00e9glises locales de diverses d\u00e9nominations.<\/p>\n<p>Organiser et superviser des excursions sur le terrain dans des paroisses et des monast\u00e8res o\u00f9 persiste encore une tradition vivante du plain-chant.<\/p>\n<p>L\u2019Institut Gr\u00e9gorien du Canada (IGC) est un organisme sans but lucratif, autoris\u00e9 \u00e0 \u00e9mettre des re\u00e7us pour fins d&#8217;imp\u00f4t aux donateurs qui d\u00e9sirent soutenir sa mission. Fond\u00e9e en 2004, l&#8217;Institut est une association non confessionnelle affili\u00e9e \u00e0 la <a href=\"http:\/\/www.humanities.mcmaster.ca\/~sota\/\" target=\"_blank\" rel=\"noopener\">School of the Arts de l&#8217;Universit\u00e9 McMaster<\/a>.<\/p>\n<p><strong>Conseil d&#8217;administration<\/strong><\/p>\n<ul>\n<li>Josette Blais-Jol<\/li>\n<li>Kate Helsen<\/li>\n<li>James Maiello<\/li>\n<li>Emilie Maunder<\/li>\n<li>John-Mark Missio<\/li>\n<li>William Renwick<\/li>\n<li>Adrian Ross<\/li>\n<li>Innocent Smith<\/li>\n<li>Brandon Wild<\/li>\n<\/ul>\n<p>Vous pouvez faire un don et soutenir notre mission en cliquant sur le bouton ci-dessous<\/p>\n<form action=\"https:\/\/www.paypal.com\/cgi-bin\/webscr\" method=\"post\" target=\"_top\"><input name=\"cmd\" type=\"hidden\" value=\"_s-xclick\" \/><strong><a href=\"https:\/\/link.waveapps.com\/uwq68g-6z5bjb\">Faire un don<\/a><img loading=\"lazy\" decoding=\"async\" src=\"https:\/\/www.paypalobjects.com\/en_US\/i\/scr\/pixel.gif\" alt=\"\" width=\"1\" height=\"1\" border=\"0\" \/><\/strong><\/p>\n<\/form>\n","protected":false},"excerpt":{"rendered":"<p>L&#8217;Institut Gr\u00e9gorien du Canada (IGC) organise des activit\u00e9s de recherches et d&#8217;\u00e9ducation dans le but de promouvoir l&#8217;\u00e9tude et l&#8217;interpr\u00e9tation du chant gr\u00e9gorien et des autres r\u00e9pertoires occidentaux de plain-chant au Canada. Activit\u00e9s de recherche: Soutenir et publier la recherche sur le chant gr\u00e9gorien et les autres r\u00e9pertoires occidentaux de plain-chant, tant du point de &hellip; <a href=\"https:\/\/www.gregorian.ca\/wp\/?page_id=97\" class=\"more-link\">Continue reading <span class=\"screen-reader-text\">Mission<\/span> <span class=\"meta-nav\">&rarr;<\/span><\/a><\/p>\n","protected":false},"author":1,"featured_media":0,"parent":11,"menu_order":0,"comment_status":"closed","ping_status":"closed","template":"","meta":{"footnotes":""},"class_list":["post-97","page","type-page","status-publish","hentry"],"_links":{"self":[{"href":"https:\/\/www.gregorian.ca\/wp\/index.php?rest_route=\/wp\/v2\/pages\/97","targetHints":{"allow":["GET"]}}],"collection":[{"href":"https:\/\/www.gregorian.ca\/wp\/index.php?rest_route=\/wp\/v2\/pages"}],"about":[{"href":"https:\/\/www.gregorian.ca\/wp\/index.php?rest_route=\/wp\/v2\/types\/page"}],"author":[{"embeddable":true,"href":"https:\/\/www.gregorian.ca\/wp\/index.php?rest_route=\/wp\/v2\/users\/1"}],"replies":[{"embeddable":true,"href":"https:\/\/www.gregorian.ca\/wp\/index.php?rest_route=%2Fwp%2Fv2%2Fcomments&post=97"}],"version-history":[{"count":11,"href":"https:\/\/www.gregorian.ca\/wp\/index.php?rest_route=\/wp\/v2\/pages\/97\/revisions"}],"predecessor-version":[{"id":2284,"href":"https:\/\/www.gregorian.ca\/wp\/index.php?rest_route=\/wp\/v2\/pages\/97\/revisions\/2284"}],"up":[{"embeddable":true,"href":"https:\/\/www.gregorian.ca\/wp\/index.php?rest_route=\/wp\/v2\/pages\/11"}],"wp:attachment":[{"href":"https:\/\/www.gregorian.ca\/wp\/index.php?rest_route=%2Fwp%2Fv2%2Fmedia&parent=97"}],"curies":[{"name":"wp","href":"https:\/\/api.w.org\/{rel}","templated":true}]}}