{"id":55,"date":"2015-09-10T12:36:33","date_gmt":"2015-09-10T16:36:33","guid":{"rendered":"http:\/\/www.gregorian.ca\/wp\/?page_id=55"},"modified":"2025-07-26T17:08:06","modified_gmt":"2025-07-26T21:08:06","slug":"ressources","status":"publish","type":"page","link":"https:\/\/www.gregorian.ca\/wp\/?page_id=55","title":{"rendered":"Ressources"},"content":{"rendered":"\n<p><a href=\"#academiques\">Activit\u00e9s acad\u00e9miques au Canada<\/a><\/p>\n\n\n\n<p><a href=\"#choeurs\">Ch\u0153urs gr\u00e9goriens au Canada<\/a><\/p>\n\n\n\n<p><a href=\"#ressources\">Ressources Internet<\/a><\/p>\n\n\n\n<hr class=\"wp-block-separator has-alpha-channel-opacity\"\/>\n\n\n\n<p><a id=\"academiques\"><\/a><strong>Activit\u00e9s acad\u00e9miques au Canada<\/strong><\/p>\n\n\n\n<p><a href=\"http:\/\/www.cantusdatabase.org\/\" target=\"_blank\" rel=\"noopener noreferrer\">Base de donn\u00e9es Cantus <\/a>(Un. de Waterloo, ON)<\/p>\n\n\n\n<p><a href=\"http:\/\/www.medievalmusic.ca\/\" target=\"_blank\" rel=\"noreferrer noopener\">Institut de musique m\u00e9di\u00e9vale<\/a> (Kitchener ON)<\/p>\n\n\n\n<p><a href=\"http:\/\/www.pims.ca\/\" target=\"_blank\" rel=\"noopener noreferrer\">Institut pontifical d&#8217;\u00e9tudes m\u00e9di\u00e9vales<\/a> (Toronto, ON)<\/p>\n\n\n\n<p><a href=\"http:\/\/www.sarum-chant.ca\/\" target=\"_blank\" rel=\"noopener noreferrer\">Le rite de Sarum<\/a> (en latin et en anglais)<\/p>\n\n\n\n<p><a href=\"http:\/\/individual.utoronto.ca\/notaquadrata\/\" target=\"_blank\" rel=\"noopener noreferrer\">Projet Notaquadrata<\/a> (Un. de Toronto, ON)<\/p>\n\n\n\n<hr class=\"wp-block-separator has-alpha-channel-opacity\"\/>\n\n\n\n<p><a id=\"choeurs\"><\/a><strong>Ch\u0153urs gr\u00e9goriens au Canada (incluant les monast\u00e8res)<\/strong><\/p>\n\n\n\n<p><strong>Ianua Coeli Schola Cantorum<\/strong> (Aldergrove, C-B) (H et F)<br>\ndir.: Angela Gabriel-Morrissey<br>\nSaints Joachim and Ann Catholic Church<br>\n2827 273rd Street<br>\nAldergrove, British Columbia V4W 2T7<br>\nInformations: schola@moreC.com<\/p>\n\n\n\n<p><strong><a href=\"http:\/\/www.windsorlatinmass.org\/\" target=\"_blank\" rel=\"noopener noreferrer\">St. Benedict Tridentine Catholic Community<\/a><\/strong>&nbsp; (Windsor, Ontario)<br>\nInformations: info@windsorlatinmass.org<\/p>\n\n\n\n<p><strong>Cantualis<\/strong> (Kitchener\/Waterloo, ON) (H)<br>\ndir.: M. David Hall<br>\nInformations: info@cantualis.com<\/p>\n\n\n\n<p>music@blessed-sacrament.ca<\/p>\n\n\n\n<p><strong><a href=\"http:\/\/hmcwordpress.mcmaster.ca\/renwick\/profile\/hamilton-schola-cantorum\/\" target=\"_blank\" rel=\"noopener noreferrer\">Hamilton Schola Cantorum<\/a><\/strong> (Hamilton, ON) (H et F), dir. : Dr. William Renwick<br>\nMesse tridentine le premier et troisi\u00e8me dimanche du mois, \u00e0 14h30, \u00e0 l&#8217;\u00e9glise St-Anne&#8217;s, Barton \u00e0 Sherman, Hamilton<br>\nMesse anglaise avec chant du Sarum, chaque dimanche 12h30, \u00e0 l&#8217;\u00e9glise &#8216;Grace&#8217;, 1107 Main Street West<br>\nR\u00e9p\u00e9tition les mardi soirs \u00e0 l&#8217;\u00e9glise &#8216;Holy Cross&#8217;, 3455 Lakeshore Rd, Burlington (Near Walker\u2019s Line) Ontario<br>\nInformations: William Renwick, 905-523-0082, renwick@mcmaster.ca<\/p>\n\n\n\n<p><strong>Choeur gr\u00e9gorien St. Patrick<\/strong> (Toronto, ON) (H et F)<br>\ndir. : Surinder S. Mundra<br>\nMesse avec chant gr\u00e9gorien tous les samedis \u00e0 17 heures, \u00e0 l&#8217;\u00e9glise St. Patrick, 141, McCaul Street, Toronto, ON<br>\nInformations : surindersmundra@rogers.com<\/p>\n\n\n\n<p><strong><a href=\"http:\/\/www.stmarymagdalene.ca\/\" target=\"_blank\" rel=\"noopener noreferrer\">Ritual Choir of the Church of St. Mary Magdalene<\/a><\/strong> (Toronto, ON) (H)<br>\ndir.: M. Robert Castle<br>\nChant gr\u00e9gorien \u00e0 tous les dimanches \u00e0 11 heures,<br>\nThe Church of St Mary Magdalene<br>\n477 Manning Avenue, Toronto, Ont. M6G 2V8<br>\nT\u00e9l.: 416 531 7955<br>\nInformations: rcastle@yorku.ca<\/p>\n\n\n\n<p><strong><a href=\"http:\/\/www.scholamagdalena.ca\/\" target=\"_blank\" rel=\"noopener noreferrer\">Schola Magdalena<\/a><\/strong> (Toronto, ON) (F)<br>\ndir.: Prof. Stephanie Martin<\/p>\n\n\n\n<p><strong>Schola Cantorum de Kingston<\/strong> (ON) (H et F)<br>\ndir.: Jeffrey Moellman<br>\nMesse selon le rite latin extraordinaire tous les premiers dimanches du mois \u00e0 15 heures, \u00e0 la chapelle St. James (cath\u00e9drale St. Mary)<br>\nR\u00e9p\u00e9titions les lundiis \u00e0 18h00 \u00e0 la cath\u00e9drale St. Mary of the Immaculate Conception (Kingston)<br>\nInformations : <a href=\"mailto:musicmoell@gmail.com\">musicmoell@gmail.com<\/a>, or <a href=\"tel:613-546-5521%2C%20x7\">613-546-5521, x7<\/a><\/p>\n\n\n\n<p><strong>Chorus Ecclesiae<\/strong> (Ottawa, ON) (H et F)<br>\ndir.: M. Lawrence Harris<br>\nChant gr\u00e9gorien lors d&#8217;\u00e9v\u00e9nements sp\u00e9ciaux<br>\n224 Patterson, Ottawa, ON K1S 1Y6<br>\nT\u00e9l.: 613 567 7729<br>\ncourriel: profharris@hotmail.com<\/p>\n\n\n\n<p><a href=\"http:\/\/www.sm2m.ca\/\" target=\"_blank\" rel=\"noopener noreferrer\"><strong>Abbaye Sainte-Marie des Deux-Montagnes<\/strong><\/a> (QC)(F)(Congr\u00e9gation de Solesmes)<br>\nOffice et messe en chant gr\u00e9gorien tous les jours<br>\n2803 Chemin d\u2019Oka<br>\nSainte-Marthe-sur-le-Lac, QC, Canada, J0N 1P0<br>\nT\u00e9l: 450)473 7278<br>\nFax: 450 473 9833<br>\ncourriel: info@sm2m.ca<\/p>\n\n\n\n<p><strong>Ch\u0153ur gr\u00e9gorien de Laval<\/strong> (QC) (H)<br>\ndir.: Andr\u00e9 Beaudoin<br>\nMesse une fois par mois (sauf durant l&#8217;\u00e9t\u00e9), les samedis \u00e0 16 heures ou \u00e0 17 heures, \u00c9glise Saint-Elz\u00e9ar<br>\n16, boul. Saint-Elz\u00e9ar Est, Laval (QC)<br>\nR\u00e9p\u00e9titions un jeudi par mois \u00e0 18h45<br>\nInformations: CGLaval@hotmail.ca<\/p>\n\n\n\n<p><strong>Communaut\u00e9 Latine St-Paul<\/strong> (Montr\u00e9al, QC)<br>\nMesse tridentine avec chant gr\u00e9gorien chaque dimanche \u00e0 8h30<br>\n\u00c9glise St-Ir\u00e9n\u00e9e (coin Atwater et Delisle, Montr\u00e9al)<br>\n3044, Delisle, Montr\u00e9al, QC<br>\nT\u00e9l.: 514 932 9675<\/p>\n\n\n\n<p><a href=\"http:\/\/www.scholagreg.org\/schola.html\" target=\"_blank\" rel=\"noopener noreferrer\"><strong>Schola Saint-Gr\u00e9goire<\/strong><\/a> (Montr\u00e9al, QC) (H)<br>\ndir. : M. Jean-Pierre Noiseux<br>\nChant gr\u00e9gorien et autres r\u00e9pertoires liturgiques latins (ambrosien, beneventain, vieux-romain, vieil-hispanique, plain-chant baroque)<br>\nCoordonn\u00e9es de la Schola Saint Gr\u00e9goire :<br>\n4601 rue Jeanne-Mance, Montr\u00e9al, QC, Canada, H2V 4J5<br>\ncourriel: scholagreg@sympatico.ca<\/p>\n\n\n\n<p><a href=\"http:\/\/www.ensemblescholastica.ca\/\" target=\"_blank\" rel=\"noopener noreferrer\"><strong>Ensemble Scholastica<\/strong><\/a> (Montr\u00e9al, QC)(F)<br>\ndir.: Rebecca Bain<br>\nChant gr\u00e9gorien et polyphonie m\u00e9di\u00e9vale<br>\ncourriel: info@ensemblescholastica.ca<\/p>\n\n\n\n<p><strong>Ensemble Virga<\/strong> (Montr\u00e9al, QC) (F)<br>\ndir.: Alain Vadeboncoeur<br>\nChant gr\u00e9gorien (concerts ou liturgies)<br>\nR\u00e9p\u00e9titions tous les mercredis de 19h30 \u00e0 21h30<br>\nInformations : Alain Vadeboncoeur vadmuse@securenet.net 819-242-3000 ;<br>\nou Jocelyne B\u00e9langer (\u00e0 Montr\u00e9al) 514-526-6894<\/p>\n\n\n\n<p><strong>Ch\u0153ur Gregoria de Montr\u00e9al<\/strong> (QC) (H et F)<br>\ndir.: M. Antoine Ouelette<br>\nChant gr\u00e9gorien tous les 2 dimanches, de 15h00 \u00e0 17h00<br>\nMesse 6 fois par ann\u00e9e le dimanche \u00e0 10 heures, entre septembre et juin<br>\n\u00c9glise Saint-Ars\u00e8ne, Rue B\u00e9langer, angle Christophe-Colomb<br>\nMontr\u00e9al, QC<br>\nDirecteur: ouellette.antoine@uqam.ca<br>\nInformations: Teresa Pasquale-Dufour pasqualet@videotron.ca<\/p>\n\n\n\n<p><a href=\"http:\/\/www.st-benoit-du-lac.com\/\" target=\"_blank\" rel=\"noopener noreferrer\"><strong>Abbaye St-Beno\u00eet-du-Lac<\/strong><\/a> (QC) (H) (Congr\u00e9gation de Solesmes)<br>\nMa\u00eetre de choeur : Dom Richard Gagn\u00e9, o.s.b.<br>\nOffice (Laudes et V\u00eapres) et messe tous les jours<br>\nSt-Beno\u00eet-du-Lac, QC, Canada, J0B 2M0<br>\nTel.: 819 843 4080<br>\ncourriel: abbaye@st-benoit-du-lac.com<\/p>\n\n\n\n<p><strong>Ch\u0153ur gr\u00e9gorien de Sherbrooke<\/strong> (QC)(H)<br>\ndir. : M. Yvan Cloutier<br>\nMesse en gr\u00e9gorien tous les derniers samedis de chaque mois, de septembre \u00e0 juin, \u00e0 16 heures,<br>\n\u00c9glise Immacul\u00e9e-Conception, 1085 Boul. Alexandre, Sherbrooke, QC<br>\n495 rue Fortin, Sherbrooke, QC, Canada, J1E 2Z1<br>\ncourriel: cloutiyv@hotmail.com<\/p>\n\n\n\n<p><a href=\"http:\/\/www.fsspquebec.org\/\" target=\"_blank\" rel=\"noopener noreferrer\"><strong>Choeur Saint-Z\u00e9phirin-de-Stadacona<\/strong><\/a> (Qu\u00e9bec, QC) (H et F)<br>\nTous les chants de la messe selon la &#8220;forme extraordinaire&#8221;, chaque dimanche \u00e0 10h00<br>\n\u00c9glise Saint-Z\u00e9phirin-de-Stadacona, 1450 avenue Fran\u00e7ois 1er, Qu\u00e9bec, QC<br>\nInformations :<br>\nChorale de Saint-Z\u00e9phirin-de-Stadacona<br>\n1425, rue de Meulles, Qu\u00e9bec, QC, G1L 4J8<\/p>\n\n\n\n<p><strong>Una Voce<\/strong> (Le Ch\u0153ur gr\u00e9gorien de Saguenay, QC) (H et F)<br>\ndir.: M. Raymond Laforge ; dir. adj. : M. Guy Lemire<br>\nMesse avec chant gr\u00e9gorien le premier samedi de chaque mois<br>\n\u00c9glise du Sacr\u00e9-Coeur<br>\n244, rue Boss\u00e9, Chicoutimi, QC<br>\nInformations : Michel.tremblay@uqac.ca<\/p>\n\n\n\n<p><strong>Chorale gr\u00e9gorienne de la P\u00e9ninsule Acadienne<\/strong> (N-B)(H)<br>\ndir.: M. Armand Lavoie<br>\nChant gr\u00e9gorien lors d&#8217;\u00e9v\u00e9nements sp\u00e9ciaux<br>\nM. Armand Lavoie<br>\n494 rue Saulnier ouest, Tracadie -Sheila, N. B., Canada, E1X 1E3<br>\nTel.: 506 395 2139<br>\nFax: 506 395 2139<br>\ncourriel: lavoiea@nbnet.nb.ca<\/p>\n\n\n\n<p><strong>Holy Heart Schola Cantorum<\/strong> (Halifax, N-\u00c9) (H)<br>\ndir. : M. Robert Bruce<br>\nR\u00e9p\u00e9tition tous les dimanche soirs \u00e0 18h30<br>\nInformations: holyheartschola@gmail.com<\/p>\n\n\n\n<hr class=\"wp-block-separator has-alpha-channel-opacity\"\/>\n\n\n\n<p><a id=\"ressources\"><\/a><strong>Ressources Internet<\/strong><\/p>\n\n\n\n<p><strong>G\u00e9n\u00e9ral<\/strong><br>\n<a href=\"http:\/\/silvertone.princeton.edu\/chant_html\/#sites\" target=\"_blank\" rel=\"noopener noreferrer\">Gregorian Chant Home Page<\/a> (USA)<br>\n<a href=\"http:\/\/gregorien-en-paroisse.org\/\" target=\"_blank\" rel=\"noopener noreferrer\">Gr\u00e9gorien en paroisse<\/a> (France)<br>\n<a href=\"http:\/\/gregorian-chant.ning.com\/\" target=\"_blank\" rel=\"noopener noreferrer\">R\u00e9seau &#8220;Musicologie m\u00e9di\u00e9vale&#8221;<\/a><br>\n<a href=\"http:\/\/epub.uni-regensburg.de\/25558\/1\/ubr12760_ocr.pdf\" target=\"_blank\" rel=\"noopener noreferrer\">Western Plainchant: A Handbook par David Hiley<\/a><br>\n<a href=\"http:\/\/drm.ccarh.org\/\" target=\"_blank\" rel=\"noopener noreferrer\">Digital Resources for Musicology (DRM)<\/a><\/p>\n\n\n\n<p><a href=\"https:\/\/www.latinmasswedding.com\/\">Latin messe de mariage<\/a><\/p>\n\n\n\n<p><strong>Fournisseurs de livres de chant<\/strong><br>\n<a href=\"http:\/\/www.solesmes.com\/product-category\/new-products\" target=\"_blank\" rel=\"noopener noreferrer\">Abbaye St-Pierre de Solesmes<\/a> (France)<br>\n<a href=\"http:\/\/www.paracletepress.com\/gregorian-books.html\" target=\"_blank\" rel=\"noopener noreferrer\">Paraclete Press<\/a> (USA)<\/p>\n\n\n\n<p><strong>\u00c9ditions en ligne (notation carr\u00e9e)<\/strong><br>\n<a href=\"http:\/\/musicasacra.com\/music\/\" target=\"_blank\" rel=\"noopener noreferrer\">Livres et partitions \u00e0 Musica Sacra<\/a><br>\n<a href=\"http:\/\/scholastmaur.free.fr\/versus_psalmorum_et_canticorum.pdf\" target=\"_blank\" rel=\"noopener noreferrer\">Versets d&#8217;intro\u00efts et de communions<\/a><br>\n<a href=\"http:\/\/www.gregor-und-taube.de\/html\/materialien.htm\" target=\"_blank\" rel=\"noopener noreferrer\">\u00c9dition partielle (neum\u00e9e)<\/a><br>\n<a href=\"http:\/\/www.sarum-chant.ca\/\" target=\"_blank\" rel=\"noopener noreferrer\">Chant de Sarum (en latin et en anglais)<\/a><\/p>\n\n\n\n<p><strong>Bible latine<\/strong><br>\n<a href=\"http:\/\/www.fourmilab.ch\/etexts\/www\/Vulgate\/Vulgate.html\" target=\"_blank\" rel=\"noopener noreferrer\">Vulgate (St-J\u00e9r\u00f4me)<\/a><br>\n<a href=\"http:\/\/vulsearch.sourceforge.net\/obtenir.html\" target=\"_blank\" rel=\"noopener noreferrer\">Vulgate cl\u00e9mentine<\/a><br>\n<a href=\"http:\/\/www.vatican.va\/archive\/bible\/nova_vulgata\/documents\/nova-vulgata_index_lt.html\" target=\"_blank\" rel=\"noopener noreferrer\">N\u00e9o-Vulgate<\/a><\/p>\n\n\n\n<p><strong>Dictionnaire latin-fran\u00e7ais<\/strong><br>\n<a href=\"http:\/\/www.prima-elementa.fr\/Dico.htm\" target=\"_blank\" rel=\"noopener noreferrer\">Dico latin (classique)-fran\u00e7ais<\/a><br>\n<a href=\"http:\/\/archives.nd.edu\/whitaker\/words.htm\" target=\"_blank\" rel=\"noopener noreferrer\">[Latin-English Dictionary (logiciel)<\/a> (William Whittaker)]<\/p>\n\n\n\n<p><strong>Fac-simil\u00e9s de manuscrits<\/strong><br>\n<a href=\"http:\/\/gregofacsimil.free.fr\/\" target=\"_blank\" rel=\"noopener noreferrer\">GREGOFACSIMIL<\/a> (France)<br>\n<a href=\"http:\/\/www.smu.ca\/academics\/archives\/the-salzinnes-antiphonal.html\" target=\"_blank\" rel=\"noopener noreferrer\">Antiphonaire de Salzinnes<\/a> (Halifax, N\u00c9)<br>\n<a href=\"http:\/\/manuscrit.ville-laon.fr\/oeb\/Ms239\/\" target=\"_blank\" rel=\"noopener noreferrer\">Biblioth\u00e8que municipale de Laon, manuscrit 239<\/a><br>\n<a href=\"http:\/\/www.e-codices.unifr.ch\/fr\/collections\" target=\"_blank\" rel=\"noopener noreferrer\">Biblioth\u00e8ques de Suisse<\/a><br>\n<a href=\"http:\/\/manuscrits.biu-montpellier.fr\/criteresm.php?lang=FR\" target=\"_blank\" rel=\"noopener noreferrer\">Biblioth\u00e8que de m\u00e9decine de l&#8217;Universit\u00e9 de Montpellier<\/a> (France)<\/p>\n\n\n\n<p><strong>Bases de donn\u00e9es<\/strong><br>\n<a href=\"http:\/\/www.cantusdatabase.org\/\" target=\"_blank\" rel=\"noopener noreferrer\">Cantus (r\u00e9pertoire de l&#8217;office)<\/a><br>\n<a href=\"http:\/\/www.uni-regensburg.de\/Fakultaeten\/phil_Fak_I\/Musikwissenschaft\/cantus\/index.htm\" target=\"_blank\" rel=\"noopener noreferrer\">Groupe d&#8217;\u00e9tude Cantus Planus<\/a> (r\u00e9pertoire de la messe et de l&#8217;office)<br>\n<a href=\"http:\/\/www.lib.latrobe.edu.au\/MMDB\/index.htm\" target=\"_blank\" rel=\"noopener noreferrer\">La Trobe University Library \u2013 Medieval Music Database<\/a><br>\n<a href=\"http:\/\/gregorianik.uni-regensburg.de\/\" target=\"_blank\" rel=\"noopener noreferrer\">Antiphonale synopticum<\/a><br>\n<a href=\"http:\/\/comparatio.irht.cnrs.fr\/\" target=\"_blank\" rel=\"noopener noreferrer\">Comparatio Des chants liturgiques m\u00e9di\u00e9vaux<\/a><\/p>\n\n\n\n<p><span id=\"result_box\" class=\"short_text\" lang=\"fr\"><a href=\"http:\/\/musmed.eu\/\" target=\"_blank\" rel=\"noopener noreferrer\">Manuscrits musicaux m\u00e9di\u00e9vaux<\/a><\/span><\/p>\n\n\n\n<p><strong>D&#8217;autres sites importants<\/strong><br>\n<a href=\"http:\/\/www.gregorien.be\/\" target=\"_blank\" rel=\"noopener noreferrer\">Acad\u00e9mie de chant gr\u00e9gorien \u00e0 Bruxelles<\/a> (Belgique)<br>\n<a href=\"http:\/\/palmus.free.fr\/\" target=\"_blank\" rel=\"noopener noreferrer\">Atelier de pal\u00e9ographie de Solesmes<\/a> (France)<br>\n<a href=\"http:\/\/www.cantoambrosiano.com\/\" target=\"_blank\" rel=\"noopener noreferrer\">Schola Gregoriana Mediolanensis: Canto Ambrosiano<\/a> (italien)<br>\n<a href=\"http:\/\/www.let.uu.nl\/ogc\/cantus\/HTML\/CANTUS_index.htm\" target=\"_blank\" rel=\"noopener noreferrer\">CANTUS analysis<\/a> (anglais)<br>\n<a href=\"http:\/\/www.calithes.it\/\" target=\"_blank\" rel=\"noopener noreferrer\">Cantus Liturgici Thesaurus<\/a><br>\n<a href=\"http:\/\/www.univ-nancy2.fr\/MOYENAGE\/UREEF\/MUSICOLOGIE\/CMN\/indexcmn.htm\" target=\"_blank\" rel=\"noopener noreferrer\">Catalogue des manuscrits not\u00e9s du moyen \u00e2ge conserv\u00e9s dans les biblioth\u00e8ques publiques de France<\/a><br>\n<a href=\"http:\/\/www.easterbrooks.com\/personal\/calendar\/index.php\" target=\"_blank\" rel=\"noopener noreferrer\">Catholic Calendar<\/a> (anglais)<br>\n<a href=\"http:\/\/www.newadvent.org\/cathen\/\" target=\"_blank\" rel=\"noopener noreferrer\">Catholic Encyclopedia<\/a> (anglais)<br>\n<a href=\"http:\/\/www.catholic.org\/saints\/stindex.php\" target=\"_blank\" rel=\"noopener noreferrer\">Catholic Online \u2013 Saints and Angels<\/a> (anglais)<br>\n<a href=\"http:\/\/cmm-paris.fr\/fr\/\" target=\"_blank\" rel=\"noopener noreferrer\">Centre de musique m\u00e9di\u00e9vale de Paris<\/a><br>\n<a href=\"http:\/\/www.ceremoniaire.net\/\" target=\"_blank\" rel=\"noopener noreferrer\">C\u00e9r\u00e9moniaire \u2013 Les rites liturgique<\/a> (France)<\/p>\n\n\n\n<p><a href=\"https:\/\/macmail.mcmaster.ca\/owa\/redir.aspx?C=LFjL5r3b2qw2SXGANHuc9ES2OYZxIZllVrOWufq2X9mYirPkwb3WCA..&amp;URL=http%3a%2f%2fwww.gregoriano.org.br%2fgregoriano%2fpartituras1.htm\" target=\"_blank\" rel=\"noopener noreferrer\">Choeur gr\u00e9gorien de Belo Horizonte<\/a> (\u00e9tat du Minas Gerais-Br\u00e9sil)<br>\n<a href=\"http:\/\/www.choeur-gregorien-de-paris.asso.fr\/\" target=\"_blank\" rel=\"noopener noreferrer\">Ch\u0153ur gr\u00e9gorien de Paris<\/a> (France)<br>\n<a href=\"http:\/\/www.gregoriano.org.br\/gregoriano\/index3.htm\" target=\"_blank\" rel=\"noopener noreferrer\">Coral Gregorian de Belo Horizonte<\/a> (Br\u00e9sil)<br>\n<a href=\"http:\/\/www.zti.hu\/earlymusic\/earlym.html\" target=\"_blank\" rel=\"noopener noreferrer\">Department of Early Music, Budapest<\/a> (anglais)<br>\n<a href=\"http:\/\/libraries.cua.edu\/music\/DomMocquer.cfm\" target=\"_blank\" rel=\"noopener noreferrer\">Dom Mocquereau Microfilm Collection<\/a><br>\n<a href=\"http:\/\/www.outhere-music.com\/en\/artists\/discantus\/about\" target=\"_blank\" rel=\"noopener noreferrer\">Ensemble Discantus<\/a> (France)<br>\n<a href=\"http:\/\/www.earlymusicnews.org\/\" target=\"_blank\" rel=\"noopener noreferrer\">Early Music News<\/a><br>\n<a href=\"http:\/\/www.festivalwatou.be\/english\/welcome.html\" target=\"_blank\" rel=\"noopener noreferrer\">Festival International de chant gr\u00e9gorien de Watou<\/a> (Belgique)<br>\n<a href=\"http:\/\/www.enc-sorbonne.fr\/fr\/publication\/graduel-bellelay\" target=\"_blank\" rel=\"noopener noreferrer\">Graduel de Bellelay<\/a> (France)<br>\n<a href=\"http:\/\/gregoire.tele.free.fr\/\" target=\"_blank\" rel=\"noopener noreferrer\">Gregoire<\/a> (Logiciel gratuit de notation carr\u00e9e)<br>\n<a href=\"http:\/\/www.beaufort.demon.co.uk\/chant.htm\" target=\"_blank\" rel=\"noopener noreferrer\">Gregorian Association<\/a> (Angleterre)<br>\n<a href=\"http:\/\/198.62.75.1\/www2\/cantgreg\/index_fra.htm\" target=\"_blank\" rel=\"noopener noreferrer\">Gregorian Chant<\/a> (Br\u00e9sil)<br>\n<a href=\"http:\/\/guides.lib.uchicago.edu\/c.php?g=297301&amp;p=1984485\" target=\"_blank\" rel=\"noopener noreferrer\">Gregorian Chant Microfilms <\/a>(Un. of Chicago)<br>\n<a href=\"http:\/\/gregoriana.sk\/index.php\" target=\"_blank\" rel=\"noopener noreferrer\">Gregoriana<\/a> (Pologne)<br>\n<a href=\"http:\/\/www.irht.cnrs.fr\/fr\" target=\"_blank\" rel=\"noopener noreferrer\">Institut de recherche et d&#8217;histoire des textes<\/a> (IRHT) (France)<br>\n<a href=\"http:\/\/www.vatican.va\/roman_curia\/institutions_connected\/sacmus\/index_fr.htm\" target=\"_blank\" rel=\"noopener noreferrer\">Institut pontifical de musique sacr\u00e9e<\/a> (Rome)<br>\n<a href=\"http:\/\/www.abbaye-saint-benoit.ch\/gueranger\/institutions\/index.htm\" target=\"_blank\" rel=\"noopener noreferrer\">Institutions liturgiques &#8211; Dom Prosper Gu\u00e9ranger<\/a> (France)<br>\n<a href=\"http:\/\/www.aiscgre.de\/index.htm\" target=\"_blank\" rel=\"noopener noreferrer\">International Association for Study of Gregorian Chant<\/a><br>\n<a href=\"http:\/\/www.wmich.edu\/medieval\/congress\/\" target=\"_blank\" rel=\"noopener noreferrer\">International Congress on Medieval Studies<\/a> (Kalamazoo, Michigan)<br>\n<a href=\"http:\/\/www.ub.uni-frankfurt.de\/webmania\/lhsn.html\" target=\"_blank\" rel=\"noopener noreferrer\">Internetquellen zu Handschiften<\/a> (allamand)<br>\n<a href=\"http:\/\/lrs.perso.neuf.fr\/index.html\" target=\"_blank\" rel=\"noopener noreferrer\">Luca Ricossa<\/a> (Suisse)<br>\n<a href=\"http:\/\/www.adoremus.org\/MotuProprio.html\" target=\"_blank\" rel=\"noopener noreferrer\">Motu Proprio<\/a> (1903) (anglais)<br>\n<a href=\"http:\/\/quod.lib.umich.edu\/r\/relics\/\" target=\"_blank\" rel=\"noopener noreferrer\">Renaissance Liturgical Imprints<\/a> (RELICS)<br>\n<a href=\"http:\/\/www.scholaantiqua.com\/\" target=\"_blank\" rel=\"noopener noreferrer\">Schola Antiqua<\/a> (Espagne)<br>\n<a href=\"http:\/\/www.geocities.ws\/schola_cantorum_de_montevideo\/\" target=\"_blank\" rel=\"noopener noreferrer\">Schola Cantorum de Montevideo<\/a> (Uruguay)<br>\n<a href=\"http:\/\/www.scholasaintmaur.net\/\" target=\"_blank\" rel=\"noopener noreferrer\">Schola Saint Maur<\/a> (France)<\/p>\n\n\n\n<p><a href=\"http:\/\/www.psalterium.nl\/\" target=\"_blank\" rel=\"noopener noreferrer\">Stichting Psalterium: la fondation de Psalterium<\/a> (Pays-Bas)<br>\n<a href=\"http:\/\/www.chmtl.indiana.edu\/tml\/start.html\" target=\"_blank\" rel=\"noopener noreferrer\">Thesaurus Musicarum Latinarum<\/a><br>\n<a href=\"http:\/\/www.unavoce.fr\/\" target=\"_blank\" rel=\"noopener noreferrer\">Una Voce<\/a> (France)<br>\n<a href=\"http:\/\/www.voxclamantis.ee\/\" target=\"_blank\" rel=\"noopener noreferrer\">Vox Clamantis<\/a> (ensemble vocale) (France)<\/p>\n","protected":false},"excerpt":{"rendered":"<p>Activit\u00e9s acad\u00e9miques au Canada Ch\u0153urs gr\u00e9goriens au Canada Ressources Internet Activit\u00e9s acad\u00e9miques au Canada Base de donn\u00e9es Cantus (Un. de Waterloo, ON) Institut de musique m\u00e9di\u00e9vale (Kitchener ON) Institut pontifical d&#8217;\u00e9tudes m\u00e9di\u00e9vales (Toronto, ON) Le rite de Sarum (en latin et en anglais) Projet Notaquadrata (Un. de Toronto, ON) Ch\u0153urs gr\u00e9goriens au Canada (incluant les &hellip; <a href=\"https:\/\/www.gregorian.ca\/wp\/?page_id=55\" class=\"more-link\">Continue reading <span class=\"screen-reader-text\">Ressources<\/span> <span class=\"meta-nav\">&rarr;<\/span><\/a><\/p>\n","protected":false},"author":1,"featured_media":0,"parent":11,"menu_order":0,"comment_status":"closed","ping_status":"closed","template":"","meta":{"footnotes":""},"class_list":["post-55","page","type-page","status-publish","hentry"],"_links":{"self":[{"href":"https:\/\/www.gregorian.ca\/wp\/index.php?rest_route=\/wp\/v2\/pages\/55","targetHints":{"allow":["GET"]}}],"collection":[{"href":"https:\/\/www.gregorian.ca\/wp\/index.php?rest_route=\/wp\/v2\/pages"}],"about":[{"href":"https:\/\/www.gregorian.ca\/wp\/index.php?rest_route=\/wp\/v2\/types\/page"}],"author":[{"embeddable":true,"href":"https:\/\/www.gregorian.ca\/wp\/index.php?rest_route=\/wp\/v2\/users\/1"}],"replies":[{"embeddable":true,"href":"https:\/\/www.gregorian.ca\/wp\/index.php?rest_route=%2Fwp%2Fv2%2Fcomments&post=55"}],"version-history":[{"count":29,"href":"https:\/\/www.gregorian.ca\/wp\/index.php?rest_route=\/wp\/v2\/pages\/55\/revisions"}],"predecessor-version":[{"id":2521,"href":"https:\/\/www.gregorian.ca\/wp\/index.php?rest_route=\/wp\/v2\/pages\/55\/revisions\/2521"}],"up":[{"embeddable":true,"href":"https:\/\/www.gregorian.ca\/wp\/index.php?rest_route=\/wp\/v2\/pages\/11"}],"wp:attachment":[{"href":"https:\/\/www.gregorian.ca\/wp\/index.php?rest_route=%2Fwp%2Fv2%2Fmedia&parent=55"}],"curies":[{"name":"wp","href":"https:\/\/api.w.org\/{rel}","templated":true}]}}