{"id":491,"date":"2015-09-17T09:52:43","date_gmt":"2015-09-17T13:52:43","guid":{"rendered":"http:\/\/www.gregorian.ca\/wp\/?page_id=491"},"modified":"2022-09-19T10:14:20","modified_gmt":"2022-09-19T14:14:20","slug":"adhesion","status":"publish","type":"page","link":"https:\/\/www.gregorian.ca\/wp\/?page_id=491","title":{"rendered":"Adh\u00e9sion"},"content":{"rendered":"<p>Devenez membre de l&#8217;Institut gr\u00e9gorien du Canada et appuyez sa mission<\/p>\n<p><strong>Membres individuels<\/strong><\/p>\n<p>Pour les membres individuels, les frais d&#8217;adh\u00e9sion 2022-2023 sont \u00e9tablis \u00e0 30$, 20$ pour les personnes \u00e0 faible revenu (&lt;30000$). L&#8217;adh\u00e9sion est valide du 1er juillet 2022 au 30 juin 2023 et donne droit \u00e0 des r\u00e9ductions sur les tarifs d&#8217;inscription aux diff\u00e9rentes activit\u00e9s de l&#8217;Institut gr\u00e9gorien. Les membres re\u00e7oivent le bulletin d&#8217;information Cantemus ainsi que les lettres circulaires de l&#8217;Institut et peuvent faire conna\u00eetre leurs activit\u00e9s gr\u00e9goriennes sur le site Internet de l&#8217;Institut.<\/p>\n<p><strong>Membres institutionnels<\/strong><\/p>\n<p>Pour les membres institutionnels, les frais d&#8217;adh\u00e9sion 2022-2023 sont \u00e9tablis \u00e0 100$. L&#8217;adh\u00e9sion est valide du 1er juillet 2022 au 30 juin 2023. En plus de b\u00e9nificier des m\u00eames avantages que les membres individuels, les membres institutionnels pourront recevoir sur demande plusieurs exemplaires de l&#8217;infolettre Cantemus et pourront annoncer leurs activit\u00e9es dans une section sp\u00e9ciale du site de l&#8217;Institut qui leur sera r\u00e9serv\u00e9e.<\/p>\n<p>Prenez note que nous communiquons annuellement \u00e0 nos membres une liste des noms des membres et de leur adresse courriel. Si vous ne souhaitez pas que ces informations soient divulgu\u00e9es, veuillez nous en aviser par \u00e9crit \u00e0 <strong>igc.gic@gmail.com<\/strong> ou Institut gr\u00e9gorien du Canada, 45 Mercer St., Dundas, ON. L9H 2N8<\/p>\n<form action=\"https:\/\/www.paypal.com\/cgi-bin\/webscr\" method=\"post\" target=\"_top\">\n<p><a href=\"https:\/\/link.waveapps.com\/gtguvj-9q83p2\"> Adh\u00e9sion r\u00e9gulier<\/a><\/p>\n<\/form>\n<p><a href=\"https:\/\/link.waveapps.com\/pubdbp-pxe2ym\">Adh\u00e9sion faible revenu<\/a><\/p>\n<p><strong>Paiement par ch\u00e8que : <\/strong><\/p>\n<p>Imprimez et remplissez le formulaire pdf ci-dessous et postez-le avec votre ch\u00e8que \u00e0 l&#8217;Institut gr\u00e9gorien du Canada, 45 Mercer St., Dundas, ON. L9H 2N8<\/p>\n<p>N&#8217;h\u00e9sitez pas \u00e0 communiquer avec nous au besoin.<\/p>\n<p><a href=\"https:\/\/www.gregorian.ca\/wp\/?attachment_id=2098\" rel=\"attachment wp-att-2098\">Formulaire d&#8217;adhesion 2022-2023<\/a><\/p>\n\n\n<p><\/p>\n","protected":false},"excerpt":{"rendered":"<p>Devenez membre de l&#8217;Institut gr\u00e9gorien du Canada et appuyez sa mission Membres individuels Pour les membres individuels, les frais d&#8217;adh\u00e9sion 2022-2023 sont \u00e9tablis \u00e0 30$, 20$ pour les personnes \u00e0 faible revenu (&lt;30000$). L&#8217;adh\u00e9sion est valide du 1er juillet 2022 au 30 juin 2023 et donne droit \u00e0 des r\u00e9ductions sur les tarifs d&#8217;inscription aux &hellip; <a href=\"https:\/\/www.gregorian.ca\/wp\/?page_id=491\" class=\"more-link\">Continue reading <span class=\"screen-reader-text\">Adh\u00e9sion<\/span> <span class=\"meta-nav\">&rarr;<\/span><\/a><\/p>\n","protected":false},"author":1,"featured_media":0,"parent":11,"menu_order":0,"comment_status":"closed","ping_status":"closed","template":"","meta":{"footnotes":""},"class_list":["post-491","page","type-page","status-publish","hentry"],"_links":{"self":[{"href":"https:\/\/www.gregorian.ca\/wp\/index.php?rest_route=\/wp\/v2\/pages\/491","targetHints":{"allow":["GET"]}}],"collection":[{"href":"https:\/\/www.gregorian.ca\/wp\/index.php?rest_route=\/wp\/v2\/pages"}],"about":[{"href":"https:\/\/www.gregorian.ca\/wp\/index.php?rest_route=\/wp\/v2\/types\/page"}],"author":[{"embeddable":true,"href":"https:\/\/www.gregorian.ca\/wp\/index.php?rest_route=\/wp\/v2\/users\/1"}],"replies":[{"embeddable":true,"href":"https:\/\/www.gregorian.ca\/wp\/index.php?rest_route=%2Fwp%2Fv2%2Fcomments&post=491"}],"version-history":[{"count":38,"href":"https:\/\/www.gregorian.ca\/wp\/index.php?rest_route=\/wp\/v2\/pages\/491\/revisions"}],"predecessor-version":[{"id":2176,"href":"https:\/\/www.gregorian.ca\/wp\/index.php?rest_route=\/wp\/v2\/pages\/491\/revisions\/2176"}],"up":[{"embeddable":true,"href":"https:\/\/www.gregorian.ca\/wp\/index.php?rest_route=\/wp\/v2\/pages\/11"}],"wp:attachment":[{"href":"https:\/\/www.gregorian.ca\/wp\/index.php?rest_route=%2Fwp%2Fv2%2Fmedia&parent=491"}],"curies":[{"name":"wp","href":"https:\/\/api.w.org\/{rel}","templated":true}]}}