{"id":422,"date":"2015-09-11T16:14:30","date_gmt":"2015-09-11T20:14:30","guid":{"rendered":"http:\/\/www.gregorian.ca\/wp\/?page_id=422"},"modified":"2015-09-11T16:15:12","modified_gmt":"2015-09-11T20:15:12","slug":"kalamazoo-2006","status":"publish","type":"page","link":"https:\/\/www.gregorian.ca\/wp\/?page_id=422","title":{"rendered":"Kalamazoo 2006"},"content":{"rendered":"<p>Congr\u00e8s international d&#8217;\u00e9tudes m\u00e9di\u00e9vales &#8211; Kalamazoo 2006 &#8211; International Congress on Medieval Studies<\/p>\n<p><a href=\"https:\/\/www.gregorian.ca\/wp\/wp-content\/uploads\/2015\/09\/5-20-1-gl-gallery-7430.jpg\"><img loading=\"lazy\" decoding=\"async\" class=\"alignnone size-medium wp-image-424\" src=\"https:\/\/www.gregorian.ca\/wp\/wp-content\/uploads\/2015\/09\/5-20-1-gl-gallery-7430-300x225.jpg\" alt=\"5-20-1-gl-gallery-7430\" width=\"300\" height=\"225\" srcset=\"https:\/\/www.gregorian.ca\/wp\/wp-content\/uploads\/2015\/09\/5-20-1-gl-gallery-7430-300x225.jpg 300w, https:\/\/www.gregorian.ca\/wp\/wp-content\/uploads\/2015\/09\/5-20-1-gl-gallery-7430.jpg 800w\" sizes=\"auto, (max-width: 300px) 100vw, 300px\" \/><\/a><\/p>\n<p>De gauche \u00e0 droite\/From left to right : William Oates, Luca Ricossa et\/and William Renwick<\/p>\n","protected":false},"excerpt":{"rendered":"<p>Congr\u00e8s international d&#8217;\u00e9tudes m\u00e9di\u00e9vales &#8211; Kalamazoo 2006 &#8211; International Congress on Medieval Studies De gauche \u00e0 droite\/From left to right : William Oates, Luca Ricossa et\/and William Renwick<\/p>\n","protected":false},"author":1,"featured_media":0,"parent":263,"menu_order":0,"comment_status":"closed","ping_status":"closed","template":"","meta":{"footnotes":""},"class_list":["post-422","page","type-page","status-publish","hentry"],"_links":{"self":[{"href":"https:\/\/www.gregorian.ca\/wp\/index.php?rest_route=\/wp\/v2\/pages\/422","targetHints":{"allow":["GET"]}}],"collection":[{"href":"https:\/\/www.gregorian.ca\/wp\/index.php?rest_route=\/wp\/v2\/pages"}],"about":[{"href":"https:\/\/www.gregorian.ca\/wp\/index.php?rest_route=\/wp\/v2\/types\/page"}],"author":[{"embeddable":true,"href":"https:\/\/www.gregorian.ca\/wp\/index.php?rest_route=\/wp\/v2\/users\/1"}],"replies":[{"embeddable":true,"href":"https:\/\/www.gregorian.ca\/wp\/index.php?rest_route=%2Fwp%2Fv2%2Fcomments&post=422"}],"version-history":[{"count":2,"href":"https:\/\/www.gregorian.ca\/wp\/index.php?rest_route=\/wp\/v2\/pages\/422\/revisions"}],"predecessor-version":[{"id":425,"href":"https:\/\/www.gregorian.ca\/wp\/index.php?rest_route=\/wp\/v2\/pages\/422\/revisions\/425"}],"up":[{"embeddable":true,"href":"https:\/\/www.gregorian.ca\/wp\/index.php?rest_route=\/wp\/v2\/pages\/263"}],"wp:attachment":[{"href":"https:\/\/www.gregorian.ca\/wp\/index.php?rest_route=%2Fwp%2Fv2%2Fmedia&parent=422"}],"curies":[{"name":"wp","href":"https:\/\/api.w.org\/{rel}","templated":true}]}}