{"id":416,"date":"2015-09-11T16:09:45","date_gmt":"2015-09-11T20:09:45","guid":{"rendered":"http:\/\/www.gregorian.ca\/wp\/?page_id=416"},"modified":"2015-09-11T16:11:59","modified_gmt":"2015-09-11T20:11:59","slug":"kalamazoo-2007","status":"publish","type":"page","link":"https:\/\/www.gregorian.ca\/wp\/?page_id=416","title":{"rendered":"Kalamazoo 2007"},"content":{"rendered":"<p>Congr\u00e8s international d&#8217;\u00e9tudes m\u00e9di\u00e9vales &#8211; Kalamazoo 2007 &#8211; International Congress on Medieval Studies<\/p>\n<p><a href=\"https:\/\/www.gregorian.ca\/wp\/wp-content\/uploads\/2015\/09\/5-18-1-gl-gallery-3445.jpg\"><img loading=\"lazy\" decoding=\"async\" class=\"alignnone size-medium wp-image-419\" src=\"https:\/\/www.gregorian.ca\/wp\/wp-content\/uploads\/2015\/09\/5-18-1-gl-gallery-3445-300x210.jpg\" alt=\"5-18-1-gl-gallery-3445\" width=\"300\" height=\"210\" srcset=\"https:\/\/www.gregorian.ca\/wp\/wp-content\/uploads\/2015\/09\/5-18-1-gl-gallery-3445-300x210.jpg 300w, https:\/\/www.gregorian.ca\/wp\/wp-content\/uploads\/2015\/09\/5-18-1-gl-gallery-3445.jpg 378w\" sizes=\"auto, (max-width: 300px) 100vw, 300px\" \/><\/a><\/p>\n<p>V\u00eapres du St-Sacrement &#8211; procession \/ Corpus Christi Vespers &#8211; Procession (1)<\/p>\n<p><a href=\"https:\/\/www.gregorian.ca\/wp\/wp-content\/uploads\/2015\/09\/5-18-1-gl-gallery-4697.jpg\"><img loading=\"lazy\" decoding=\"async\" class=\"alignnone size-medium wp-image-418\" src=\"https:\/\/www.gregorian.ca\/wp\/wp-content\/uploads\/2015\/09\/5-18-1-gl-gallery-4697-300x201.jpg\" alt=\"5-18-1-gl-gallery-4697\" width=\"300\" height=\"201\" srcset=\"https:\/\/www.gregorian.ca\/wp\/wp-content\/uploads\/2015\/09\/5-18-1-gl-gallery-4697-300x201.jpg 300w, https:\/\/www.gregorian.ca\/wp\/wp-content\/uploads\/2015\/09\/5-18-1-gl-gallery-4697.jpg 379w\" sizes=\"auto, (max-width: 300px) 100vw, 300px\" \/><\/a><\/p>\n<p>V\u00eapres du St-Sacrement &#8211; procession \/ Corpus Christi Vespers &#8211; Procession (2)<\/p>\n<p><a href=\"https:\/\/www.gregorian.ca\/wp\/wp-content\/uploads\/2015\/09\/5-18-1-gl-gallery-3196.jpg\"><img loading=\"lazy\" decoding=\"async\" class=\"alignnone size-medium wp-image-420\" src=\"https:\/\/www.gregorian.ca\/wp\/wp-content\/uploads\/2015\/09\/5-18-1-gl-gallery-3196-300x203.jpg\" alt=\"5-18-1-gl-gallery-3196\" width=\"300\" height=\"203\" srcset=\"https:\/\/www.gregorian.ca\/wp\/wp-content\/uploads\/2015\/09\/5-18-1-gl-gallery-3196-300x203.jpg 300w, https:\/\/www.gregorian.ca\/wp\/wp-content\/uploads\/2015\/09\/5-18-1-gl-gallery-3196.jpg 388w\" sizes=\"auto, (max-width: 300px) 100vw, 300px\" \/><\/a><\/p>\n<p>V\u00eapres du St-Sacrement &#8211; procession \/ Corpus Christi Vespers &#8211; Procession (3)<\/p>\n","protected":false},"excerpt":{"rendered":"<p>Congr\u00e8s international d&#8217;\u00e9tudes m\u00e9di\u00e9vales &#8211; Kalamazoo 2007 &#8211; International Congress on Medieval Studies V\u00eapres du St-Sacrement &#8211; procession \/ Corpus Christi Vespers &#8211; Procession (1) V\u00eapres du St-Sacrement &#8211; procession \/ Corpus Christi Vespers &#8211; Procession (2) V\u00eapres du St-Sacrement &#8211; procession \/ Corpus Christi Vespers &#8211; Procession (3)<\/p>\n","protected":false},"author":1,"featured_media":0,"parent":263,"menu_order":0,"comment_status":"closed","ping_status":"closed","template":"","meta":{"footnotes":""},"class_list":["post-416","page","type-page","status-publish","hentry"],"_links":{"self":[{"href":"https:\/\/www.gregorian.ca\/wp\/index.php?rest_route=\/wp\/v2\/pages\/416","targetHints":{"allow":["GET"]}}],"collection":[{"href":"https:\/\/www.gregorian.ca\/wp\/index.php?rest_route=\/wp\/v2\/pages"}],"about":[{"href":"https:\/\/www.gregorian.ca\/wp\/index.php?rest_route=\/wp\/v2\/types\/page"}],"author":[{"embeddable":true,"href":"https:\/\/www.gregorian.ca\/wp\/index.php?rest_route=\/wp\/v2\/users\/1"}],"replies":[{"embeddable":true,"href":"https:\/\/www.gregorian.ca\/wp\/index.php?rest_route=%2Fwp%2Fv2%2Fcomments&post=416"}],"version-history":[{"count":2,"href":"https:\/\/www.gregorian.ca\/wp\/index.php?rest_route=\/wp\/v2\/pages\/416\/revisions"}],"predecessor-version":[{"id":421,"href":"https:\/\/www.gregorian.ca\/wp\/index.php?rest_route=\/wp\/v2\/pages\/416\/revisions\/421"}],"up":[{"embeddable":true,"href":"https:\/\/www.gregorian.ca\/wp\/index.php?rest_route=\/wp\/v2\/pages\/263"}],"wp:attachment":[{"href":"https:\/\/www.gregorian.ca\/wp\/index.php?rest_route=%2Fwp%2Fv2%2Fmedia&parent=416"}],"curies":[{"name":"wp","href":"https:\/\/api.w.org\/{rel}","templated":true}]}}