{"id":402,"date":"2015-09-11T15:58:21","date_gmt":"2015-09-11T19:58:21","guid":{"rendered":"http:\/\/www.gregorian.ca\/wp\/?page_id=402"},"modified":"2015-11-24T16:14:55","modified_gmt":"2015-11-24T21:14:55","slug":"kalamzoo-2012","status":"publish","type":"page","link":"https:\/\/www.gregorian.ca\/wp\/?page_id=402","title":{"rendered":"Kalamzoo 2012"},"content":{"rendered":"<p>Congr\u00e8s international d&#8217;\u00e9tudes m\u00e9di\u00e9vales &#8211; Kalamazoo 2012 &#8211; International Congress on Medieval Studies<\/p>\n<p><a href=\"https:\/\/www.gregorian.ca\/wp\/wp-content\/uploads\/2015\/09\/15-36-1-gl-gallery-2306.jpg\"><img loading=\"lazy\" decoding=\"async\" class=\"alignnone size-medium wp-image-400\" src=\"https:\/\/www.gregorian.ca\/wp\/wp-content\/uploads\/2015\/09\/15-36-1-gl-gallery-2306-300x225.jpg\" alt=\"15-36-1-gl-gallery-2306\" width=\"300\" height=\"225\" srcset=\"https:\/\/www.gregorian.ca\/wp\/wp-content\/uploads\/2015\/09\/15-36-1-gl-gallery-2306-300x225.jpg 300w, https:\/\/www.gregorian.ca\/wp\/wp-content\/uploads\/2015\/09\/15-36-1-gl-gallery-2306.jpg 800w\" sizes=\"auto, (max-width: 300px) 100vw, 300px\" \/><\/a><\/p>\n<p>L&#8217;\u00e9tang du campus \/ Campus Pond<\/p>\n<p><a href=\"https:\/\/www.gregorian.ca\/wp\/wp-content\/uploads\/2015\/09\/15-36-1-gl-gallery-9876.jpg\"><img loading=\"lazy\" decoding=\"async\" class=\"alignnone size-medium wp-image-395\" src=\"https:\/\/www.gregorian.ca\/wp\/wp-content\/uploads\/2015\/09\/15-36-1-gl-gallery-9876-300x225.jpg\" alt=\"15-36-1-gl-gallery-9876\" width=\"300\" height=\"225\" srcset=\"https:\/\/www.gregorian.ca\/wp\/wp-content\/uploads\/2015\/09\/15-36-1-gl-gallery-9876-300x225.jpg 300w, https:\/\/www.gregorian.ca\/wp\/wp-content\/uploads\/2015\/09\/15-36-1-gl-gallery-9876.jpg 800w\" sizes=\"auto, (max-width: 300px) 100vw, 300px\" \/><\/a><\/p>\n<p>R\u00e9p\u00e9tition \/ Rehearsal<\/p>\n<p><a href=\"https:\/\/www.gregorian.ca\/wp\/wp-content\/uploads\/2015\/09\/15-36-1-gl-gallery-9109.jpg\"><img loading=\"lazy\" decoding=\"async\" class=\"alignnone size-medium wp-image-396\" src=\"https:\/\/www.gregorian.ca\/wp\/wp-content\/uploads\/2015\/09\/15-36-1-gl-gallery-9109-300x225.jpg\" alt=\"15-36-1-gl-gallery-9109\" width=\"300\" height=\"225\" srcset=\"https:\/\/www.gregorian.ca\/wp\/wp-content\/uploads\/2015\/09\/15-36-1-gl-gallery-9109-300x225.jpg 300w, https:\/\/www.gregorian.ca\/wp\/wp-content\/uploads\/2015\/09\/15-36-1-gl-gallery-9109.jpg 800w\" sizes=\"auto, (max-width: 300px) 100vw, 300px\" \/><\/a><\/p>\n<p>fr. Innocent Smith, o.p. et Jean-Pierre Noiseux \/ Br. Innocent Smith, o.p. and Jean-Pierre Noiseux<\/p>\n<p><a href=\"https:\/\/www.gregorian.ca\/wp\/wp-content\/uploads\/2015\/09\/15-36-1-gl-gallery-1689.jpg\"><img loading=\"lazy\" decoding=\"async\" class=\"alignnone size-medium wp-image-401\" src=\"https:\/\/www.gregorian.ca\/wp\/wp-content\/uploads\/2015\/09\/15-36-1-gl-gallery-1689-300x225.jpg\" alt=\"15-36-1-gl-gallery-1689\" width=\"300\" height=\"225\" srcset=\"https:\/\/www.gregorian.ca\/wp\/wp-content\/uploads\/2015\/09\/15-36-1-gl-gallery-1689-300x225.jpg 300w, https:\/\/www.gregorian.ca\/wp\/wp-content\/uploads\/2015\/09\/15-36-1-gl-gallery-1689.jpg 800w\" sizes=\"auto, (max-width: 300px) 100vw, 300px\" \/><\/a><\/p>\n<p>Kristin Hoefener et\/and Bibiana Gattozzi<\/p>\n<p><a href=\"https:\/\/www.gregorian.ca\/wp\/wp-content\/uploads\/2015\/09\/15-36-1-gl-gallery-2456.jpg\"><img loading=\"lazy\" decoding=\"async\" class=\"alignnone size-medium wp-image-399\" src=\"https:\/\/www.gregorian.ca\/wp\/wp-content\/uploads\/2015\/09\/15-36-1-gl-gallery-2456-300x225.jpg\" alt=\"15-36-1-gl-gallery-2456\" width=\"300\" height=\"225\" srcset=\"https:\/\/www.gregorian.ca\/wp\/wp-content\/uploads\/2015\/09\/15-36-1-gl-gallery-2456-300x225.jpg 300w, https:\/\/www.gregorian.ca\/wp\/wp-content\/uploads\/2015\/09\/15-36-1-gl-gallery-2456.jpg 800w\" sizes=\"auto, (max-width: 300px) 100vw, 300px\" \/><\/a><\/p>\n<p>William Oates et\/and Alison Alstatt<\/p>\n<p><a href=\"https:\/\/www.gregorian.ca\/wp\/wp-content\/uploads\/2015\/09\/15-36-1-gl-gallery-8461.jpg\"><img loading=\"lazy\" decoding=\"async\" class=\"alignnone size-medium wp-image-397\" src=\"https:\/\/www.gregorian.ca\/wp\/wp-content\/uploads\/2015\/09\/15-36-1-gl-gallery-8461-300x225.jpg\" alt=\"15-36-1-gl-gallery-8461\" width=\"300\" height=\"225\" srcset=\"https:\/\/www.gregorian.ca\/wp\/wp-content\/uploads\/2015\/09\/15-36-1-gl-gallery-8461-300x225.jpg 300w, https:\/\/www.gregorian.ca\/wp\/wp-content\/uploads\/2015\/09\/15-36-1-gl-gallery-8461.jpg 800w\" sizes=\"auto, (max-width: 300px) 100vw, 300px\" \/><\/a><\/p>\n<p>Un souper en ville \/ Downtown for Dinner<\/p>\n<p><a href=\"https:\/\/www.gregorian.ca\/wp\/wp-content\/uploads\/2015\/09\/15-36-1-gl-gallery-4937.jpg\"><img loading=\"lazy\" decoding=\"async\" class=\"alignnone size-medium wp-image-398\" src=\"https:\/\/www.gregorian.ca\/wp\/wp-content\/uploads\/2015\/09\/15-36-1-gl-gallery-4937-300x225.jpg\" alt=\"15-36-1-gl-gallery-4937\" width=\"300\" height=\"225\" srcset=\"https:\/\/www.gregorian.ca\/wp\/wp-content\/uploads\/2015\/09\/15-36-1-gl-gallery-4937-300x225.jpg 300w, https:\/\/www.gregorian.ca\/wp\/wp-content\/uploads\/2015\/09\/15-36-1-gl-gallery-4937.jpg 800w\" sizes=\"auto, (max-width: 300px) 100vw, 300px\" \/><\/a><\/p>\n<p>Choeur ad hoc de l\u00b4IGC \u00e0 Kalamazoo<br \/>\nDe gaughe \u00e0 droite : Fr. Innocent Smith, o.p., Jean-Pierre Noiseux, William Renwick, William Oates, Alison Altstatt, Kristin Hoefener et Bibiana Gattozzi \/<br \/>\nGIC ad hoc choir at Kalamazoo<br \/>\nFrom left to right: Br. Innocent Smith, o.p., Jean-Pierre Noiseux, William Renwick, William Oates, Alison Altstatt, Kristin Hoefener, and Bibiana Gattozzi<\/p>\n","protected":false},"excerpt":{"rendered":"<p>Congr\u00e8s international d&#8217;\u00e9tudes m\u00e9di\u00e9vales &#8211; Kalamazoo 2012 &#8211; International Congress on Medieval Studies L&#8217;\u00e9tang du campus \/ Campus Pond R\u00e9p\u00e9tition \/ Rehearsal fr. Innocent Smith, o.p. et Jean-Pierre Noiseux \/ Br. Innocent Smith, o.p. and Jean-Pierre Noiseux Kristin Hoefener et\/and Bibiana Gattozzi William Oates et\/and Alison Alstatt Un souper en ville \/ Downtown for Dinner &hellip; <a href=\"https:\/\/www.gregorian.ca\/wp\/?page_id=402\" class=\"more-link\">Continue reading <span class=\"screen-reader-text\">Kalamzoo 2012<\/span> <span class=\"meta-nav\">&rarr;<\/span><\/a><\/p>\n","protected":false},"author":1,"featured_media":0,"parent":263,"menu_order":0,"comment_status":"closed","ping_status":"closed","template":"","meta":{"footnotes":""},"class_list":["post-402","page","type-page","status-publish","hentry"],"_links":{"self":[{"href":"https:\/\/www.gregorian.ca\/wp\/index.php?rest_route=\/wp\/v2\/pages\/402","targetHints":{"allow":["GET"]}}],"collection":[{"href":"https:\/\/www.gregorian.ca\/wp\/index.php?rest_route=\/wp\/v2\/pages"}],"about":[{"href":"https:\/\/www.gregorian.ca\/wp\/index.php?rest_route=\/wp\/v2\/types\/page"}],"author":[{"embeddable":true,"href":"https:\/\/www.gregorian.ca\/wp\/index.php?rest_route=\/wp\/v2\/users\/1"}],"replies":[{"embeddable":true,"href":"https:\/\/www.gregorian.ca\/wp\/index.php?rest_route=%2Fwp%2Fv2%2Fcomments&post=402"}],"version-history":[{"count":8,"href":"https:\/\/www.gregorian.ca\/wp\/index.php?rest_route=\/wp\/v2\/pages\/402\/revisions"}],"predecessor-version":[{"id":683,"href":"https:\/\/www.gregorian.ca\/wp\/index.php?rest_route=\/wp\/v2\/pages\/402\/revisions\/683"}],"up":[{"embeddable":true,"href":"https:\/\/www.gregorian.ca\/wp\/index.php?rest_route=\/wp\/v2\/pages\/263"}],"wp:attachment":[{"href":"https:\/\/www.gregorian.ca\/wp\/index.php?rest_route=%2Fwp%2Fv2%2Fmedia&parent=402"}],"curies":[{"name":"wp","href":"https:\/\/api.w.org\/{rel}","templated":true}]}}