{"id":4,"date":"2015-09-10T11:44:54","date_gmt":"2015-09-10T15:44:54","guid":{"rendered":"http:\/\/www.gregorian.ca\/wp\/?page_id=4"},"modified":"2020-02-22T15:12:06","modified_gmt":"2020-02-22T20:12:06","slug":"home-2","status":"publish","type":"page","link":"https:\/\/www.gregorian.ca\/wp\/?page_id=4","title":{"rendered":"Colloque 2020 call for papers"},"content":{"rendered":"\n<figure class=\"wp-block-image size-large\"><img loading=\"lazy\" decoding=\"async\" width=\"612\" height=\"792\" src=\"https:\/\/www.gregorian.ca\/wp\/wp-content\/uploads\/2019\/12\/GIC-2020-Colloquium-Poster.png\" alt=\"\" class=\"wp-image-1775\" srcset=\"https:\/\/www.gregorian.ca\/wp\/wp-content\/uploads\/2019\/12\/GIC-2020-Colloquium-Poster.png 612w, https:\/\/www.gregorian.ca\/wp\/wp-content\/uploads\/2019\/12\/GIC-2020-Colloquium-Poster-232x300.png 232w\" sizes=\"auto, (max-width: 612px) 100vw, 612px\" \/><\/figure>\n\n\n\n<p><\/p>\n\n\n\n<h4 class=\"wp-block-heading\">15e Colloque annuel de l\u2019Institut gr\u00e9gorien du Canada<br>9 au 12 Juillet<\/h4>\n\n\n\n<h4 class=\"wp-block-heading\"><strong>15th Annual Colloquium of the Gregorian Institute of Canada<br>July 9-12, 2020 <\/strong><\/h4>\n\n\n\n<p>Call for Papers<\/p>\n\n\n\n<p>CHANT ALIVE!<\/p>\n\n\n\n<p>Approaches to Chant\nPerformance<\/p>\n\n\n\n<p>St. Augustine&#8217;s\nSeminary of Toronto<\/p>\n\n\n\n<p>The Gregorian\nInstitute of Canada is dedicated to strengthening and sustaining the\nvital connection between chant studies and chant singing. The\nperformance of chant is not simply a musical replica of a tradition\nlargely lost to the Middle Ages \u2013 a variant of the \u2018Historically\nInformed Performance\u2019 movement \u2013 but actively involves current\nideas in Theology, History, Paleography, and Sociology and must\nremain so to be relevant today. Our special guest, Marcel P\u00e9r\u00e8s,\nhas spent his life championing this close connection between research\nand performance through his Ensemble Organum, founded in 1982. In\n2001, he founded CIRMA, the Centre itin\u00e9rant de recherche sur les\nmusiques anciennes, in Moissac, France. His recordings with Ensemble\nOrganum have attracted much attention and great acclaim for their\ncompelling and fresh interpretations of ancient music, based on new\nresearch. We celebrate his presence with us by inviting scholars and\nliturgical musicians to speak about how the performance of chant fits\nwithin the scope of their own work.<\/p>\n\n\n\n<p>Please send a\n250-word abstract to the program committee at chant@gregorian.ca.\nAbstracts may be sent (and papers presented) in either English or\nFrench. Conference papers will be limited to 30 minutes, followed by\na 10-minute discussion period.<\/p>\n\n\n\n<p>The deadline for\nproposals is Monday, Feb. 3, 2020.<\/p>\n\n\n\n<p>For further information, registration, and conference updates, please visit the Gregorian Institute of Canada website at www.gregorian.ca.<\/p>\n\n\n\n<p>Appel \u00e0 communications<\/p>\n\n\n\n<p>LE GR\u00c9GORIEN TOUJOURS VIVANT !<br>Consid\u00e9rations sur l&#8217;interpr\u00e9tation du chant gr\u00e9gorien.<\/p>\n\n\n\n<p>Une conf\u00e9rence organis\u00e9e par l&#8217;Institut gr\u00e9gorien du Canada<\/p>\n\n\n\n<p>Toronto, Canada<br>S\u00e9minaire St. Augustin \u00e0 Toronto<\/p>\n\n\n\n<p>L&#8217;Institut gr\u00e9gorien du Canada se consacre \u00e0 renforcer et \u00e0 maintenir le lien vital entre l&#8217;\u00e9tude et l&#8217;ex\u00e9cution du chant gr\u00e9gorien. Il s&#8217;agit non seulement de respecter la tradition dans l&#8217;ex\u00e9cution du chant, tradition qui en grande partie demeure un secret du Moyen-\u00c2ge, une variante du Historically Informed Performance mais aussi de tenir compte des id\u00e9es les plus r\u00e9centes en mati\u00e8re de th\u00e9ologie, d&#8217;histoire, de pal\u00e9ographie et de sociologie, afin que l&#8217;interpr\u00e9tation du chant gr\u00e9gorien demeure vivante et pertinente. Notre invit\u00e9 sp\u00e9cial, Marcel P\u00e9r\u00e8s s&#8217;est fait le champion du travail de recherche reli\u00e9 \u00e0 l&#8217;interpr\u00e9tation avec l&#8217;ensemble Organum fond\u00e9 en 1982. En 2001, il a aussi fond\u00e9 le Centre itin\u00e9rant de recherche sur les musiques anciennes (CIRMA) \u00e0 Moissac en France. Ses enregistrements avec l&#8217;ensemble Organum ont \u00e9t\u00e9 acclam\u00e9s pour une approche novatrice \u00e0 la musique ancienne bas\u00e9e sur les recherches les plus r\u00e9centes. \u00c0 l&#8217;occasion de la venue de Marcel P\u00e9r\u00e8s parmi nous, nous invitons les chercheurs et les musiciens liturgiques \u00e0 partager les r\u00e9sultats de leurs travaux et leurs id\u00e9es sur l&#8217;interpr\u00e9tation&nbsp; du chant gr\u00e9gorien.<\/p>\n\n\n\n<p>Pri\u00e8re de faire parvenir le r\u00e9sum\u00e9 analytique de 250 mots au comit\u00e9 de la programmation:&nbsp;<a rel=\"noreferrer noopener\" href=\"mailto:chant@gregorian.ca\" target=\"_blank\">chant@gregorian.ca<\/a>&lt;mailto:<a rel=\"noreferrer noopener\" href=\"mailto:chant@gregorian.ca\" target=\"_blank\">chant@gregorian.ca<\/a>&gt;. Les communications peuvent \u00eatre faites en anglais ou en fran\u00e7ais et ne devront pas d\u00e9passer 30 minutes, suivies d&#8217;une p\u00e9riode de questions de 10 minutes.<\/p>\n\n\n\n<p>Les r\u00e9sum\u00e9s doivent \u00eatre soumis d&#8217;ici le 3 f\u00e9vrier, 2020.<\/p>\n\n\n\n<p>Pour plus de renseignements, veuillez consulter le site web de l&#8217;Institut<br>gr\u00e9gorien du Canada:&nbsp;<a href=\"http:\/\/www.gregorian.ca\/\" rel=\"noreferrer noopener\" target=\"_blank\">www.gregorian.ca<\/a>&lt;<a href=\"http:\/\/www.gregorian.ca\/\" rel=\"noreferrer noopener\" target=\"_blank\">http:\/\/www.gregorian.ca<\/a>&gt;.<\/p>\n","protected":false},"excerpt":{"rendered":"<p>15e Colloque annuel de l\u2019Institut gr\u00e9gorien du Canada9 au 12 Juillet 15th Annual Colloquium of the Gregorian Institute of CanadaJuly 9-12, 2020 Call for Papers CHANT ALIVE! Approaches to Chant Performance St. Augustine&#8217;s Seminary of Toronto The Gregorian Institute of Canada is dedicated to strengthening and sustaining the vital connection between chant studies and chant &hellip; <a href=\"https:\/\/www.gregorian.ca\/wp\/?page_id=4\" class=\"more-link\">Continue reading <span class=\"screen-reader-text\">Colloque 2020 call for papers<\/span> <span class=\"meta-nav\">&rarr;<\/span><\/a><\/p>\n","protected":false},"author":1,"featured_media":0,"parent":62,"menu_order":0,"comment_status":"closed","ping_status":"closed","template":"","meta":{"footnotes":""},"class_list":["post-4","page","type-page","status-publish","hentry"],"_links":{"self":[{"href":"https:\/\/www.gregorian.ca\/wp\/index.php?rest_route=\/wp\/v2\/pages\/4","targetHints":{"allow":["GET"]}}],"collection":[{"href":"https:\/\/www.gregorian.ca\/wp\/index.php?rest_route=\/wp\/v2\/pages"}],"about":[{"href":"https:\/\/www.gregorian.ca\/wp\/index.php?rest_route=\/wp\/v2\/types\/page"}],"author":[{"embeddable":true,"href":"https:\/\/www.gregorian.ca\/wp\/index.php?rest_route=\/wp\/v2\/users\/1"}],"replies":[{"embeddable":true,"href":"https:\/\/www.gregorian.ca\/wp\/index.php?rest_route=%2Fwp%2Fv2%2Fcomments&post=4"}],"version-history":[{"count":38,"href":"https:\/\/www.gregorian.ca\/wp\/index.php?rest_route=\/wp\/v2\/pages\/4\/revisions"}],"predecessor-version":[{"id":1948,"href":"https:\/\/www.gregorian.ca\/wp\/index.php?rest_route=\/wp\/v2\/pages\/4\/revisions\/1948"}],"up":[{"embeddable":true,"href":"https:\/\/www.gregorian.ca\/wp\/index.php?rest_route=\/wp\/v2\/pages\/62"}],"wp:attachment":[{"href":"https:\/\/www.gregorian.ca\/wp\/index.php?rest_route=%2Fwp%2Fv2%2Fmedia&parent=4"}],"curies":[{"name":"wp","href":"https:\/\/api.w.org\/{rel}","templated":true}]}}