{"id":369,"date":"2015-09-11T11:37:24","date_gmt":"2015-09-11T15:37:24","guid":{"rendered":"http:\/\/www.gregorian.ca\/wp\/?page_id=369"},"modified":"2015-11-24T16:07:38","modified_gmt":"2015-11-24T21:07:38","slug":"colloquium-2008-saint-benoit-du-lac-colloquium","status":"publish","type":"page","link":"https:\/\/www.gregorian.ca\/wp\/?page_id=369","title":{"rendered":"Colloque 2008 &#8211; Saint-Beno\u00eet-du-Lac Colloquium"},"content":{"rendered":"<p><a href=\"https:\/\/www.gregorian.ca\/wp\/wp-content\/uploads\/2015\/09\/5-13-1-gl-gallery-8228.jpg\"><img loading=\"lazy\" decoding=\"async\" class=\"alignnone size-medium wp-image-373\" src=\"https:\/\/www.gregorian.ca\/wp\/wp-content\/uploads\/2015\/09\/5-13-1-gl-gallery-8228-300x225.jpg\" alt=\"5-13-1-gl-gallery-8228\" width=\"300\" height=\"225\" srcset=\"https:\/\/www.gregorian.ca\/wp\/wp-content\/uploads\/2015\/09\/5-13-1-gl-gallery-8228-300x225.jpg 300w, https:\/\/www.gregorian.ca\/wp\/wp-content\/uploads\/2015\/09\/5-13-1-gl-gallery-8228.jpg 800w\" sizes=\"auto, (max-width: 300px) 100vw, 300px\" \/><\/a><\/p>\n<p>St-Beno\u00eet-du-Lac Abbey \/ L&#8217;Abbaye Saint-Beno\u00eet-du-Lac (QC)<\/p>\n<p><a href=\"https:\/\/www.gregorian.ca\/wp\/wp-content\/uploads\/2015\/09\/5-13-1-gl-gallery-9091.jpg\"><img loading=\"lazy\" decoding=\"async\" class=\"alignnone size-medium wp-image-371\" src=\"https:\/\/www.gregorian.ca\/wp\/wp-content\/uploads\/2015\/09\/5-13-1-gl-gallery-9091-300x225.jpg\" alt=\"5-13-1-gl-gallery-9091\" width=\"300\" height=\"225\" srcset=\"https:\/\/www.gregorian.ca\/wp\/wp-content\/uploads\/2015\/09\/5-13-1-gl-gallery-9091-300x225.jpg 300w, https:\/\/www.gregorian.ca\/wp\/wp-content\/uploads\/2015\/09\/5-13-1-gl-gallery-9091.jpg 800w\" sizes=\"auto, (max-width: 300px) 100vw, 300px\" \/><\/a><\/p>\n<p>Church entry \/ Entr\u00e9e de l&#8217;\u00e9glise abbatiale<\/p>\n<p><a href=\"https:\/\/www.gregorian.ca\/wp\/wp-content\/uploads\/2015\/09\/5-13-1-gl-gallery-5091.jpg\"><img loading=\"lazy\" decoding=\"async\" class=\"alignnone size-medium wp-image-376\" src=\"https:\/\/www.gregorian.ca\/wp\/wp-content\/uploads\/2015\/09\/5-13-1-gl-gallery-5091-300x225.jpg\" alt=\"5-13-1-gl-gallery-5091\" width=\"300\" height=\"225\" srcset=\"https:\/\/www.gregorian.ca\/wp\/wp-content\/uploads\/2015\/09\/5-13-1-gl-gallery-5091-300x225.jpg 300w, https:\/\/www.gregorian.ca\/wp\/wp-content\/uploads\/2015\/09\/5-13-1-gl-gallery-5091.jpg 800w\" sizes=\"auto, (max-width: 300px) 100vw, 300px\" \/><\/a><\/p>\n<p>Dom Richard Gagn\u00e9 giving a lecture \/ Conf\u00e9rence de Dom Richard Gagn\u00e9<\/p>\n<p><a href=\"https:\/\/www.gregorian.ca\/wp\/wp-content\/uploads\/2015\/09\/5-13-1-gl-gallery-8281.jpg\"><img loading=\"lazy\" decoding=\"async\" class=\"alignnone size-medium wp-image-372\" src=\"https:\/\/www.gregorian.ca\/wp\/wp-content\/uploads\/2015\/09\/5-13-1-gl-gallery-8281-300x225.jpg\" alt=\"5-13-1-gl-gallery-8281\" width=\"300\" height=\"225\" srcset=\"https:\/\/www.gregorian.ca\/wp\/wp-content\/uploads\/2015\/09\/5-13-1-gl-gallery-8281-300x225.jpg 300w, https:\/\/www.gregorian.ca\/wp\/wp-content\/uploads\/2015\/09\/5-13-1-gl-gallery-8281.jpg 800w\" sizes=\"auto, (max-width: 300px) 100vw, 300px\" \/><\/a><\/p>\n<p>Participant listening carefully \/ Un auditeur attentif<\/p>\n<p><a href=\"https:\/\/www.gregorian.ca\/wp\/wp-content\/uploads\/2015\/09\/5-13-1-gl-gallery-5414.jpg\"><img loading=\"lazy\" decoding=\"async\" class=\"alignnone size-medium wp-image-375\" src=\"https:\/\/www.gregorian.ca\/wp\/wp-content\/uploads\/2015\/09\/5-13-1-gl-gallery-5414-300x225.jpg\" alt=\"5-13-1-gl-gallery-5414\" width=\"300\" height=\"225\" srcset=\"https:\/\/www.gregorian.ca\/wp\/wp-content\/uploads\/2015\/09\/5-13-1-gl-gallery-5414-300x225.jpg 300w, https:\/\/www.gregorian.ca\/wp\/wp-content\/uploads\/2015\/09\/5-13-1-gl-gallery-5414.jpg 800w\" sizes=\"auto, (max-width: 300px) 100vw, 300px\" \/><\/a><\/p>\n<p>Workshop for beginners \/ Atelier pour d\u00e9butants<\/p>\n<p><a href=\"https:\/\/www.gregorian.ca\/wp\/wp-content\/uploads\/2015\/09\/5-13-1-gl-gallery-1732.jpg\"><img loading=\"lazy\" decoding=\"async\" class=\"alignnone size-medium wp-image-377\" src=\"https:\/\/www.gregorian.ca\/wp\/wp-content\/uploads\/2015\/09\/5-13-1-gl-gallery-1732-300x225.jpg\" alt=\"5-13-1-gl-gallery-1732\" width=\"300\" height=\"225\" srcset=\"https:\/\/www.gregorian.ca\/wp\/wp-content\/uploads\/2015\/09\/5-13-1-gl-gallery-1732-300x225.jpg 300w, https:\/\/www.gregorian.ca\/wp\/wp-content\/uploads\/2015\/09\/5-13-1-gl-gallery-1732.jpg 800w\" sizes=\"auto, (max-width: 300px) 100vw, 300px\" \/><\/a><\/p>\n<p>Saguenay&#8217;s Una Voce Choir in concert \/ Le Choeur Una Voce de Saguenay en concert<\/p>\n<p><a href=\"https:\/\/www.gregorian.ca\/wp\/wp-content\/uploads\/2015\/09\/5-13-1-gl-gallery-1662.jpg\"><img loading=\"lazy\" decoding=\"async\" class=\"alignnone size-medium wp-image-378\" src=\"https:\/\/www.gregorian.ca\/wp\/wp-content\/uploads\/2015\/09\/5-13-1-gl-gallery-1662-300x225.jpg\" alt=\"5-13-1-gl-gallery-1662\" width=\"300\" height=\"225\" srcset=\"https:\/\/www.gregorian.ca\/wp\/wp-content\/uploads\/2015\/09\/5-13-1-gl-gallery-1662-300x225.jpg 300w, https:\/\/www.gregorian.ca\/wp\/wp-content\/uploads\/2015\/09\/5-13-1-gl-gallery-1662.jpg 800w\" sizes=\"auto, (max-width: 300px) 100vw, 300px\" \/><\/a><\/p>\n<p>Gregorian Choir of Sherbrooke in concert \/ Le Choeur gr\u00e9gorien de Sherbrooke en concert<\/p>\n<p><a href=\"https:\/\/www.gregorian.ca\/wp\/wp-content\/uploads\/2015\/09\/5-13-1-gl-gallery-6468.jpg\"><img loading=\"lazy\" decoding=\"async\" class=\"alignnone size-medium wp-image-374\" src=\"https:\/\/www.gregorian.ca\/wp\/wp-content\/uploads\/2015\/09\/5-13-1-gl-gallery-6468-300x152.jpg\" alt=\"5-13-1-gl-gallery-6468\" width=\"300\" height=\"152\" srcset=\"https:\/\/www.gregorian.ca\/wp\/wp-content\/uploads\/2015\/09\/5-13-1-gl-gallery-6468-300x152.jpg 300w, https:\/\/www.gregorian.ca\/wp\/wp-content\/uploads\/2015\/09\/5-13-1-gl-gallery-6468.jpg 800w\" sizes=\"auto, (max-width: 300px) 100vw, 300px\" \/><\/a><\/p>\n<p>Dom Gagn\u00e9 conducting the GIC Choir \/ Dom Gagn\u00e9 dirige l&#8217;ensemble des participants<\/p>\n","protected":false},"excerpt":{"rendered":"<p>St-Beno\u00eet-du-Lac Abbey \/ L&#8217;Abbaye Saint-Beno\u00eet-du-Lac (QC) Church entry \/ Entr\u00e9e de l&#8217;\u00e9glise abbatiale Dom Richard Gagn\u00e9 giving a lecture \/ Conf\u00e9rence de Dom Richard Gagn\u00e9 Participant listening carefully \/ Un auditeur attentif Workshop for beginners \/ Atelier pour d\u00e9butants Saguenay&#8217;s Una Voce Choir in concert \/ Le Choeur Una Voce de Saguenay en concert Gregorian &hellip; <a href=\"https:\/\/www.gregorian.ca\/wp\/?page_id=369\" class=\"more-link\">Continue reading <span class=\"screen-reader-text\">Colloque 2008 &#8211; Saint-Beno\u00eet-du-Lac Colloquium<\/span> <span class=\"meta-nav\">&rarr;<\/span><\/a><\/p>\n","protected":false},"author":1,"featured_media":0,"parent":263,"menu_order":0,"comment_status":"closed","ping_status":"closed","template":"","meta":{"footnotes":""},"class_list":["post-369","page","type-page","status-publish","hentry"],"_links":{"self":[{"href":"https:\/\/www.gregorian.ca\/wp\/index.php?rest_route=\/wp\/v2\/pages\/369","targetHints":{"allow":["GET"]}}],"collection":[{"href":"https:\/\/www.gregorian.ca\/wp\/index.php?rest_route=\/wp\/v2\/pages"}],"about":[{"href":"https:\/\/www.gregorian.ca\/wp\/index.php?rest_route=\/wp\/v2\/types\/page"}],"author":[{"embeddable":true,"href":"https:\/\/www.gregorian.ca\/wp\/index.php?rest_route=\/wp\/v2\/users\/1"}],"replies":[{"embeddable":true,"href":"https:\/\/www.gregorian.ca\/wp\/index.php?rest_route=%2Fwp%2Fv2%2Fcomments&post=369"}],"version-history":[{"count":4,"href":"https:\/\/www.gregorian.ca\/wp\/index.php?rest_route=\/wp\/v2\/pages\/369\/revisions"}],"predecessor-version":[{"id":676,"href":"https:\/\/www.gregorian.ca\/wp\/index.php?rest_route=\/wp\/v2\/pages\/369\/revisions\/676"}],"up":[{"embeddable":true,"href":"https:\/\/www.gregorian.ca\/wp\/index.php?rest_route=\/wp\/v2\/pages\/263"}],"wp:attachment":[{"href":"https:\/\/www.gregorian.ca\/wp\/index.php?rest_route=%2Fwp%2Fv2%2Fmedia&parent=369"}],"curies":[{"name":"wp","href":"https:\/\/api.w.org\/{rel}","templated":true}]}}