{"id":270,"date":"2015-09-11T09:10:17","date_gmt":"2015-09-11T13:10:17","guid":{"rendered":"http:\/\/www.gregorian.ca\/wp\/?page_id=270"},"modified":"2015-11-24T16:12:03","modified_gmt":"2015-11-24T21:12:03","slug":"colloquium-2013","status":"publish","type":"page","link":"https:\/\/www.gregorian.ca\/wp\/?page_id=270","title":{"rendered":"Colloque 2013 &#8211; Vancouver Colloquium"},"content":{"rendered":"<p><a href=\"https:\/\/www.gregorian.ca\/wp\/wp-content\/uploads\/2015\/09\/5-36-1-gl-gallery-4483.jpg\"><img loading=\"lazy\" decoding=\"async\" class=\"alignnone size-medium wp-image-291\" src=\"https:\/\/www.gregorian.ca\/wp\/wp-content\/uploads\/2015\/09\/5-36-1-gl-gallery-4483-193x300.jpg\" alt=\"5-36-1-gl-gallery-4483\" width=\"193\" height=\"300\" srcset=\"https:\/\/www.gregorian.ca\/wp\/wp-content\/uploads\/2015\/09\/5-36-1-gl-gallery-4483-193x300.jpg 193w, https:\/\/www.gregorian.ca\/wp\/wp-content\/uploads\/2015\/09\/5-36-1-gl-gallery-4483.jpg 514w\" sizes=\"auto, (max-width: 193px) 100vw, 193px\" \/><\/a><\/p>\n<p>Beffroi de la chapelle St. Mark\u2032s\/Belfrey of St. Mark\u2032s Chapel (photo: J.P. Noiseux)<\/p>\n<p><a href=\"https:\/\/www.gregorian.ca\/wp\/wp-content\/uploads\/2015\/09\/5-36-1-gl-gallery-3510.jpg\"><img loading=\"lazy\" decoding=\"async\" class=\"alignnone size-medium wp-image-294\" src=\"https:\/\/www.gregorian.ca\/wp\/wp-content\/uploads\/2015\/09\/5-36-1-gl-gallery-3510-300x225.jpg\" alt=\"5-36-1-gl-gallery-3510\" width=\"300\" height=\"225\" srcset=\"https:\/\/www.gregorian.ca\/wp\/wp-content\/uploads\/2015\/09\/5-36-1-gl-gallery-3510-300x225.jpg 300w, https:\/\/www.gregorian.ca\/wp\/wp-content\/uploads\/2015\/09\/5-36-1-gl-gallery-3510.jpg 800w\" sizes=\"auto, (max-width: 300px) 100vw, 300px\" \/><\/a><\/p>\n<p>Chapelle St. Mark\u2032s\/St. Mark\u2032s Chapel (photo: J.P. Noiseux)<\/p>\n<p><a href=\"https:\/\/www.gregorian.ca\/wp\/wp-content\/uploads\/2015\/09\/5-36-1-gl-gallery-5676.jpg\"><img loading=\"lazy\" decoding=\"async\" class=\"alignnone size-medium wp-image-295\" src=\"https:\/\/www.gregorian.ca\/wp\/wp-content\/uploads\/2015\/09\/5-36-1-gl-gallery-5676-300x225.jpg\" alt=\"5-36-1-gl-gallery-5676\" width=\"300\" height=\"225\" srcset=\"https:\/\/www.gregorian.ca\/wp\/wp-content\/uploads\/2015\/09\/5-36-1-gl-gallery-5676-300x225.jpg 300w, https:\/\/www.gregorian.ca\/wp\/wp-content\/uploads\/2015\/09\/5-36-1-gl-gallery-5676.jpg 800w\" sizes=\"auto, (max-width: 300px) 100vw, 300px\" \/><\/a><\/p>\n<p>Arriv\u00e9e \u00e0 Carey Centre\/Arrival at Carey Centre (photo: J.P. Noiseux)<\/p>\n<p><a href=\"https:\/\/www.gregorian.ca\/wp\/wp-content\/uploads\/2015\/09\/5-36-1-gl-gallery-8825.jpg\"><img loading=\"lazy\" decoding=\"async\" class=\"alignnone size-medium wp-image-305\" src=\"https:\/\/www.gregorian.ca\/wp\/wp-content\/uploads\/2015\/09\/5-36-1-gl-gallery-8825-300x225.jpg\" alt=\"5-36-1-gl-gallery-8825\" width=\"300\" height=\"225\" srcset=\"https:\/\/www.gregorian.ca\/wp\/wp-content\/uploads\/2015\/09\/5-36-1-gl-gallery-8825-300x225.jpg 300w, https:\/\/www.gregorian.ca\/wp\/wp-content\/uploads\/2015\/09\/5-36-1-gl-gallery-8825.jpg 800w\" sizes=\"auto, (max-width: 300px) 100vw, 300px\" \/><\/a><\/p>\n<p>Petit-d\u00e9jeuner \u00e0 Carey Centre\/Breakfast at Carey Centre (photo: J.P. Noiseux)<\/p>\n<p><a href=\"https:\/\/www.gregorian.ca\/wp\/wp-content\/uploads\/2015\/09\/5-36-1-gl-gallery-9095.jpg\"><img loading=\"lazy\" decoding=\"async\" class=\"alignnone size-medium wp-image-296\" src=\"https:\/\/www.gregorian.ca\/wp\/wp-content\/uploads\/2015\/09\/5-36-1-gl-gallery-9095-200x300.jpg\" alt=\"5-36-1-gl-gallery-9095\" width=\"200\" height=\"300\" srcset=\"https:\/\/www.gregorian.ca\/wp\/wp-content\/uploads\/2015\/09\/5-36-1-gl-gallery-9095-200x300.jpg 200w, https:\/\/www.gregorian.ca\/wp\/wp-content\/uploads\/2015\/09\/5-36-1-gl-gallery-9095.jpg 532w\" sizes=\"auto, (max-width: 200px) 100vw, 200px\" \/><\/a><\/p>\n<p>William Mahrt (photo: E. Kreider)<\/p>\n<p><a href=\"https:\/\/www.gregorian.ca\/wp\/wp-content\/uploads\/2015\/09\/5-36-1-gl-gallery-1605.jpg\"><img loading=\"lazy\" decoding=\"async\" class=\"alignnone size-medium wp-image-298\" src=\"https:\/\/www.gregorian.ca\/wp\/wp-content\/uploads\/2015\/09\/5-36-1-gl-gallery-1605-300x269.jpg\" alt=\"5-36-1-gl-gallery-1605\" width=\"300\" height=\"269\" srcset=\"https:\/\/www.gregorian.ca\/wp\/wp-content\/uploads\/2015\/09\/5-36-1-gl-gallery-1605-300x269.jpg 300w, https:\/\/www.gregorian.ca\/wp\/wp-content\/uploads\/2015\/09\/5-36-1-gl-gallery-1605.jpg 800w\" sizes=\"auto, (max-width: 300px) 100vw, 300px\" \/><\/a><\/p>\n<p>Barbara Swanson (photo: V. Chen)<\/p>\n<p><a href=\"https:\/\/www.gregorian.ca\/wp\/wp-content\/uploads\/2015\/09\/5-36-1-gl-gallery-4408.jpg\"><img loading=\"lazy\" decoding=\"async\" class=\"alignnone size-medium wp-image-299\" src=\"https:\/\/www.gregorian.ca\/wp\/wp-content\/uploads\/2015\/09\/5-36-1-gl-gallery-4408-239x300.jpg\" alt=\"5-36-1-gl-gallery-4408\" width=\"239\" height=\"300\" srcset=\"https:\/\/www.gregorian.ca\/wp\/wp-content\/uploads\/2015\/09\/5-36-1-gl-gallery-4408-239x300.jpg 239w, https:\/\/www.gregorian.ca\/wp\/wp-content\/uploads\/2015\/09\/5-36-1-gl-gallery-4408.jpg 638w\" sizes=\"auto, (max-width: 239px) 100vw, 239px\" \/><\/a><\/p>\n<p>Janet Youngdahl (photo: V. Chen)<\/p>\n<p><a href=\"https:\/\/www.gregorian.ca\/wp\/wp-content\/uploads\/2015\/09\/5-36-1-gl-gallery-2083.jpg\"><img loading=\"lazy\" decoding=\"async\" class=\"alignnone size-medium wp-image-289\" src=\"https:\/\/www.gregorian.ca\/wp\/wp-content\/uploads\/2015\/09\/5-36-1-gl-gallery-2083-249x300.jpg\" alt=\"5-36-1-gl-gallery-2083\" width=\"249\" height=\"300\" srcset=\"https:\/\/www.gregorian.ca\/wp\/wp-content\/uploads\/2015\/09\/5-36-1-gl-gallery-2083-249x300.jpg 249w, https:\/\/www.gregorian.ca\/wp\/wp-content\/uploads\/2015\/09\/5-36-1-gl-gallery-2083.jpg 663w\" sizes=\"auto, (max-width: 249px) 100vw, 249px\" \/><\/a><\/p>\n<p>View from 8th floor of Buchanan Tower (photo: V. Chen)<\/p>\n<p><a href=\"https:\/\/www.gregorian.ca\/wp\/wp-content\/uploads\/2015\/09\/5-36-1-gl-gallery-4817.jpg\"><img loading=\"lazy\" decoding=\"async\" class=\"alignnone size-medium wp-image-302\" src=\"https:\/\/www.gregorian.ca\/wp\/wp-content\/uploads\/2015\/09\/5-36-1-gl-gallery-4817-300x204.jpg\" alt=\"5-36-1-gl-gallery-4817\" width=\"300\" height=\"204\" srcset=\"https:\/\/www.gregorian.ca\/wp\/wp-content\/uploads\/2015\/09\/5-36-1-gl-gallery-4817-300x204.jpg 300w, https:\/\/www.gregorian.ca\/wp\/wp-content\/uploads\/2015\/09\/5-36-1-gl-gallery-4817.jpg 800w\" sizes=\"auto, (max-width: 300px) 100vw, 300px\" \/><\/a><\/p>\n<p>J.P. Noiseux and William Mahrt (photo: V. Chen)<\/p>\n<p><a href=\"https:\/\/www.gregorian.ca\/wp\/wp-content\/uploads\/2015\/09\/5-36-1-gl-gallery-9563.jpg\"><img loading=\"lazy\" decoding=\"async\" class=\"alignnone size-medium wp-image-306\" src=\"https:\/\/www.gregorian.ca\/wp\/wp-content\/uploads\/2015\/09\/5-36-1-gl-gallery-9563-300x134.jpg\" alt=\"5-36-1-gl-gallery-9563\" width=\"300\" height=\"134\" srcset=\"https:\/\/www.gregorian.ca\/wp\/wp-content\/uploads\/2015\/09\/5-36-1-gl-gallery-9563-300x134.jpg 300w, https:\/\/www.gregorian.ca\/wp\/wp-content\/uploads\/2015\/09\/5-36-1-gl-gallery-9563-604x270.jpg 604w, https:\/\/www.gregorian.ca\/wp\/wp-content\/uploads\/2015\/09\/5-36-1-gl-gallery-9563.jpg 800w\" sizes=\"auto, (max-width: 300px) 100vw, 300px\" \/><\/a><\/p>\n<p>Conf\u00e9rence pl\u00e9ni\u00e8re de William Mahrt\/William Mahrt\u2032s keynote address (photo: E. Kreider)<\/p>\n<p><a href=\"https:\/\/www.gregorian.ca\/wp\/wp-content\/uploads\/2015\/09\/5-36-1-gl-gallery-7959.jpg\"><img loading=\"lazy\" decoding=\"async\" class=\"alignnone size-medium wp-image-303\" src=\"https:\/\/www.gregorian.ca\/wp\/wp-content\/uploads\/2015\/09\/5-36-1-gl-gallery-7959-300x99.jpg\" alt=\"5-36-1-gl-gallery-7959\" width=\"300\" height=\"99\" srcset=\"https:\/\/www.gregorian.ca\/wp\/wp-content\/uploads\/2015\/09\/5-36-1-gl-gallery-7959-300x99.jpg 300w, https:\/\/www.gregorian.ca\/wp\/wp-content\/uploads\/2015\/09\/5-36-1-gl-gallery-7959.jpg 800w\" sizes=\"auto, (max-width: 300px) 100vw, 300px\" \/><\/a><\/p>\n<p>Assistance \u00e0 la conf\u00e9rence pl\u00e9ni\u00e8re de W. Mahrt\/Attendance to W. Mahrt\u2032s keynote address (photo: E. Kreider)<\/p>\n<p><a href=\"https:\/\/www.gregorian.ca\/wp\/wp-content\/uploads\/2015\/09\/5-36-1-gl-gallery-9120.jpg\"><img loading=\"lazy\" decoding=\"async\" class=\"alignnone size-medium wp-image-308\" src=\"https:\/\/www.gregorian.ca\/wp\/wp-content\/uploads\/2015\/09\/5-36-1-gl-gallery-9120-300x255.jpg\" alt=\"5-36-1-gl-gallery-9120\" width=\"300\" height=\"255\" srcset=\"https:\/\/www.gregorian.ca\/wp\/wp-content\/uploads\/2015\/09\/5-36-1-gl-gallery-9120-300x255.jpg 300w, https:\/\/www.gregorian.ca\/wp\/wp-content\/uploads\/2015\/09\/5-36-1-gl-gallery-9120.jpg 800w\" sizes=\"auto, (max-width: 300px) 100vw, 300px\" \/><\/a><\/p>\n<p>Un groupe de participants\/Group of participants (photo: J.P. Noiseux)<\/p>\n<p><a href=\"https:\/\/www.gregorian.ca\/wp\/wp-content\/uploads\/2015\/09\/5-36-1-gl-gallery-4474.jpg\"><img loading=\"lazy\" decoding=\"async\" class=\"alignnone size-medium wp-image-300\" src=\"https:\/\/www.gregorian.ca\/wp\/wp-content\/uploads\/2015\/09\/5-36-1-gl-gallery-4474-225x300.jpg\" alt=\"5-36-1-gl-gallery-4474\" width=\"225\" height=\"300\" srcset=\"https:\/\/www.gregorian.ca\/wp\/wp-content\/uploads\/2015\/09\/5-36-1-gl-gallery-4474-225x300.jpg 225w, https:\/\/www.gregorian.ca\/wp\/wp-content\/uploads\/2015\/09\/5-36-1-gl-gallery-4474.jpg 600w\" sizes=\"auto, (max-width: 225px) 100vw, 225px\" \/><\/a><\/p>\n<p>Coucher de soleil sur Burrard Inlet\/Sunset on Burrard Inlet (photo: V. Chen)<\/p>\n","protected":false},"excerpt":{"rendered":"<p>Beffroi de la chapelle St. Mark\u2032s\/Belfrey of St. Mark\u2032s Chapel (photo: J.P. Noiseux) Chapelle St. Mark\u2032s\/St. Mark\u2032s Chapel (photo: J.P. Noiseux) Arriv\u00e9e \u00e0 Carey Centre\/Arrival at Carey Centre (photo: J.P. Noiseux) Petit-d\u00e9jeuner \u00e0 Carey Centre\/Breakfast at Carey Centre (photo: J.P. Noiseux) William Mahrt (photo: E. Kreider) Barbara Swanson (photo: V. Chen) Janet Youngdahl (photo: V. &hellip; <a href=\"https:\/\/www.gregorian.ca\/wp\/?page_id=270\" class=\"more-link\">Continue reading <span class=\"screen-reader-text\">Colloque 2013 &#8211; Vancouver Colloquium<\/span> <span class=\"meta-nav\">&rarr;<\/span><\/a><\/p>\n","protected":false},"author":1,"featured_media":0,"parent":263,"menu_order":0,"comment_status":"closed","ping_status":"closed","template":"","meta":{"footnotes":""},"class_list":["post-270","page","type-page","status-publish","hentry"],"_links":{"self":[{"href":"https:\/\/www.gregorian.ca\/wp\/index.php?rest_route=\/wp\/v2\/pages\/270","targetHints":{"allow":["GET"]}}],"collection":[{"href":"https:\/\/www.gregorian.ca\/wp\/index.php?rest_route=\/wp\/v2\/pages"}],"about":[{"href":"https:\/\/www.gregorian.ca\/wp\/index.php?rest_route=\/wp\/v2\/types\/page"}],"author":[{"embeddable":true,"href":"https:\/\/www.gregorian.ca\/wp\/index.php?rest_route=\/wp\/v2\/users\/1"}],"replies":[{"embeddable":true,"href":"https:\/\/www.gregorian.ca\/wp\/index.php?rest_route=%2Fwp%2Fv2%2Fcomments&post=270"}],"version-history":[{"count":15,"href":"https:\/\/www.gregorian.ca\/wp\/index.php?rest_route=\/wp\/v2\/pages\/270\/revisions"}],"predecessor-version":[{"id":324,"href":"https:\/\/www.gregorian.ca\/wp\/index.php?rest_route=\/wp\/v2\/pages\/270\/revisions\/324"}],"up":[{"embeddable":true,"href":"https:\/\/www.gregorian.ca\/wp\/index.php?rest_route=\/wp\/v2\/pages\/263"}],"wp:attachment":[{"href":"https:\/\/www.gregorian.ca\/wp\/index.php?rest_route=%2Fwp%2Fv2%2Fmedia&parent=270"}],"curies":[{"name":"wp","href":"https:\/\/api.w.org\/{rel}","templated":true}]}}