{"id":2237,"date":"2023-03-27T15:56:00","date_gmt":"2023-03-27T19:56:00","guid":{"rendered":"https:\/\/www.gregorian.ca\/wp\/?page_id=2237"},"modified":"2024-06-26T18:25:49","modified_gmt":"2024-06-26T22:25:49","slug":"igc-gic-colloquium-2023","status":"publish","type":"page","link":"https:\/\/www.gregorian.ca\/wp\/?page_id=2237","title":{"rendered":"IGC\/GIC Colloquium 2024"},"content":{"rendered":"\n<h2 class=\"wp-block-heading has-text-align-center\"><strong>XVII Annual&nbsp;Colloquium of the Gregorian Institute of Canada<\/strong><\/h2>\n\n\n\n<h6 class=\"wp-block-heading has-text-align-center\"><strong>June 22-25, 2024<\/strong><br><a href=\"https:\/\/st-irenee.org\/home\" target=\"_blank\" rel=\"noreferrer noopener\"><strong>Mission Saint-Ir\u00e9n\u00e9e de Lyon, Montreal, Canada<\/strong><\/a><\/h6>\n\n\n\n<p class=\"has-text-align-center\">3044 rue Delisle (at Atwater Avenue), Montr\u00e9al, Qu\u00e9bec <\/p>\n\n\n\n<figure class=\"wp-block-image size-full\"><a href=\"https:\/\/www.gregorian.ca\/wp\/wp-content\/uploads\/2024\/04\/St-Irenee-2-version-3.jpg\"><img loading=\"lazy\" decoding=\"async\" width=\"550\" height=\"367\" src=\"https:\/\/www.gregorian.ca\/wp\/wp-content\/uploads\/2024\/04\/St-Irenee-2-version-3.jpg\" alt=\"\" class=\"wp-image-2322\" srcset=\"https:\/\/www.gregorian.ca\/wp\/wp-content\/uploads\/2024\/04\/St-Irenee-2-version-3.jpg 550w, https:\/\/www.gregorian.ca\/wp\/wp-content\/uploads\/2024\/04\/St-Irenee-2-version-3-300x200.jpg 300w\" sizes=\"auto, (max-width: 550px) 100vw, 550px\" \/><\/a><\/figure>\n\n\n\n<h6 class=\"wp-block-heading has-text-align-center\"><br><strong>&#8216;Sing and make music in your hearts to the Lord.&#8217;&nbsp; (Colossians 3:16.)<\/strong><br><br><strong>Keynote speaker and workshop facilitator:<\/strong><br><strong><a href=\"https:\/\/www.luxcantus.org\/olga-roudakova\">Olga Roudakova<\/a>,<\/strong> <strong>(Paris, France) Artistic Director of Lux Cantus<\/strong><\/h6>\n\n\n\n<p class=\"has-text-align-center\">All events will take place at St. Iranaeus, except as noted below.<\/p>\n\n\n\n<p>Welcome to Montreal!!  The organizing committee has been working hard to prepare an exciting and rewarding chant event for both experienced and novice chant lovers!  We are pleased to welcome lecturers from North America and Europe, and we are especially looking forward to working with our guest clinician, Olga Roudakova!  St. John the Baptist Day (June 24) is the National Day of Quebec, so you can expect a big celebration!<\/p>\n\n\n\n<p>All workshop and chant materials will be provided to registrants.  PDFs of all the chant will be supplied here in advance of the conference.<\/p>\n\n\n\n<p>The Full Schedule appears below the Registration information.  Also below will be found information about accommodation and transportation in Montreal.<\/p>\n\n\n\n<p class=\"has-text-align-center\"><strong>Registration:<\/strong><\/p>\n\n\n\n<p>Registration includes admission to all events and hard-copy of all conference materials.  Registration does not include meals or accommodation.<\/p>\n\n\n\n<p><strong>To Register, Part One: <\/strong>Please supply the following information to igc.gic@gmail.com: Name; Address; E-mail; and whether you would like us to make a reservation for you (including any dietary restrictions) for the Tuesday dinner-banquet at the <a href=\"https:\/\/www.burgundylion.com\/\">Burgundy Lion<\/a>.<\/p>\n\n\n\n<p><strong>Part Two:<\/strong> Please use the buttons\/link below to submit payment for the conference.  (all rates in Canadian dollars)<\/p>\n\n\n\n<p><strong>Fees:  <\/strong><\/p>\n\n\n\n<p>Regular Early-bird: $160.00 (registration) + $30.00 (GIC membership-required) = $190.00 total.<\/p>\n\n\n\n<p>Regular (after June 10) $190.00 (registration) + $30.00 (GIC membership-required) = $220.00 total.<\/p>\n\n\n\n<p>Low-income Early-bird: $130.00 (registration) + $20.00 (GIC membership-required) = $150.00 total.<\/p>\n\n\n\n<p>Low-income (after June 10): $160.00 (registration) + $20.00 (GIC membership-required) = $180.00 total.<\/p>\n\n\n\n<p>(Low-income is self-determined, based on need.)<\/p>\n\n\n\n<p><strong>Please note:<\/strong> the older churches in Montreal were not built to accommodate disabled persons.  Accessing the choir-loft at St. Iranaeus is via several flights of stairs; likewise, accessing the lecture facilities downstairs is via a stairway.  We sincerely apologize for this inconvenience.<\/p>\n\n\n\n<p>for further information or assistance, please contact us at igc.gic@gmail.com.<\/p>\n\n\n\n<script async\n  src=\"https:\/\/js.stripe.com\/v3\/buy-button.js\">\n<\/script>\n\n<stripe-buy-button\n  buy-button-id=\"buy_btn_0P1pLgo4jCc388mgKtVwre8Q\"\n  publishable-key=\"pk_live_zmZDEWthUpKSB7UPeYj3Lk5A\"\n>\n<\/stripe-buy-button>\n\n\n\n<script async\n  src=\"https:\/\/js.stripe.com\/v3\/buy-button.js\">\n<\/script>\n\n<stripe-buy-button\n  buy-button-id=\"buy_btn_0P1pI9o4jCc388mg2hvv9nl6\"\n  publishable-key=\"pk_live_zmZDEWthUpKSB7UPeYj3Lk5A\"\n>\n<\/stripe-buy-button>\n\n\n\n<p class=\"has-text-align-center\"><strong>Draft Schedule (updated April 2)<\/strong><\/p>\n\n\n\n<p class=\"has-text-align-center\"><strong>Saturday June 22<\/strong><\/p>\n\n\n\n<figure class=\"wp-block-table\"><table><tbody><tr><td>11:00-13:00\u2002\u2002\u2002\u2002\u2002\u2002\u2002<\/td><td>Registration<\/td><\/tr><tr><td>13:00-14:00\u2002\u2002\u2002\u2002\u2002\u2002\u2002<\/td><td>Rehearsal for Sunday Mass (M\u00e1ria Bud\u00e1cov\u00e1)<\/td><\/tr><tr><td>14:15-15:00\u2002\u2002\u2002\u2002\u2002<br>\u2002\u2002\u2002\u2002\u2002\u2002\u2002\u2002<\/td><td>Lecture: <em>L\u2019interpr\u00e9tation rythmique du chant des antiennes Gr\u00e9goriennes, Romaines et Milanaises<\/em> (Luca Ricossa, Haute \u00c9cole de Musique de Gen\u00e8ve)<br><a href=\"https:\/\/disk.yandex.ru\/i\/ICyVZod3NsmEWg\">examples from the presentation<\/a><\/td><\/tr><tr><td>15:00-15:15 \u2002\u2002\u2002\u2002\u2002\u2002<\/td><td>Break<\/td><\/tr><tr><td>15:15-16:15\u2002\u2002\u2002\u2002\u2002\u2002<\/td><td>Keynote Lecture: <em>&#8220;Sicut incensum&#8221;: les offertoires gr\u00e9goriens<\/em> (Olga Roudakova)<\/td><\/tr><tr><td>16:30-18:30\u2002\u2002\u2002\u2002\u2002\u2002\u2002<\/td><td>Dinner<\/td><\/tr><tr><td>19:00-20:30\u2002\u2002\u2002\u2002\u2002\u2002\u2002<\/td><td>Rehearsal for Vespers and St. John&#8217;s Mass (Olga Roudakova)<\/td><\/tr><tr><td>20:45-21:15\u2002\u2002\u2002\u2002\u2002\u2002\u2002\u2002\u2002\u2002\u2002\u2002\u2002<\/td><td>Compline (Adrian Ross)<\/td><\/tr><\/tbody><\/table><\/figure>\n\n\n\n<p class=\"has-text-align-center\"><strong>Sunday June 23: The Fifth Sunday after Pentecost<\/strong><\/p>\n\n\n\n<figure class=\"wp-block-table\"><table><tbody><tr><td>8:30-9:30<\/td><td>Registration<\/td><\/tr><tr><td>8:30-9:00\u2002\u2002\u2002\u2002\u2002\u2002\u2002\u2002\u2002\u2002\u2002\u2002\u2002\u2002<\/td><td>Vocal warm up (M\u00e1ria Bud\u00e1cov\u00e1)<\/td><\/tr><tr><td>9:00-9:45\u2002\u2002\u2002\u2002\u2002\u2002\u2002\u2002\u2002<\/td><td>Rehearsal for Sunday Mass (M\u00e1ria Bud\u00e1cov\u00e1)<\/td><\/tr><tr><td>10:00-12:00 \u2002\u2002\u2002\u2002\u2002\u2002\u2002\u2002<\/td><td>Sunday mass (including confirmations)<\/td><\/tr><tr><td>12:00-14:00\u2002\u2002\u2002\u2002\u2002\u2002<\/td><td>Lunch break<\/td><\/tr><tr><td>14:00-14:45\u2002\u2002\u2002\u2002\u2002\u2002\u2002\u2002\u2002<br><\/td><td>Lecture: <em>The Plainsong New Repertory of Leo Nestor<\/em> (Kevin O&#8217;Brien, University of Maryland)<\/td><\/tr><tr><td>14:45-15:30\u2002\u2002\u2002\u2002\u2002\u2002\u2002\u2002\u2002<br><br><\/td><td>Lecture: <em>Plainchant au Qu\u00e9bec: red\u00e9couvrir le serpent d\u2019\u00e9glise \u2013 Expanding the narrative of ecclesiastical performance during the Ancien R\u00e9gime in Qu\u00e9bec<\/em> (Alex Belser, McGill University)<\/td><\/tr><tr><td>15:30=15:45<\/td><td>Break<\/td><\/tr><tr><td>15:45-17:00\u2002\u2002\u2002\u2002\u2002\u2002\u2002<\/td><td>Rehearsal for Vespers (Olga Roudakova)<\/td><\/tr><tr><td>17:00-18:30\u2002\u2002\u2002\u2002\u2002\u2002\u2002<\/td><td>Dinner<\/td><\/tr><tr><td>19:00-20:00\u2002\u2002\u2002\u2002\u2002\u2002\u2002\u2002\u2002\u2002\u2002\u2002<\/td><td>First Vespers of St. John (Olga Roudakova)<\/td><\/tr><tr><td>20:30-21:00\u2002\u2002\u2002\u2002\u2002\u2002\u2002\u2002\u2002\u2002\u2002\u2002\u2002<\/td><td>Compline (Adrian Ross)<\/td><\/tr><\/tbody><\/table><\/figure>\n\n\n\n<p class=\"has-text-align-center\"><strong>Monday June 24: The Nativity of St. John the Bapist<\/strong><\/p>\n\n\n\n<p>Monday includes an afternoon at the historic Church of Saint-Nom-de-J\u00e9sus, 1645, avenue Desjardins (at &nbsp;4215 rue Adam), with its massive historic Casavant Organ.  <\/p>\n\n\n\n<figure class=\"wp-block-image size-full\"><a href=\"https:\/\/www.gregorian.ca\/wp\/wp-content\/uploads\/2024\/04\/Saint-nom-de-jesus_fete-dieu-3_640x528.png\"><img loading=\"lazy\" decoding=\"async\" width=\"640\" height=\"360\" src=\"https:\/\/www.gregorian.ca\/wp\/wp-content\/uploads\/2024\/04\/Saint-nom-de-jesus_fete-dieu-3_640x528.png\" alt=\"\" class=\"wp-image-2329\" srcset=\"https:\/\/www.gregorian.ca\/wp\/wp-content\/uploads\/2024\/04\/Saint-nom-de-jesus_fete-dieu-3_640x528.png 640w, https:\/\/www.gregorian.ca\/wp\/wp-content\/uploads\/2024\/04\/Saint-nom-de-jesus_fete-dieu-3_640x528-300x169.png 300w\" sizes=\"auto, (max-width: 640px) 100vw, 640px\" \/><\/a><\/figure>\n\n\n\n<p><strong>Travelling to Saint-Nom-de-J\u00e9sus:<\/strong><br>By car (30 minutes travel): the simplest way is to drive North-East on Rue Notre-Dame 9 km; turn left on Pie IX Blvd; in 300 metres turn right on Rue Adam; the church appear on your left at the next intersection (avenue Desjardins).<\/p>\n\n\n\n<p>By Metro (subway and bus) (40 minutes travel): Take the Green line from Station Lionel-Groux North-East to Station Pie-IX; take the 439-S bus South-East for 5 stops to Pie-X\/Adam; walk one block North-East (on Rue Adam) to the church.<\/p>\n\n\n\n<p><strong>Travelling back to St. Iranaeus:<\/strong><br>By car: the simplest way is to drive South-East to Avenue de la Salle, turn right onto St. Catherine Street East; at Rue Alphonse D Roy turn left for one block; then turn right onto Rue Notre Dame.  Follow Rue Notre Dame E and A. Ville-Marie\/QC-136 to Rue Saint-Antoine O in Le Sud-Ouest. Take the exit toward Avenue Atwater from A. Ville-Marie\/QC-136; merge onto Rue Saint-Antoine, and then turn left on Atwater; St. Iraneus is 500 m. <\/p>\n\n\n\n<p>By Metro (bus and subway) (40 minutes travel): walk one block South-West to Pie-X and another North-West to Pie-X\/la Fontaine.  Take the 439-N bus North-West for 4 stops to Station Pie-IX. Take the Green line from Pie-X South West to Lionel-Groux; walk one block South-East (on Atwater) to the church.<\/p>\n\n\n\n<p>If you require assistance in making this trip, please contact anyone on the committee.  Some people may have extra room in automobiles.<\/p>\n\n\n\n<p class=\"has-text-align-center\"><strong>Monday June 24: The Nativity of St. John the Bapist<\/strong><\/p>\n\n\n\n<figure class=\"wp-block-table\"><table><tbody><tr><td>&nbsp;<\/td><td><strong>At Saint-Iranaeus<\/strong><\/td><\/tr><tr><td>8:30-9:00\u2002\u2002\u2002\u2002\u2002\u2002\u2002\u2002<\/td><td>Vocal warm up (Olga Roudakova)<\/td><\/tr><tr><td>9:00-9:45\u2002\u2002\u2002<\/td><td>Rehearsal for St. John Mass (Olga Roudakova)<\/td><\/tr><tr><td>10:00-11:30 \u2002\u2002<\/td><td>Mass St. John (Olga Roudokova)<\/td><\/tr><tr><td>11:30-13:45\u2002\u2002<\/td><td>Lunch break; travel to Church of Saint-Nom-de-J\u00e9sus<\/td><\/tr><tr><td>&nbsp;<\/td><td><strong>At Church of Saint-Nom-de-J\u00e9sus<\/strong><\/td><\/tr><tr><td>13:45-15:00\u2002<\/td><td>Rehearsal for Vespers (Olga Roudakova)<\/td><\/tr><tr><td>15:00-15:15\u2002<\/td><td>Break<\/td><\/tr><tr><td>15:15-16:00\u2002<\/td><td>Organ recital (Adrian Ross)<\/td><\/tr><tr><td>16:00-17:00\u2002<\/td><td>Second Vespers of St. John (Olga Roudakova)<\/td><\/tr><tr><td>17:00-19:30\u2002<\/td><td>Dinner; travel to Saint-Iraneaus<\/td><\/tr><tr><td>&nbsp;<\/td><td><strong>At Saint-Iranaeus<\/strong><\/td><\/tr><tr><td>19:30-20:30\u2002<\/td><td>Rehearsal for lauds (William Renwick)<\/td><\/tr><tr><td>20:45-21:15\u2002\u2002\u2002\u2002\u2002\u2002\u2002<\/td><td>Compline (Adrian Ross)<\/td><\/tr><\/tbody><\/table><\/figure>\n\n\n\n<p class=\"has-text-align-center\"><strong>Tuesday June 25<\/strong><\/p>\n\n\n\n<figure class=\"wp-block-table\"><table><tbody><tr><td>8:30-9:00<\/td><td>Vocal warm-up (William Renwick)<\/td><\/tr><tr><td>9:00-10:00\u2002\u2002\u2002<\/td><td>Lauds (William Renwick)<\/td><\/tr><tr><td>10:00-10:15\u2002<\/td><td>Break<\/td><\/tr><tr><td>10:15-11:00<br><\/td><td>Lecture: <em>Hearing Hildegard: computational analysis and chant style<\/em> (Kate Helsen, Western University)<\/td><\/tr><tr><td>11:00-11:45<\/td><td>Lecture: <em>Structural Aspects of Gregorian Hymn Melodies<\/em> (William Renwick)<\/td><\/tr><tr><td>11:45-13:00\u2002\u2002<\/td><td>Lunch break<\/td><\/tr><tr><td>13:00-14:00\u2002<\/td><td>Rehearsal for Vespers (Olga Roudakova)<\/td><\/tr><tr><td>14:00-14:15\u2002<\/td><td>Break<\/td><\/tr><tr><td>14:15-15:00\u2002<\/td><td>Lecture: <em>On the Pathos and Ethos of Gregorian Chant: Tone Painting the Affects of the Soul<\/em> (Ted Krasnicki)<\/td><\/tr><tr><td>15:00-15:45\u2002<\/td><td>Lecture: De Affectibus Missarum Defunctorum (Alexandra Yeryomin)<\/td><\/tr><tr><td>16:00-17:00\u2002\u2002\u2002\u2002\u2002\u2002\u2002<\/td><td>Vespers (Olga Roudakova)<\/td><\/tr><tr><td>18:00-20:00\u2002<br><br><\/td><td>Dinner &#8211; banquet at the <a href=\"https:\/\/www.burgundylion.com\/\">Burgundy Lion<\/a>. (Please let us know ahead of time if you would like to join us for this informal celebration, and we will make a reservation for you.)<\/td><\/tr><tr><td>20:45-21:15\u2002\u2002\u2002\u2002\u2002\u2002<\/td><td>Compline (Adrian Ross)<\/td><\/tr><\/tbody><\/table><\/figure>\n\n\n\n<p class=\"has-text-align-center\"><strong>Travelling to Montreal<\/strong><br>From the airport<\/p>\n\n\n\n<p>Montreal\u2019s major airport is the Trudeau International Airport to the west of the city. From there, you can take a flat-rate taxi (fare information), Uber, or the 747 bus to get downtown. The 747 bus runs 24 hours a day, 365 days a year, and goes directly from the airport to several stops in the city center. A fare of $11 (which includes an unlimited 24-hour transit pass) pays for your trip, which will take about 30-40 mins. You can purchase the fare from ticket machines located between baggage claim and the exit doors. These machines accept cash, debit, and credit card (Visa or Mastercard) forms of payment. You can also purchase your fair with exact change (coins only) on the bus.<\/p>\n\n\n\n<p class=\"has-text-align-center\">By train<\/p>\n\n\n\n<p>Montreal\u2019s main train station, Gare Centrale, is located below the Queen Elizabeth Hotel on the corner of Ren\u00e9-L\u00e9vesque and Mansfield streets. It also has an entrance at 895 rue de la Gaucheti\u00e8re ouest. The station is the major terminus for Canada\u2019s VIA Rail trains from Halifax, Toronto, Ottawa, Qu\u00e9bec and the Gasp\u00e9, as well as U.S. Amtrak trains from Washington and New York. It also provides easy access to the city\u2019s subway (the Metro), as it is situated at the Bonaventure station (on the Orange Line of the Metro).<\/p>\n\n\n\n<p class=\"has-text-align-center\">By bus<\/p>\n\n\n\n<p>Megabus services a bus stop located at 997 rue St-Antoine Ouest H3C 4T7. This also the location of Metro station Bonaventure on the orange line of the Montreal Metro.<\/p>\n\n\n\n<p>The terminal for other major bus lines is the Gare d\u2019autocars de Montr\u00e9al, located at 1717 rue Berri.<\/p>\n\n\n\n<p class=\"has-text-align-center\"><strong>Car Parking<\/strong><\/p>\n\n\n\n<p>The conference locations do not have free parking available. Metered street parking is available in the downtown core. Be careful to read the parking signs thoroughly, as many of the spots are designated for pass-holders only.<\/p>\n\n\n\n<p class=\"has-text-align-center\"><strong>Accommodation<\/strong><\/p>\n\n\n\n<p>Accommodations include B&amp;Bs, Hotels and University Dormitories; the following links may be of assistance:<\/p>\n\n\n\n<p><a href=\"https:\/\/www.saint-joseph.org\/en\/place-of-welcome\/john-xxiii-pavilion\/\">St. Joseph&#8217;s Oratory Accommodation<\/a><\/p>\n\n\n\n<p><a href=\"https:\/\/www.mtl.org\/en\/Accommodations\">Montreal: Where to Stay<\/a><\/p>\n\n\n\n<p>Montreal also has hundreds of potential&nbsp;<a href=\"https:\/\/www.airbnb.ca\/s\/Montreal--Canada\" target=\"_blank\" rel=\"noreferrer noopener\">AirBnB<\/a>&nbsp;hosts,&nbsp;<a href=\"http:\/\/www.hostelworld.com\/findabed.php\/ChosenCity.Montreal\/ChosenCountry.Canada\" target=\"_blank\" rel=\"noreferrer noopener\">hostels<\/a>, and a strong&nbsp;<a href=\"https:\/\/www.couchsurfing.org\/n\/places\/montreal-quebec-canada\" target=\"_blank\" rel=\"noreferrer noopener\">couchsurfing<\/a>&nbsp;community.<\/p>\n\n\n\n<p class=\"has-text-align-center\"><strong>Food<\/strong><\/p>\n\n\n\n<p>Montreal is world-famous for great food!  Two block to the south of St. Iranaeus is Rue Notre Dame, which contains many restaurants of all kinds.  One block further south is March\u00e9 Atwater, a large specialty market that is home to many different vendors.  For a quick snack, there is Caf\u00e9 D\u00e9p\u00f4t M\u00e9tro Lionel-Groulx, located at the Metro (subway) station just to the north of the church, or Lili &amp; Oli at 2713 Rue Notre Dame, or Mr. Puff&#8217;s at 3404 Rue Notre Dame.<\/p>\n\n\n\n<p>Two blocks to the north of Tr\u00e8s-Saint-Nom-de-J\u00e9sus is Ontario Street; to the North East are several coffee shops, and a little further on at 4445 Ontario Street East is Maisonneuve Market, which provides a great variety of food.<\/p>\n\n\n\n<p class=\"has-text-align-center\"><strong>Sight-seeing<\/strong><\/p>\n\n\n\n<p>If you are able, take a few extra days to fully explore this great cosmopolitan city . . . churches such as the Basilica of Notre Dame and St. Joseph&#8217;s Oratory, museums, the old port, the downtown, night-life, the &#8216;Golden Mile&#8217;, and of course Mount Royal.  <a href=\"https:\/\/www.lonelyplanet.com\/canada\/montreal\/attractions\">Must-see attractions in Montreal<\/a> is just one of many helpful starting points.<\/p>\n\n\n\n<h4 class=\"wp-block-heading has-text-align-center\">Getting around Montreal<\/h4>\n\n\n\n<h6 class=\"wp-block-heading\">Metro and Bus<\/h6>\n\n\n\n<p>Public transportation in the city is handled by the&nbsp;<em>Soci\u00e9t\u00e9 de transport de Montr\u00e9al<\/em>&nbsp;(<a href=\"http:\/\/www.stm.info\/en\" target=\"_blank\" rel=\"noreferrer noopener\">STM<\/a>). You will need a \u201cZone A\u201d fare for travelling throughout the city. You can purchase any fare at any of the metro stations or pay <strong>exact change <\/strong>(Canadian coins only) for a single fare ($3.75) when you get on the bus. The Lionel-Groux Metro Station (intersecting the green and orange lines) is conveniently located 100 metres north of St. Iranaeus Church.  <a href=\"https:\/\/www.stm.info\/en\/info\/networks\/metro\/lionel-groulx\" target=\"_blank\" rel=\"noreferrer noopener\">map<\/a>.<\/p>\n\n\n\n<p>Fares types:<\/p>\n\n\n\n<ul class=\"wp-block-list\">\n<li>$3.75 for one trip; $7.00 for two<\/li>\n\n\n\n<li>Unlimited evening pass (6:00pm-5:00am with first use before midnight): $6.00<\/li>\n\n\n\n<li>Day pass (24 consecutive hours): $11.00<\/li>\n\n\n\n<li>3-day pass: $21.25<\/li>\n\n\n\n<li>Unlimited weekend pass:&nbsp;$15.25<\/li>\n\n\n\n<li><strong>All fare booth transactions (purchases and refunds) are&nbsp;debit or credit only.<\/strong><\/li>\n<\/ul>\n\n\n\n<p>If you are arriving from the airport on the&nbsp;<a href=\"http:\/\/www.stm.info\/en\/info\/networks\/bus\/shuttle\/more-about-747-aeroport-p-e-trudeau-centre-ville-shuttle\" target=\"_blank\" rel=\"noreferrer noopener\">747 bus<\/a>, you will already possess a 24 hour day pass.<\/p>\n\n\n\n<h6 class=\"wp-block-heading\">Taxis\/Ubers<\/h6>\n\n\n\n<p>Montreal has many taxi local taxi companies, including:<\/p>\n\n\n\n<ul class=\"wp-block-list\">\n<li><a href=\"https:\/\/bonjour.taxi\/en\/\" target=\"_blank\" rel=\"noreferrer noopener\">Bonjour Taxi<\/a><\/li>\n\n\n\n<li><a href=\"https:\/\/ici-taxi-montreal.business.site\/?utm_source=gmb&amp;utm_medium=referral\" target=\"_blank\" rel=\"noreferrer noopener\">Ici Taxi<\/a><\/li>\n\n\n\n<li><a href=\"https:\/\/taxidiamond.com\/en\/\" target=\"_blank\" rel=\"noreferrer noopener\">Taxi Diamond<\/a><\/li>\n\n\n\n<li><a href=\"https:\/\/www.taxi-coop.com\/en\" target=\"_blank\" rel=\"noreferrer noopener\">Taxi Co-op Montreal<\/a><\/li>\n<\/ul>\n\n\n\n<p>Most drivers will speak both English and French, especially if you are travelling to major destinations such as one of the hotels downtown, Gare Centrale, or the YUL Airport.<\/p>\n\n\n\n<p>Montreal also has Uber services available. Please consult your Uber app for fares.<\/p>\n\n\n\n<h6 class=\"wp-block-heading\">Bike Share<\/h6>\n\n\n\n<p><a href=\"https:\/\/montreal.bixi.com\/main.php?l=en\" target=\"_blank\" rel=\"noreferrer noopener\">Bixi<\/a>&nbsp;is a public bicycle-sharing program originating in Montreal. One can rent bicycles per ride at any docking station and you don\u2019t have to make an account to access the bike share program. Each rental is $1.25 plus $0.11 a minute. Bikes can be returned to any of the hundreds of parking spots in the city. After returning, you can pick up another bike in a few minutes.&nbsp;<\/p>\n\n\n\n<figure class=\"wp-block-image size-full\"><a href=\"https:\/\/www.gregorian.ca\/wp\/wp-content\/uploads\/2024\/04\/960x0.jpg\"><img loading=\"lazy\" decoding=\"async\" width=\"959\" height=\"564\" src=\"https:\/\/www.gregorian.ca\/wp\/wp-content\/uploads\/2024\/04\/960x0.jpg\" alt=\"\" class=\"wp-image-2334\" srcset=\"https:\/\/www.gregorian.ca\/wp\/wp-content\/uploads\/2024\/04\/960x0.jpg 959w, https:\/\/www.gregorian.ca\/wp\/wp-content\/uploads\/2024\/04\/960x0-300x176.jpg 300w, https:\/\/www.gregorian.ca\/wp\/wp-content\/uploads\/2024\/04\/960x0-768x452.jpg 768w\" sizes=\"auto, (max-width: 959px) 100vw, 959px\" \/><\/a><\/figure>\n\n\n\n<p>&#8212;&#8212;&#8212;&#8212;&#8212;&#8212;&#8212;&#8212;&#8212;&#8212;&#8212;&#8212;-<\/p>\n\n\n\n<h6 class=\"wp-block-heading has-text-align-center\"><strong>CALL FOR PAPERS<\/strong> [ended]<\/h6>\n\n\n\n<p>The 2024 IGC-GIC Colloquium invites presentations on any topic connected with Gregorian Chant. While particular interest will be given to exploring aspects of emotion and affect in sacred song, proposals on all topics are welcome and will be considered. Topics may include but are not limited to:<br>\u2022 The representation and\/or expression of sentiment in the Gregorian repertoire<br>\u2022 Emotion and affect in chant performance practice<br>\u2022 Mood and meaning in the chant corpus: modes, modulations, melismas<br>\u2022 Office and Mass chants connected with John the Baptist<br>\u2022 Any other area of interest related to Gregorian chant<\/p>\n\n\n\n<p>Please send a 250-word abstract to the program committee at&nbsp;<a href=\"mailto:igc.gic@gmail.com\" target=\"_blank\" rel=\"noreferrer noopener\">igc.gic@gmail.com<\/a>. Abstracts may be sent (and papers presented) in either English or French. Conference papers will be limited to 30 minutes, followed by a 10-minute discussion period.<\/p>\n\n\n\n<p>Presenters are welcome to include practical demonstrations, <em>e.g.<\/em>, singing and\/or inviting the audience to do so. Proposals will be evaluated anonymously.<\/p>\n\n\n\n<p>The deadline for proposals is March 15, 2024.<\/p>\n","protected":false},"excerpt":{"rendered":"<p>XVII Annual&nbsp;Colloquium of the Gregorian Institute of Canada June 22-25, 2024Mission Saint-Ir\u00e9n\u00e9e de Lyon, Montreal, Canada 3044 rue Delisle (at Atwater Avenue), Montr\u00e9al, Qu\u00e9bec &#8216;Sing and make music in your hearts to the Lord.&#8217;&nbsp; (Colossians 3:16.) Keynote speaker and workshop facilitator:Olga Roudakova, (Paris, France) Artistic Director of Lux Cantus All events will take place at &hellip; <a href=\"https:\/\/www.gregorian.ca\/wp\/?page_id=2237\" class=\"more-link\">Continue reading <span class=\"screen-reader-text\">IGC\/GIC Colloquium 2024<\/span> <span class=\"meta-nav\">&rarr;<\/span><\/a><\/p>\n","protected":false},"author":1,"featured_media":0,"parent":1944,"menu_order":0,"comment_status":"closed","ping_status":"closed","template":"","meta":{"footnotes":""},"class_list":["post-2237","page","type-page","status-publish","hentry"],"_links":{"self":[{"href":"https:\/\/www.gregorian.ca\/wp\/index.php?rest_route=\/wp\/v2\/pages\/2237","targetHints":{"allow":["GET"]}}],"collection":[{"href":"https:\/\/www.gregorian.ca\/wp\/index.php?rest_route=\/wp\/v2\/pages"}],"about":[{"href":"https:\/\/www.gregorian.ca\/wp\/index.php?rest_route=\/wp\/v2\/types\/page"}],"author":[{"embeddable":true,"href":"https:\/\/www.gregorian.ca\/wp\/index.php?rest_route=\/wp\/v2\/users\/1"}],"replies":[{"embeddable":true,"href":"https:\/\/www.gregorian.ca\/wp\/index.php?rest_route=%2Fwp%2Fv2%2Fcomments&post=2237"}],"version-history":[{"count":44,"href":"https:\/\/www.gregorian.ca\/wp\/index.php?rest_route=\/wp\/v2\/pages\/2237\/revisions"}],"predecessor-version":[{"id":2413,"href":"https:\/\/www.gregorian.ca\/wp\/index.php?rest_route=\/wp\/v2\/pages\/2237\/revisions\/2413"}],"up":[{"embeddable":true,"href":"https:\/\/www.gregorian.ca\/wp\/index.php?rest_route=\/wp\/v2\/pages\/1944"}],"wp:attachment":[{"href":"https:\/\/www.gregorian.ca\/wp\/index.php?rest_route=%2Fwp%2Fv2%2Fmedia&parent=2237"}],"curies":[{"name":"wp","href":"https:\/\/api.w.org\/{rel}","templated":true}]}}