{"id":1955,"date":"2020-02-27T14:18:56","date_gmt":"2020-02-27T19:18:56","guid":{"rendered":"http:\/\/www.gregorian.ca\/wp\/?page_id=1955"},"modified":"2020-07-10T15:57:02","modified_gmt":"2020-07-10T19:57:02","slug":"colloque-2020","status":"publish","type":"page","link":"https:\/\/www.gregorian.ca\/wp\/?page_id=1955","title":{"rendered":"Colloque 2020"},"content":{"rendered":"\n<p><strong><a href=\"https:\/\/www.gregorian.ca\/wp\/?page_id=1960\">ENGLISH IS HERE<\/a><\/strong><\/p>\n\n\n\n<p>Livret de chant gr\u00e9gorien<\/p>\n\n\n\n<p>N\u2019avez-vous jamais essay\u00e9 de confectionner un livret de chant gr\u00e9gorien pour une liturgie ou un concert ? Il existe de nouveaux outils capables de vous faciliter la t\u00e2che. M\u00eame s&#8217;ils sont surtout destin\u00e9s au rite latin extraordinaire, on peut les utiliser pour n&#8217;importe quel livret de chant gr\u00e9gorien.<\/p>\n\n\n\n<p>Essayez d&#8217;abord le site suivant (en anglais) : <a href=\"https:\/\/bbloomf.github.io\/jgabc\/propers.html\">https:\/\/bbloomf.github.io\/jgabc\/propers.html<\/a><\/p>\n\n\n\n<p>Pour les psaumes, ils sont d\u00e9j\u00e0 adapt\u00e9s \u00e0 tous les tons de psalmodie. Vous n&#8217;avez qu&#8217;\u00e0 choisir le psaume et le ton. Ensuite vous pouvez t\u00e9l\u00e9charger un PDF du psaume enti\u00e8rement marqu\u00e9 et pr\u00eat \u00e0 chanter.<\/p>\n\n\n\n<p>M\u00eame chose pour la messe. S\u00e9lectionnez quel dimanche, quel kyriale, avec ou sans Aspeges me, Credo, etc.. Et vous pourrez t\u00e9l\u00e9charger un PDF avec tous les chants pour la messe du dimanche.<\/p>\n\n\n\n<p>J&#8217;utilise souvent l&#8217;outil de transcription GABC pour confectionner des livrets pour l&#8217;office de Complies. Les textes des psaumes sont disponibles sous l&#8217;onglet \u00ab Psalm Tone Tool \u00bb ; m\u00eame chose pour le Magnificat, le Nunc dimittis ou pour d&#8217;autres cantiques. Il ne me reste qu&#8217;\u00e0 pr\u00e9parer les antiennes et les r\u00e9pons \u00e0 l&#8217;aide de l&#8217;outil de transcription.<\/p>\n\n\n\n<p>MAIS ATTENDEZ ! Avant de pr\u00e9parer les antiennes, il vaut la peine de visiter un autre site internet (\u00e9galement en anglais) o\u00f9 l&#8217;on trouve quantit\u00e9 d&#8217;antiennes pr\u00eates \u00e0 t\u00e9l\u00e9charger. Essayez <a href=\"https:\/\/gregobase.selapa.net\/scores.php\">https:\/\/gregobase.selapa.net\/scores.php<\/a>. Vous y d\u00e9couvrirez qu&#8217;on a pr\u00e9par\u00e9 pour vous de nombreux chants du Liber usualis ou du Graduale romanum.<\/p>\n\n\n\n<p>En dernier lieu, j&#8217;utilise l&#8217;outil de transcription GABC. Petit \u00e0 petit, j&#8217;ai appris comment cr\u00e9er les diff\u00e9rents neumes et signes dont j&#8217;avais besoin. Il y a une page qui vous aidera \u00e0 faire vos premiers pas. J&#8217;avoue ne pas savoir encore comment trouver certains signes, mais ils ne sont pas vraiment essentiels \u00e0 la confection d&#8217;un livret de chant gr\u00e9gorien.<\/p>\n\n\n\n<p>Si vous d\u00e9cidez de vous lancer et r\u00e9ussissez \u00e0 \u00e9diter des chants, songez \u00e0 les ajouter \u00e0 la base de donn\u00e9es : <a href=\"https:\/\/gregobase.selapa.net\/scores.php\">https:\/\/gregobase.selapa.net\/scores.php<\/a>. Ainsi, nous pourrons participer au d\u00e9veloppement de cette merveilleuse ressource.<\/p>\n\n\n\n<p>pax<\/p>\n\n\n\n<p>wm oates<\/p>\n\n\n\n<p class=\"has-background has-medium-font-size has-light-orange-background-color\"><a href=\"https:\/\/youtu.be\/T_bvq97qu7U\"><strong>Stella Caeli, Antiphona contra luem contagiosam<\/strong><\/a><\/p>\n\n\n\n<p class=\"has-large-font-size\"><strong>Chers coll\u00e8gues,<br>C&#8217;est avec regret que nous avons d\u00fb d\u00e9cider de reporter la tenue du colloque de l&#8217;IGC \u00e0 Toronto, de juillet 2020 \u00e0 juillet 2021. Nous travaillons actuellement \u00e0 apporter les ajustements n\u00e9cessaires. Nous vous informerons des nouvelles modalit\u00e9s \u00e0 mesure qu&#8217;elles seront \u00e9tablies. Nous esp\u00e9rons que le colloque reconduit en 2021, avec son programme complet, tous ses participants et notre invit\u00e9, Marcel P\u00e9r\u00e8s, sera une merveilleuse occasion de nous r\u00e9jouir.<\/strong><\/p>\n\n\n\n<p class=\"has-large-font-size\"><strong>Merci de votre compr\u00e9hension et bonne sant\u00e9 \u00e0 tous !<\/strong><\/p>\n\n\n\n<p class=\"has-large-font-size\"><strong>Les directeurs<\/strong><\/p>\n\n\n\n<figure class=\"wp-block-image\"><img decoding=\"async\" src=\"https:\/\/www.gregorian.ca\/wp\/wp-content\/uploads\/2019\/12\/GIC-2020-Colloquium-Poster.png\" alt=\"This image has an empty alt attribute; its file name is GIC-2020-Colloquium-Poster.png\"\/><\/figure>\n\n\n\n<h2 class=\"wp-block-heading\">15e Colloque annuel de l\u2019Institut gr\u00e9gorien du Canada<br>9 au 12 juillet 2020<br><strong>S\u00e9minaire Saint-Augustin (ON)<\/strong><\/h2>\n\n\n\n<figure class=\"wp-block-image size-large is-resized\"><img loading=\"lazy\" decoding=\"async\" src=\"https:\/\/www.gregorian.ca\/wp\/wp-content\/uploads\/2015\/11\/Member-College-Main-St-Augustine_0.jpg\" alt=\"\" class=\"wp-image-843\" width=\"614\" height=\"384\" srcset=\"https:\/\/www.gregorian.ca\/wp\/wp-content\/uploads\/2015\/11\/Member-College-Main-St-Augustine_0.jpg 400w, https:\/\/www.gregorian.ca\/wp\/wp-content\/uploads\/2015\/11\/Member-College-Main-St-Augustine_0-300x188.jpg 300w\" sizes=\"auto, (max-width: 614px) 100vw, 614px\" \/><figcaption><em>S\u00e9minaire Saint-Augustin<\/em><\/figcaption><\/figure>\n\n\n\n<p><\/p>\n\n\n\n<h2 class=\"wp-block-heading\">LE GR\u00c9GORIEN TOUJOURS VIVANT !<\/h2>\n\n\n\n<p>Le programme du colloque comprend : la c\u00e9l\u00e9bration quotidienne des offices de Laudes, V\u00eapres et Complies ; un concert avec le Choeur Adelphi ; et la c\u00e9l\u00e9bration de la messe dominicale avec tout le Propre chant\u00e9.<\/p>\n\n\n\n<p class=\"has-medium-font-size\"><strong>Le programme pr\u00e9liminaire du colloque est disponible <a href=\"https:\/\/www.gregorian.ca\/wp\/wp-content\/uploads\/2020\/03\/GIC-2020-draft-program.pdf\">ici<\/a><\/strong><\/p>\n\n\n\n<p class=\"has-medium-font-size\">\n<strong>Voir\nci-dessous pour les modalit\u00e9s d&#8217;inscription.<\/strong><\/p>\n\n\n\n<p class=\"has-medium-font-size\"><strong>H\u00e9bergement<\/strong> <strong>et repas<\/strong> seront disponibles au s\u00e9minaire Saint-Augustin, \u00e0 Scarborough. D&#8217;importantes r\u00e9novations ont \u00e9t\u00e9 effectu\u00e9es au s\u00e9minaire, incluant l&#8217;installation d&#8217;un SYST\u00c8ME DE CLIMATISATION !! Ceux et celles qui ont particip\u00e9 au colloque de 2016 s&#8217;en r\u00e9jouiront.<\/p>\n\n\n\n<p>Les r\u00e9servations de chambre et de repas se font directement aupr\u00e8s du s\u00e9minaire. Vous trouverez les d\u00e9tails et la proc\u00e9dure de r\u00e9servation sur le site du s\u00e9minaire :   <a href=\"https:\/\/www.staugustines.on.ca\/about\/events\/gregorian_institute_of_canada_colloquium\">R\u00e9servations<\/a><\/p>\n\n\n\n<p><em> <strong>Consid\u00e9rations sur l&#8217;interpr\u00e9tation du chant gr\u00e9gorien<\/strong><\/em><\/p>\n\n\n\n<figure class=\"wp-block-image size-large\"><img loading=\"lazy\" decoding=\"async\" width=\"1024\" height=\"683\" src=\"https:\/\/www.gregorian.ca\/wp\/wp-content\/uploads\/2020\/01\/14859796_1184200681646528_6449172406480575543_o-copie-1024x683.jpg\" alt=\"\" class=\"wp-image-1826\" srcset=\"https:\/\/www.gregorian.ca\/wp\/wp-content\/uploads\/2020\/01\/14859796_1184200681646528_6449172406480575543_o-copie-1024x683.jpg 1024w, https:\/\/www.gregorian.ca\/wp\/wp-content\/uploads\/2020\/01\/14859796_1184200681646528_6449172406480575543_o-copie-300x200.jpg 300w, https:\/\/www.gregorian.ca\/wp\/wp-content\/uploads\/2020\/01\/14859796_1184200681646528_6449172406480575543_o-copie-768x512.jpg 768w, https:\/\/www.gregorian.ca\/wp\/wp-content\/uploads\/2020\/01\/14859796_1184200681646528_6449172406480575543_o-copie-1536x1024.jpg 1536w, https:\/\/www.gregorian.ca\/wp\/wp-content\/uploads\/2020\/01\/14859796_1184200681646528_6449172406480575543_o-copie.jpg 2048w\" sizes=\"auto, (max-width: 1024px) 100vw, 1024px\" \/><\/figure>\n\n\n\n<p>Avec\nl&#8217;ensemble Organum qu&#8217;il a fond\u00e9 en 1982, Marcel P\u00e9r\u00e8s s\u2019est\nfait le champion de la relation \u00e9troite qui existe entre la\nrecherche et l&#8217;interpr\u00e9tation. En 2001, il a aussi fond\u00e9 le Centre\nitin\u00e9rant de recherche sur les musiques anciennes (CIRMA) \u00e0\nMoissac, en France. Ses enregistrements avec l\u2019ensemble Organum ont\n\u00e9t\u00e9 acclam\u00e9s pour leur approche novatrice et convaincante de la\nmusique ancienne bas\u00e9e sur les recherches les plus r\u00e9centes. \u00c0\nl\u2019occasion de la venue de Marcel P\u00e9r\u00e8s parmi nous, nous invitons\nles chercheurs et les musiciens liturgiques \u00e0 partager les r\u00e9sultats\nde leurs travaux et leurs id\u00e9es sur l\u2019interpr\u00e9tation&nbsp;du\nchant gr\u00e9gorien.<\/p>\n\n\n\n<p><strong>Qu&#8217;est-ce\nque le chant gr\u00e9gorien ?<\/strong><\/p>\n\n\n\n<p>La\nquestion peut sembler \u00e9tonnante dans le cadre d&#8217;une rencontre sur le\nchant gr\u00e9gorien, mais il importe r\u00e9ellement d&#8217;essayer de comprendre\nce que ces deux mots\nveulent dire exactement : \u00ab chant \u00bb et \u00ab gr\u00e9gorien \u00bb.<\/p>\n\n\n\n<p>Peut-\u00eatre devrions-nous d&#8217;abord nous demander ce qu&#8217;est pour nous, aujourd&#8217;hui, le chant gr\u00e9gorien et ce qu&#8217;il \u00e9tait pour ceux qui voulurent restaurer  la musique de l&#8217;\u00c9glise catholique au 19<sup>e<\/sup> si\u00e8cle.<\/p>\n\n\n\n<p>Mais il ne suffit pas de r\u00e9pondre \u00e0 cette question. Il faut adopter une approche historique du gr\u00e9gorien. Durant le 20<sup>e<\/sup> si\u00e8cle, la plupart des chercheurs se sont concentr\u00e9s sur l&#8217;\u00e9tude des notations neumatiques des 10e et 11e si\u00e8cles pour interpr\u00e9ter les textes en notation carr\u00e9e des si\u00e8cles subs\u00e9quents. Il en d\u00e9coule que tr\u00e8s peu de gr\u00e9gorianistes actuels poss\u00e8dent une vision claire de la p\u00e9riode s&#8217;\u00e9talant du 12<sup>e<\/sup> au 19<sup>e<\/sup>, soit celle o\u00f9 la notation carr\u00e9e \u00e9tait le principal moyen de transmettre la musique des c\u00e9l\u00e9brations liturgiques.<\/p>\n\n\n\n<p>Au cours des ateliers de ce colloque, nous t\u00e2cherons de montrer ce qui arriva au plain-chant durant le deuxi\u00e8me mill\u00e9naire. Et nous remonterons davantage le temps, jusque dans le premier mill\u00e9naire, guid\u00e9s par deux r\u00e9pertoires anciens : le chant vieux-romain et le chant b\u00e9n\u00e9ventain. Mais encore faudrait-il se demander ce que tout cela veut dire pour nous de se pencher ainsi sur ces t\u00e9moins de l&#8217;Antiquit\u00e9 tardive. Peuvent-ils transformer enti\u00e8rement notre vision du chant liturgique, sachant que,&nbsp;pour le premier mill\u00e9naire, le concept de chant \u00e9tait radicalement diff\u00e9rent de ce qu&#8217;il est maintenant ?<\/p>\n\n\n\n<p>Les\nsujets suivants seront abord\u00e9s :<\/p>\n\n\n\n<p>&#8211; Le 19<sup>e<\/sup> si\u00e8cle et les d\u00e9buts de la restauration du chant gr\u00e9gorien au 20<sup>e<\/sup> si\u00e8cle.<\/p>\n\n\n\n<p>&#8211;\nLa notation carr\u00e9e, des origines (12<sup>e<\/sup>\nsi\u00e8cle) \u00e0 aujourd&#8217;hui.<\/p>\n\n\n\n<p>&#8211;\nLe chant vieux-romain : le lien entre les traditions liturgiques\nd&#8217;orient et d&#8217;occident et entre le premier et le troisi\u00e8me\nmill\u00e9naire.<\/p>\n\n\n\n<p>&#8211; Que faire des \u00e9ditions vaticanes du d\u00e9but du 20<sup>e<\/sup> si\u00e8cle ? Comment ces  livres de chant peuvent-ils \u00eatre utilis\u00e9s aujourd&#8217;hui \u00e0 la lumi\u00e8re de ce que nous savons de l&#8217;histoire de la notation carr\u00e9e et de ce que nous enseigne le chant vieux-romain&nbsp;? <\/p>\n\n\n\n<p>\n<strong>\u00c9galement\nau programme du colloque : V\u00eapres du jour dirig\u00e9es par Aaron James.<\/strong><\/p>\n\n\n\n<figure class=\"wp-block-image size-large is-resized\"><img loading=\"lazy\" decoding=\"async\" src=\"https:\/\/www.gregorian.ca\/wp\/wp-content\/uploads\/2020\/01\/Aaron-James-headshot.jpg\" alt=\"\" class=\"wp-image-1827\" width=\"217\" height=\"325\" srcset=\"https:\/\/www.gregorian.ca\/wp\/wp-content\/uploads\/2020\/01\/Aaron-James-headshot.jpg 428w, https:\/\/www.gregorian.ca\/wp\/wp-content\/uploads\/2020\/01\/Aaron-James-headshot-201x300.jpg 201w\" sizes=\"auto, (max-width: 217px) 100vw, 217px\" \/><\/figure>\n\n\n\n<p> Aaron James est directeur musical \u00e0 l&#8217;Oratoire Saint Philippe N\u00e9ri \u00e0 Toronto et charg\u00e9 de cours d&#8217;orgue \u00e0 l&#8217;Universit\u00e9 de Toronto. Il d\u00e9tient un doctorat en musicologie de l&#8217;\u00c9cole de musique Eastman de l&#8217;Universit\u00e9 de Rochester. De cette m\u00eame institution, il avait pr\u00e9c\u00e9demment obtenu un doctorat en musique (interpr\u00e9tation) ainsi qu&#8217;un certificat d&#8217;interpr\u00e9tation (orgue). Comme chercheur et interpr\u00e8te, il se sp\u00e9cialise dans le motet du milieu de 16<sup>e<\/sup> si\u00e8cle, d\u00e9veloppant le sujet de sa th\u00e8se qui portait sur la carri\u00e8re de l&#8217;\u00e9diteur Sigmund Salminger de Augbourg. Il a r\u00e9cemment publi\u00e9 des articles dans les revues sp\u00e9cialis\u00e9es suivantes : <em>Journal of the Alamire Foundation<\/em>, <em>Early Music<\/em> et <em>Sacred Music<\/em>.<\/p>\n\n\n\n<p>Faire un don pour soutenir la mission de l&#8217;Institut.<\/p>\n\n\n\n<form action=\"https:\/\/www.paypal.com\/cgi-bin\/webscr\" method=\"post\" target=\"_top\">\n<input type=\"hidden\" name=\"cmd\" value=\"_s-xclick\">\n<input type=\"hidden\" name=\"hosted_button_id\" value=\"WRMDFCMD79KH8\">\n<input type=\"image\" src=\"https:\/\/www.paypalobjects.com\/fr_CA\/i\/btn\/btn_donate_LG.gif\" border=\"0\" name=\"submit\" title=\"PayPal - The safer, easier way to pay online!\" alt=\"Bouton Faire un don avec PayPal\">\n<img loading=\"lazy\" decoding=\"async\" alt=\"\" border=\"0\" src=\"https:\/\/www.paypal.com\/fr_CA\/i\/scr\/pixel.gif\" width=\"1\" height=\"1\">\n<\/form>\n\n\n\n<h2 class=\"wp-block-heading\">INSCRIPTION<\/h2>\n\n\n\n<p>VEUILLEZ NOTER QUE L\u2019INSCRIPTION N\u2019INCLUE PAS L&#8217;H\u00c9BERGEMENT ET LES REPAS. ON DOIT LES R\u00c9SERVER DIRECTMENT AUPR\u00c8S DU S\u00c9MINAIRE :&nbsp;<a rel=\"noreferrer noopener\" href=\"https:\/\/www.staugustines.on.ca\/about_st__augustine_s\/events\/gregorian_institute_of_canada_colloquium\" target=\"_blank\">R\u00e9servations<\/a><\/p>\n\n\n\n<p>Pour vous inscrire <strong>par la poste<\/strong>, t\u00e9l\u00e9chargez ce&nbsp;<a href=\"https:\/\/www.gregorian.ca\/wp\/wp-content\/uploads\/2020\/01\/Registration-Toronto-2020_FR.2.pdf\">formulaire<\/a>,&nbsp;remplissez-le et postez-le avec votre ch\u00e8que.<\/p>\n\n\n\n<p>Pour vous inscrire <strong>en ligne<\/strong>, remplissez ce&nbsp;<a href=\"https:\/\/www.gregorian.ca\/wp\/wp-content\/uploads\/2020\/01\/Registration20Toronto202020_FR-webversion.doc\">formulaire<\/a>&nbsp;et envoyez-le par courriel \u00e0&nbsp;<a rel=\"noreferrer noopener\" href=\"mailto:igc.gic@gmail.com\" target=\"_blank\">igc.gic@gmail.com<\/a>&nbsp;et effectuez votre paiement en&nbsp;utilisant les&nbsp;boutons ci-dessous.<\/p>\n\n\n\n<p>TOUS LES PARTICIPANTS INSCRITS DOIVENT \u00caTRE MEMBRES EN R\u00c8GLE DE L&#8217;IGC\/GIC POUR L&#8217;ANN\u00c9E 2020-2021. VEUILLEZ S.V.P. AJOUTER LES FRAIS D&#8217;ADH\u00c9SION SI VOUS N&#8217;\u00caTES PAS D\u00c9J\u00c0 MEMBRE DE L&#8217;IGC\/GIC POUR 2020-2021.&nbsp;<\/p>\n\n\n\n<form action=\"https:\/\/www.paypal.com\/cgi-bin\/webscr\" method=\"post\" target=\"_top\">\n<input type=\"hidden\" name=\"cmd\" value=\"_s-xclick\">\n<input type=\"hidden\" name=\"hosted_button_id\" value=\"VPWNU8VSU732Q\">\n<table>\n<tbody><tr><td><input type=\"hidden\" name=\"on0\" value=\"Adh\u00e9sion \u00e0 l'IGC 2020\/2021\">Adh\u00e9sion \u00e0 l&#8217;IGC 2020\/2021<\/td><\/tr><tr><td><select name=\"os0\">\n\t<option value=\"l'adhesion reguliere\">adhesion reguliere $30.00 CAD<\/option>\n\t<option value=\"l'adhesion faible revenu (<30k)\">adhesion faible revenu (&lt;30k) $20.00 CAD<\/option>\n<\/select> <\/td><\/tr>\n<\/tbody><\/table>\n<input type=\"hidden\" name=\"currency_code\" value=\"CAD\">\n<input type=\"image\" src=\"https:\/\/www.paypalobjects.com\/fr_CA\/i\/btn\/btn_buynow_LG.gif\" border=\"0\" name=\"submit\" alt=\"PayPal - la solution de paiement en ligne la plus simple et la plus s\u00e9curis\u00e9e !\">\n<figure><img loading=\"lazy\" decoding=\"async\" alt=\"\" border=\"0\" src=\"https:\/\/www.paypalobjects.com\/en_US\/i\/scr\/pixel.gif\" width=\"1\" height=\"1\"><\/figure>\n<\/form>\n\n\n\n<form action=\"https:\/\/www.paypal.com\/cgi-bin\/webscr\" method=\"post\" target=\"_top\">\n<input type=\"hidden\" name=\"cmd\" value=\"_s-xclick\">\n<input type=\"hidden\" name=\"hosted_button_id\" value=\"WLAXGGMEB5V3W\">\n<table>\n<tbody><tr><td><input type=\"hidden\" name=\"on0\" value=\"Inscription compl\u00e8te\">Inscription compl\u00e8te 2020<\/td><\/tr><tr><td><select name=\"os0\">\n\t<option value=\"Regulier\">Regulier $225.00 CAD<\/option>\n\t<option value=\"Faible revenu (<35,000)\">Faible revenu (&lt;35,000) $195.00 CAD<\/option>\n<\/select> <\/td><\/tr>\n<\/tbody><\/table>\n<input type=\"hidden\" name=\"currency_code\" value=\"CAD\">\n<input type=\"image\" src=\"https:\/\/www.paypalobjects.com\/fr_CA\/i\/btn\/btn_buynow_LG.gif\" name=\"submit\" alt=\"PayPal - la solution de paiement en ligne la plus simple et la plus s\u00e9curis\u00e9e !\" border=\"0\">\n<figure><img loading=\"lazy\" decoding=\"async\" alt=\"\" src=\"https:\/\/www.paypalobjects.com\/en_US\/i\/scr\/pixel.gif\" width=\"1\" height=\"1\" border=\"0\"><\/figure>\n<\/form>\n","protected":false},"excerpt":{"rendered":"<p>ENGLISH IS HERE Livret de chant gr\u00e9gorien N\u2019avez-vous jamais essay\u00e9 de confectionner un livret de chant gr\u00e9gorien pour une liturgie ou un concert ? Il existe de nouveaux outils capables de vous faciliter la t\u00e2che. M\u00eame s&#8217;ils sont surtout destin\u00e9s au rite latin extraordinaire, on peut les utiliser pour n&#8217;importe quel livret de chant gr\u00e9gorien. &hellip; <a href=\"https:\/\/www.gregorian.ca\/wp\/?page_id=1955\" class=\"more-link\">Continue reading <span class=\"screen-reader-text\">Colloque 2020<\/span> <span class=\"meta-nav\">&rarr;<\/span><\/a><\/p>\n","protected":false},"author":1,"featured_media":0,"parent":0,"menu_order":0,"comment_status":"closed","ping_status":"closed","template":"","meta":{"footnotes":""},"class_list":["post-1955","page","type-page","status-publish","hentry"],"_links":{"self":[{"href":"https:\/\/www.gregorian.ca\/wp\/index.php?rest_route=\/wp\/v2\/pages\/1955","targetHints":{"allow":["GET"]}}],"collection":[{"href":"https:\/\/www.gregorian.ca\/wp\/index.php?rest_route=\/wp\/v2\/pages"}],"about":[{"href":"https:\/\/www.gregorian.ca\/wp\/index.php?rest_route=\/wp\/v2\/types\/page"}],"author":[{"embeddable":true,"href":"https:\/\/www.gregorian.ca\/wp\/index.php?rest_route=\/wp\/v2\/users\/1"}],"replies":[{"embeddable":true,"href":"https:\/\/www.gregorian.ca\/wp\/index.php?rest_route=%2Fwp%2Fv2%2Fcomments&post=1955"}],"version-history":[{"count":15,"href":"https:\/\/www.gregorian.ca\/wp\/index.php?rest_route=\/wp\/v2\/pages\/1955\/revisions"}],"predecessor-version":[{"id":2032,"href":"https:\/\/www.gregorian.ca\/wp\/index.php?rest_route=\/wp\/v2\/pages\/1955\/revisions\/2032"}],"wp:attachment":[{"href":"https:\/\/www.gregorian.ca\/wp\/index.php?rest_route=%2Fwp%2Fv2%2Fmedia&parent=1955"}],"curies":[{"name":"wp","href":"https:\/\/api.w.org\/{rel}","templated":true}]}}