{"id":186,"date":"2015-09-10T18:46:08","date_gmt":"2015-09-10T22:46:08","guid":{"rendered":"http:\/\/www.gregorian.ca\/wp\/?page_id=186"},"modified":"2015-09-10T18:46:08","modified_gmt":"2015-09-10T22:46:08","slug":"membres-institutionnels","status":"publish","type":"page","link":"https:\/\/www.gregorian.ca\/wp\/?page_id=186","title":{"rendered":"Membres institutionnels"},"content":{"rendered":"<p><strong>Choeur gr\u00e9gorien Una Voce de Saguenay<\/strong><\/p>\n<p>Fond\u00e9 en 2007, le Choeur gr\u00e9gorien Una Voce de Saguenay est actuellement compos\u00e9 de 28 choristes, hommes et femmes.  De 2008 \u00e0 2010, le choeur a chant\u00e9 la messe sur une base mensuelle au Monast\u00e8re des Servantes du Tr\u00e8s-Saint-Sacrement, puis \u00e0 l&#8217;\u00e9glise Christ-Roi.  Depuis octobre 2010, Una Voce chante le premier samedi de chaque mois \u00e0 l&#8217;\u00e9glise du Sacr\u00e9-Coeur.  Le Choeur Una Voce a \u00e9t\u00e9 l&#8217;h\u00f4te du 5e colloque anuel de l&#8217;Institut gr\u00e9gorien du Canada.<\/p>\n<p>Calendrier 2014-2015 <a href=\"https:\/\/www.gregorian.ca\/wp\/wp-content\/uploads\/2015\/09\/unavoce14_15.pdf\">unavoce14_15<\/a><\/p>\n<p>Una Voce, le Ch\u0153ur gr\u00e9gorien de Saguenay, QC (hommes et femmes)<br \/>\nDir. : M. Raymond Laforge ; dir. adj. : M. Guy Lemire<br \/>\n\u00c9glise du Sacr\u00e9-Coeur<br \/>\n244, rue Boss\u00e9. Chicoutimi, QC<br \/>\nInformations : Michel.tremblay@uqac.ca<\/p>\n","protected":false},"excerpt":{"rendered":"<p>Choeur gr\u00e9gorien Una Voce de Saguenay Fond\u00e9 en 2007, le Choeur gr\u00e9gorien Una Voce de Saguenay est actuellement compos\u00e9 de 28 choristes, hommes et femmes. De 2008 \u00e0 2010, le choeur a chant\u00e9 la messe sur une base mensuelle au Monast\u00e8re des Servantes du Tr\u00e8s-Saint-Sacrement, puis \u00e0 l&#8217;\u00e9glise Christ-Roi. Depuis octobre 2010, Una Voce chante &hellip; <a href=\"https:\/\/www.gregorian.ca\/wp\/?page_id=186\" class=\"more-link\">Continue reading <span class=\"screen-reader-text\">Membres institutionnels<\/span> <span class=\"meta-nav\">&rarr;<\/span><\/a><\/p>\n","protected":false},"author":1,"featured_media":0,"parent":11,"menu_order":0,"comment_status":"closed","ping_status":"closed","template":"","meta":{"footnotes":""},"class_list":["post-186","page","type-page","status-publish","hentry"],"_links":{"self":[{"href":"https:\/\/www.gregorian.ca\/wp\/index.php?rest_route=\/wp\/v2\/pages\/186","targetHints":{"allow":["GET"]}}],"collection":[{"href":"https:\/\/www.gregorian.ca\/wp\/index.php?rest_route=\/wp\/v2\/pages"}],"about":[{"href":"https:\/\/www.gregorian.ca\/wp\/index.php?rest_route=\/wp\/v2\/types\/page"}],"author":[{"embeddable":true,"href":"https:\/\/www.gregorian.ca\/wp\/index.php?rest_route=\/wp\/v2\/users\/1"}],"replies":[{"embeddable":true,"href":"https:\/\/www.gregorian.ca\/wp\/index.php?rest_route=%2Fwp%2Fv2%2Fcomments&post=186"}],"version-history":[{"count":1,"href":"https:\/\/www.gregorian.ca\/wp\/index.php?rest_route=\/wp\/v2\/pages\/186\/revisions"}],"predecessor-version":[{"id":187,"href":"https:\/\/www.gregorian.ca\/wp\/index.php?rest_route=\/wp\/v2\/pages\/186\/revisions\/187"}],"up":[{"embeddable":true,"href":"https:\/\/www.gregorian.ca\/wp\/index.php?rest_route=\/wp\/v2\/pages\/11"}],"wp:attachment":[{"href":"https:\/\/www.gregorian.ca\/wp\/index.php?rest_route=%2Fwp%2Fv2%2Fmedia&parent=186"}],"curies":[{"name":"wp","href":"https:\/\/api.w.org\/{rel}","templated":true}]}}