{"id":180,"date":"2015-09-10T18:41:49","date_gmt":"2015-09-10T22:41:49","guid":{"rendered":"http:\/\/www.gregorian.ca\/wp\/?page_id=180"},"modified":"2015-09-10T18:44:03","modified_gmt":"2015-09-10T22:44:03","slug":"institutional-members","status":"publish","type":"page","link":"https:\/\/www.gregorian.ca\/wp\/?page_id=180","title":{"rendered":"Institutional Members"},"content":{"rendered":"<p><strong>Choeur gr\u00e9gorien Una Voce de Saguenay<\/strong><\/p>\n<p>Since October 2010, the 28 male and female choristers of Una Voce Gregorian Choir of Saguenay are singing Mass every Saturday of the month, at Sacr\u00e9-Coeur Church in Chicoutimi. The choir was founded in 2007, and sang Mass once a month in 2008-2009 at the Monat\u00e8re des Servantes du Tr\u00e8s-Saint-Sacrement, then in 2009-2010 at Christ-Roi Church. Una Voce hosted the 5th Annual Colloquium of the Gregorian Institute of Canada.<\/p>\n<p>2014-2015 Calendar\u00a0<a href=\"https:\/\/www.gregorian.ca\/wp\/wp-content\/uploads\/2015\/09\/unavoce14_15.pdf\">unavoce14_15<\/a><\/p>\n<p>Una Voce, le Ch\u0153ur gr\u00e9gorien de Saguenay, QC (male and female voices)<br \/>\nDir.: Mr Raymond Laforge ; Asst. Dir.: Mr Guy Lemire<br \/>\nSacr\u00e9-Coeur Church<br \/>\n244, rue Boss\u00e9<br \/>\nChicoutimi, QC<br \/>\nInformation: Michel.tremblay@uqac.ca<\/p>\n","protected":false},"excerpt":{"rendered":"<p>Choeur gr\u00e9gorien Una Voce de Saguenay Since October 2010, the 28 male and female choristers of Una Voce Gregorian Choir of Saguenay are singing Mass every Saturday of the month, at Sacr\u00e9-Coeur Church in Chicoutimi. The choir was founded in 2007, and sang Mass once a month in 2008-2009 at the Monat\u00e8re des Servantes du &hellip; <a href=\"https:\/\/www.gregorian.ca\/wp\/?page_id=180\" class=\"more-link\">Continue reading <span class=\"screen-reader-text\">Institutional Members<\/span> <span class=\"meta-nav\">&rarr;<\/span><\/a><\/p>\n","protected":false},"author":1,"featured_media":0,"parent":9,"menu_order":0,"comment_status":"closed","ping_status":"closed","template":"","meta":{"footnotes":""},"class_list":["post-180","page","type-page","status-publish","hentry"],"_links":{"self":[{"href":"https:\/\/www.gregorian.ca\/wp\/index.php?rest_route=\/wp\/v2\/pages\/180","targetHints":{"allow":["GET"]}}],"collection":[{"href":"https:\/\/www.gregorian.ca\/wp\/index.php?rest_route=\/wp\/v2\/pages"}],"about":[{"href":"https:\/\/www.gregorian.ca\/wp\/index.php?rest_route=\/wp\/v2\/types\/page"}],"author":[{"embeddable":true,"href":"https:\/\/www.gregorian.ca\/wp\/index.php?rest_route=\/wp\/v2\/users\/1"}],"replies":[{"embeddable":true,"href":"https:\/\/www.gregorian.ca\/wp\/index.php?rest_route=%2Fwp%2Fv2%2Fcomments&post=180"}],"version-history":[{"count":3,"href":"https:\/\/www.gregorian.ca\/wp\/index.php?rest_route=\/wp\/v2\/pages\/180\/revisions"}],"predecessor-version":[{"id":184,"href":"https:\/\/www.gregorian.ca\/wp\/index.php?rest_route=\/wp\/v2\/pages\/180\/revisions\/184"}],"up":[{"embeddable":true,"href":"https:\/\/www.gregorian.ca\/wp\/index.php?rest_route=\/wp\/v2\/pages\/9"}],"wp:attachment":[{"href":"https:\/\/www.gregorian.ca\/wp\/index.php?rest_route=%2Fwp%2Fv2%2Fmedia&parent=180"}],"curies":[{"name":"wp","href":"https:\/\/api.w.org\/{rel}","templated":true}]}}