{"id":1598,"date":"2019-03-04T10:37:20","date_gmt":"2019-03-04T15:37:20","guid":{"rendered":"http:\/\/www.gregorian.ca\/wp\/?page_id=1598"},"modified":"2019-09-03T15:39:51","modified_gmt":"2019-09-03T19:39:51","slug":"colloque-2019-st-benoit-du-lac-colloquium","status":"publish","type":"page","link":"https:\/\/www.gregorian.ca\/wp\/?page_id=1598","title":{"rendered":"Colloque 2019 \u2013 St. Beno\u00eet-du-Lac Colloquium"},"content":{"rendered":"<h5 style=\"text-align: center;\">14e Colloque annuel de l\u2019Institut gr\u00e9gorien du Canada<br \/>\n8 au 11 ao\u00fbt 2019<br \/>\nAbbaye Saint-Beno\u00eet-du-Lac (QC)<\/h5>\n<h4 style=\"text-align: center;\"><strong>14th Annual Colloquium of the Gregorian Institute of Canada<br \/>\nAugust 8-11, 2019<br \/>\nSaint-Beno\u00eet-du-Lac Abbey (QC)<\/strong><\/h4>\n<p style=\"text-align: center;\"><a href=\"https:\/\/www.gregorian.ca\/wp\/wp-content\/uploads\/2017\/02\/St-Benoit.jpg\"><img loading=\"lazy\" decoding=\"async\" class=\" wp-image-1216 aligncenter\" src=\"https:\/\/www.gregorian.ca\/wp\/wp-content\/uploads\/2017\/02\/St-Benoit-300x169.jpg\" alt=\"St Benoit\" width=\"529\" height=\"298\" srcset=\"https:\/\/www.gregorian.ca\/wp\/wp-content\/uploads\/2017\/02\/St-Benoit-300x169.jpg 300w, https:\/\/www.gregorian.ca\/wp\/wp-content\/uploads\/2017\/02\/St-Benoit.jpg 800w\" sizes=\"auto, (max-width: 529px) 100vw, 529px\" \/><\/a><br \/>\nL\u2019abbaye b\u00e9n\u00e9dictine de Saint-Beno\u00eet-du-Lac (QC)<\/p>\n<h4 style=\"text-align: center;\">(English Below)<\/h4>\n<h2 style=\"text-align: center;\">Plain-chant hispanique<\/h2>\n<p><span style=\"font-family: Times New Roman,serif;\"><span style=\"font-size: medium;\">Le colloque portera sur le chant hispanique (souvent appel\u00e9 mozarabe), du plus ancien r\u00e9pertoire conserv\u00e9 dans les manuscrits m\u00e9di\u00e9vaux jusqu&#8217;aux diverses tentatives de r\u00e9novations entreprises \u00e0 partir du <\/span><\/span><span style=\"font-family: Times New Roman,serif;\"><span style=\"font-size: small;\">XV<\/span><\/span><sup><span style=\"font-family: Times New Roman,serif;\"><span style=\"font-size: medium;\">e<\/span><\/span><\/sup><span style=\"font-family: Times New Roman,serif;\"><span style=\"font-size: medium;\"> si\u00e8cle.<\/span><\/span><\/p>\n<p><span style=\"font-family: Times New Roman,serif;\"><span style=\"font-size: medium;\">Les participants auront l&#8217;occasion de se familiariser avec ce r\u00e9pertoire lors d&#8217;ateliers pratiques dirig\u00e9s par Juan Carlos Asensio Palacios, directeur de la Schola Antiqua de Madrid et musicologue r\u00e9put\u00e9. M. Asensio partagera \u00e9galement ses connaissances de l&#8217;histoire du chant liturgique hispanique, de ses sources manuscrites et des efforts d\u00e9ploy\u00e9s pour le faire revivre.<\/span><\/span><\/p>\n<p><span style=\"font-family: Times New Roman,serif;\"><span style=\"font-size: medium;\">Le colloque se terminera l&#8217;apr\u00e8s-midi du 11 ao\u00fbt par un concert <\/span><\/span><span style=\"font-family: Times New Roman,serif;\"><span style=\"font-size: medium;\"><i>Chant hispanique et orgue<\/i><\/span><\/span><span style=\"font-family: Times New Roman,serif;\"><span style=\"font-size: medium;\"> pr\u00e9sent\u00e9 dans l&#8217;\u00e9glise abbatiale de Saint-Beno\u00eet-du Lac. Les participants y pr\u00e9senteront, sous la direction de M. Asensio, le r\u00e9sultat du travail r\u00e9alis\u00e9 au cours du week-end. L&#8217;organiste dom Richard Gagn\u00e9 improvisera \u00e0 l&#8217;orgue sur les chants interpr\u00e9t\u00e9s par les participants au colloque.<\/span><\/span><\/p>\n<p style=\"text-align: center;\"><a href=\"https:\/\/www.gregorian.ca\/wp\/wp-content\/uploads\/2019\/03\/JuanCarlosPIC.jpg\"><img loading=\"lazy\" decoding=\"async\" class=\"size-full wp-image-1603 aligncenter\" src=\"https:\/\/www.gregorian.ca\/wp\/wp-content\/uploads\/2019\/03\/JuanCarlosPIC.jpg\" alt=\"JuanCarlosPIC\" width=\"201\" height=\"248\" \/><\/a><span lang=\"en-US\">JUAN CARLOS ASENSIO PALACIOS<\/span><\/p>\n<p>JUAN CARLOS ASENSIO PALACIOS a fait ses premi\u00e8res \u00e9tudes \u00e0 l&#8217;abbaye b\u00e9n\u00e9dictine Santa Cruz del Valle de los Ca\u00eddos. Il a par la suite \u00e9tudi\u00e9 au Conservatoire royal de Madrid. Il contribue au <i>R\u00e9pertoire international des sources musicales <\/i>(<i>RISM<\/i>), a publi\u00e9 de nombreux articles dans des revues sp\u00e9cialis\u00e9es et a pr\u00e9par\u00e9 l&#8217;\u00e9dition du <i>C\u00f3dice de Madrid<\/i> ainsi que celle du <i>Codex de Las Huelgas<\/i>. Il a \u00e9galement publi\u00e9, aux \u00e9ditions Alianza, une monographie intitul\u00e9e <i>El Canto Gregoriano<\/i>. Asensio poursuit sa collaboration avec l&#8217;Atelier de pal\u00e9ographie musicale de l&#8217;abbaye Saint-Pierre de Solesmes (France). Durant plusieurs ann\u00e9es il a occup\u00e9 le poste de professeur de musicologie au Conservatoire royal, \u00e0 Salamanque. Il occupe pr\u00e9sentement le poste de professeur de musicologie \u00e0 l&#8217;\u00c9cole sup\u00e9rieure de musique de Barcelone ainsi qu&#8217;au Conservatoire royal de Madrid. Depuis 1996, il est directeur de la Schola Antiqua et est membre, depuis 2001, du Conseil de direction de l&#8217;Association internationnale pour l&#8217;\u00e9tude du chant gr\u00e9gorien (AISCGre). De plus, il est chercheur associ\u00e9 au CILengua, membre du groupe <i>Bibliopegia<\/i> et directeur de la revue sp\u00e9cialis\u00e9 <i>Estudios Gregorianos<\/i>.<\/p>\n<p style=\"text-align: center;\"><span style=\"font-size: small;\"><a href=\"https:\/\/www.gregorian.ca\/wp\/?attachment_id=1677\" rel=\"attachment wp-att-1677\">Musique du colloque: ChantHispanique[1]<\/a><br \/>\n<a href=\"https:\/\/www.gregorian.ca\/wp\/?attachment_id=1678\" rel=\"attachment wp-att-1678\">Musique du colloque: ChantHispanique[2]<\/a><\/span><br \/>\n<span style=\"font-size: small;\"><a href=\"https:\/\/www.gregorian.ca\/wp\/?attachment_id=1676\" rel=\"attachment wp-att-1676\">Musique du colloque: Cisneros_Cantorale_II<\/a><\/span><\/p>\n<h5 style=\"text-align: center;\"><a href=\"https:\/\/www.gregorian.ca\/wp\/wp-content\/uploads\/2017\/06\/Richard-Gagne-chant-gergorien-81258.jpg\"><img loading=\"lazy\" decoding=\"async\" class=\"alignnone size-medium wp-image-1353\" src=\"https:\/\/www.gregorian.ca\/wp\/wp-content\/uploads\/2017\/06\/Richard-Gagne-chant-gergorien-81258-300x203.jpg\" alt=\"Dom Richard Gagn\u00e9Chant gr\u00e9gorien\" width=\"300\" height=\"203\" srcset=\"https:\/\/www.gregorian.ca\/wp\/wp-content\/uploads\/2017\/06\/Richard-Gagne-chant-gergorien-81258-300x203.jpg 300w, https:\/\/www.gregorian.ca\/wp\/wp-content\/uploads\/2017\/06\/Richard-Gagne-chant-gergorien-81258-1024x693.jpg 1024w\" sizes=\"auto, (max-width: 300px) 100vw, 300px\" \/><\/a><\/h5>\n<p style=\"text-align: center;\">Cr\u00e9dit photo : Jeannot L\u00e9vesque<\/p>\n<p style=\"text-align: left;\">Dom Richard Gagn\u00e9 est moine b\u00e9n\u00e9dictin \u00e0 l\u2019abbaye de Saint-Beno\u00eet-du-Lac o\u00f9 il occupe depuis 2003 la fonction de ma\u00eetre de ch\u0153ur. Entr\u00e9 au monast\u00e8re en 1976, dom Gagn\u00e9 est \u00e9galement un des organistes de l\u2019abbaye. Il a fait ses \u00e9tudes musicales en orgue et en \u00e9criture au Conservatoire de musique de Qu\u00e9bec. De plus, il a re\u00e7u l\u2019essentiel de sa formation d\u2019improvisateur aupr\u00e8s de Raymond Daveluy. De 1996 \u00e0 2003, il a succ\u00e9d\u00e9 \u00e0 dom Jean Claire comme ma\u00eetre de ch\u0153ur de l\u2019abbaye Saint-Pierre de Solesmes o\u00f9 il fut \u00e9galement organiste titulaire \u00e0 partir de 1998.<\/p>\n<p style=\"text-align: center;\"><a href=\"https:\/\/www.gregorian.ca\/wp\/?attachment_id=1691\" rel=\"attachment wp-att-1691\">Horaire (pdf)<\/a><\/p>\n<p align=\"CENTER\"><span style=\"font-family: Times New Roman,serif;\"><span style=\"font-size: medium;\"><u><b>Frais d&#8217;inscription<\/b><\/u><\/span><\/span><\/p>\n<p><span style=\"font-family: Times New Roman,serif;\"><span style=\"font-size: medium;\"><strong> Adh\u00e9sion IGC Juillet 2019-Juin 2020<\/strong> (obligatoire \u00e0 moins d\u2019\u00eatre d\u00e9j\u00e0 membre)<br \/>\nR\u00e9gulier : 30$<br \/>\nFaible revenu (moins de 30,000$\/an) : 20$<\/span><\/span><\/p>\n<p><span style=\"font-family: Times New Roman,serif;\"><span style=\"font-size: medium;\"><strong>Inscription compl\u00e8te<\/strong> (comprend toutes les s\u00e9ances)<br \/>\nR\u00e9gulier : 180$<br \/>\n<\/span><\/span><span style=\"font-family: Times New Roman,serif;\"><span style=\"font-size: medium;\">Faible revenu : 150$<\/span><\/span><\/p>\n<p><span style=\"font-family: Times New Roman,serif;\"><span style=\"font-size: medium;\"><strong>Inscription d&#8217;un jour : Jeudi 8 ao\u00fbt seulement<\/strong> (comprend toutes les s\u00e9ances)*<br \/>\nR\u00e9gulier : 40$<br \/>\nFaible revenu : 30$<\/span><\/span><\/p>\n<p><span style=\"font-family: Times New Roman,serif;\"><span style=\"font-size: medium;\"><strong>Inscription d&#8217;un jour : Vendredi 9 ao\u00fbt seulement<\/strong> (comprend toutes les<br \/>\ns\u00e9ances)*<br \/>\nR\u00e9gulier : 80$<br \/>\nFaible revenu : 60$<br \/>\n<\/span><\/span><\/p>\n<p><strong>Inscription d&#8217;un jour : Samedi 10 ao\u00fbt seulement<\/strong> (comprend toutes les s\u00e9ances)*<br \/>\nR\u00e9gulier : 80$<br \/>\nFaible revenu : 60$<\/p>\n<p><strong>Inscription d&#8217;un jour : Dimanche 11 ao\u00fbt seulement<\/strong> (comprend toutes les<br \/>\ns\u00e9ances)*<br \/>\nR\u00e9gulier : 40$<br \/>\nFaible revenu : 30$<\/p>\n<p><span style=\"font-family: Times New Roman,serif;\"><span style=\"font-size: small;\">* Adh\u00e9sion obligatoire \u00e0 l&#8217;IGC en sus.<\/span><\/span><\/p>\n<p><span style=\"font-family: Times New Roman,serif;\"><span style=\"font-size: medium;\">S.V.P. songez \u00e0 inclure un don (d\u00e9ductible d\u2019imp\u00f4t) afin de nous aider \u00e0 couvrir les frais<br \/>\nimpr\u00e9vus.<\/span><\/span><\/p>\n<form action=\"https:\/\/www.paypal.com\/cgi-bin\/webscr\" method=\"post\" target=\"_top\"><input name=\"cmd\" type=\"hidden\" value=\"_s-xclick\" \/><br \/>\n<input name=\"hosted_button_id\" type=\"hidden\" value=\"6UA76YKL3BZ8G\" \/><\/form>\n<p align=\"CENTER\"><span style=\"font-family: Times New Roman,serif;\"><span style=\"font-size: medium;\"><u><b>H\u00e9bergement<\/b><\/u><\/span><\/span><\/p>\n<p><span style=\"font-family: Times New Roman,serif;\"><span style=\"font-size: medium;\">Les participants doivent r\u00e9server leur h\u00e9bergement eux-m\u00eames. <\/span><\/span><\/p>\n<p><span style=\"font-family: Times New Roman,serif;\"><span style=\"font-size: medium;\">Pour r\u00e9server une chambre \u00e0 l&#8217;h\u00f4tellerie de l&#8217;abbaye de Saint-Beno\u00eet-du-Lac* :<br \/>\nPar t\u00e9l\u00e9phone : 1 819 843-4080<br \/>\nSans frais : 1 877 565-4080, poste 0<br \/>\nPar courriel** : reservation2030@gmail.com<br \/>\n* En mentionnant que c&#8217;est pour le colloque de l&#8217;IGC.<br \/>\n** Pour les r\u00e9servations par courriel, donnez un num\u00e9ro de t\u00e9l\u00e9phone ainsi que l&#8217;heure approximative d&#8217;arriv\u00e9e.<br \/>\nTarifs de l&#8217;h\u00f4tellerie (incluant les repas)*** :<br \/>\nChambre r\u00e9guli\u00e8re individuelle avec lavabo (toilettes et douches communes) &#8230;&#8230;. 70$\/nuit<br \/>\nChambre individuelle avec toilette et douche (seulement 4 disponibles) &#8230;&#8230;&#8230;&#8230;.. 85$\/nuit<br \/>\nUne suite disponible (chambre, sale de s\u00e9jour et salle de bain compl\u00e8te) :<br \/>\noccupation simple &#8230;&#8230;&#8230;&#8230;&#8230;&#8230;&#8230;&#8230;&#8230;&#8230;&#8230;&#8230;&#8230;&#8230;&#8230;&#8230;&#8230;&#8230;&#8230;&#8230;&#8230;&#8230;.. 120$\/nuit<br \/>\noccupation double &#8230;&#8230;&#8230;&#8230;&#8230;&#8230;&#8230;&#8230;&#8230;&#8230;&#8230;&#8230;&#8230;&#8230;&#8230;&#8230;&#8230;&#8230;&#8230;&#8230;&#8230;&#8230;.. 190$\/nuit<br \/>\n*** Les draps et les serviettes sont fournies.<\/span><\/span><\/p>\n<p>N.B. Les participants ne r\u00e9sidant pas \u00e0 l&#8217;abbaye et qui d\u00e9sireraient prendre des<br \/>\nrepas sur place sont pri\u00e9s de faire les arrangements n\u00e9cessaires d\u00e8s leur arriv\u00e9e, \u00e0 la<br \/>\nporterie de l&#8217;abbaye.<br \/>\nQuestions ? igc.gic@gmail.com<\/p>\n<hr \/>\n<h2 style=\"text-align: center;\">Hispanic Plainchant<\/h2>\n<p><span style=\"font-family: Times New Roman,serif;\"><span style=\"font-size: medium;\"><span lang=\"en-CA\">The colloquium centres on Hispanic chant (often called Mozarabic chant), from the most ancient repertoire preserved in medieval manuscripts to the many attempts at revival from the 15th century onwards. <\/span><\/span><\/span><\/p>\n<p><span style=\"font-family: Times New Roman,serif;\"><span style=\"font-size: medium;\"><span lang=\"en-CA\">Participants will have the opportunity to acquaint themselves with this repertoire through workshops conducted by Juan Carlos Asensio Palacios, Director of the Schola Antiqua of Madrid and a renowned musicologist. Mr. Asensio will also share his knowledge of the history of Hispanic liturgical chant, its manuscript sources, and efforts aimed at its revival.<\/span><\/span><\/span><\/p>\n<p><span style=\"font-family: Times New Roman,serif;\"><span style=\"font-size: medium;\"><span lang=\"en-CA\">The colloquium will conclude on August 11 in the afternoon with a concert of <\/span><\/span><\/span><span style=\"font-family: Times New Roman,serif;\"><span style=\"font-size: medium;\"><span lang=\"en-CA\"><i>Hispanic Chant and Organ<\/i><\/span><\/span><\/span><span style=\"font-family: Times New Roman,serif;\"><span style=\"font-size: medium;\"><span lang=\"en-CA\"> presented in the abbatial church of Saint-Beno\u00eet-du-Lac. Under the direction of Mr. Asensio, participants will present the fruit of the work they have accomplished over the course of the weekend. Organist Dom Richard Gagn\u00e9 will improvise at the organ on chants performed by Colloquium participants. <\/span><\/span><\/span><\/p>\n<p><a href=\"https:\/\/www.gregorian.ca\/wp\/wp-content\/uploads\/2019\/03\/JuanCarlosPIC.jpg\"><img loading=\"lazy\" decoding=\"async\" class=\"size-full wp-image-1603 aligncenter\" src=\"https:\/\/www.gregorian.ca\/wp\/wp-content\/uploads\/2019\/03\/JuanCarlosPIC.jpg\" alt=\"JuanCarlosPIC\" width=\"201\" height=\"248\" \/><\/a><\/p>\n<p style=\"text-align: center;\"><span lang=\"en-US\">JUAN CARLOS ASENSIO PALACIOS<\/span><\/p>\n<p><span lang=\"en\">His early studies at the choir school of the benedictine Abbey of Santa Cruz del Valle de los Ca\u00eddos were continued at the Royal Conservatory in Madrid. He is a contributor to the <\/span><span lang=\"en\"><i>R\u00e9pertoire international des sources musicales <\/i><\/span><span lang=\"en\">(<\/span><span lang=\"en\"><i>RISM<\/i><\/span><span lang=\"en\">). He has published numerous articles in specialized journals, and published editions of both the <\/span><span lang=\"en\"><i>C\u00f3dice de Madrid<\/i><\/span><span lang=\"en\"> and the <\/span><span lang=\"en\"><i>Las Huelgas Codex<\/i><\/span><span lang=\"en\">. He also published a monograph for Alianza Editorial entitled <\/span><span lang=\"en\"><i>El Canto Gregoriano<\/i><\/span><span lang=\"en\">. Asensio continues to collaborate with the Atelier de pal\u00e9ographie musicale at the Abbey of Saint-Pierre de Solesmes (France). For several years he served as professor of musicology at the Royal Conservatory, in Salamanca. Juan Carlos currently holds dual appointment as professor of musicology at Barcelona\u2019s Escola Superior de M\u00fasica as well as at Madrid\u2019s Royal Conservatory. He has directed the Schola Antiqua since 1996, and since 2001 he has been a member of the Board of Directors of the <\/span><span lang=\"en-US\">International Association for Studies of Gregorian Chant <\/span>(AISCGre)<span lang=\"en\">. In addition, he is associated researcher with CILengua, a member of the study group <\/span><span lang=\"en\"><i>Bibliopegia<\/i><\/span><span lang=\"en\">, and editor of the scholarly journal <\/span><span lang=\"en\"><i>Estudios Gregorianos<\/i><\/span><span lang=\"en\">.<\/span><\/p>\n<p style=\"text-align: center;\"><span style=\"font-size: small;\"><a href=\"https:\/\/www.gregorian.ca\/wp\/?attachment_id=1677\" rel=\"attachment wp-att-1677\">Colloquium Music: ChantHispanique[1]<\/a><br \/>\n<a href=\"https:\/\/www.gregorian.ca\/wp\/?attachment_id=1678\" rel=\"attachment wp-att-1678\">Colloquium Music: ChantHispanique[2]<\/a><\/span><br \/>\n<span style=\"font-size: small;\"><a href=\"https:\/\/www.gregorian.ca\/wp\/?attachment_id=1676\" rel=\"attachment wp-att-1676\">Colloquium Music: Cisneros_Cantorale_II<\/a><\/span><\/p>\n<h5 style=\"text-align: center;\"><a href=\"https:\/\/www.gregorian.ca\/wp\/wp-content\/uploads\/2017\/06\/Richard-Gagne-chant-gergorien-81258.jpg\"><img loading=\"lazy\" decoding=\"async\" class=\"alignnone size-medium wp-image-1353\" src=\"https:\/\/www.gregorian.ca\/wp\/wp-content\/uploads\/2017\/06\/Richard-Gagne-chant-gergorien-81258-300x203.jpg\" alt=\"Dom Richard Gagn\u00e9Chant gr\u00e9gorien\" width=\"300\" height=\"203\" srcset=\"https:\/\/www.gregorian.ca\/wp\/wp-content\/uploads\/2017\/06\/Richard-Gagne-chant-gergorien-81258-300x203.jpg 300w, https:\/\/www.gregorian.ca\/wp\/wp-content\/uploads\/2017\/06\/Richard-Gagne-chant-gergorien-81258-1024x693.jpg 1024w\" sizes=\"auto, (max-width: 300px) 100vw, 300px\" \/><\/a><\/h5>\n<p style=\"text-align: center;\">Photo credit: Jeannot L\u00e9vesque<\/p>\n<p>Dom Richard Gagn\u00e9 embraced monastic life in 1976 and is a Benedictine monk at the Abbey of Saint-Beno\u00eet-du-Lac. He has served there as Choirmaster since 2003 and also as one of the monastery\u2019s organists. He studied organ and composition at the Conservatoire de musique de Qu\u00e9bec, in addition to learning improvisation, for the most part with Raymond Daveluy. From 1996 to 2003 he succeeded Dom Jean Claire as Choirmaster of the Abbey of Saint-Pierre de Solesmes, and served as that institution\u2019s organist starting in 1998.<\/p>\n<p align=\"CENTER\"><strong><a href=\"https:\/\/www.gregorian.ca\/wp\/?attachment_id=1691\" rel=\"attachment wp-att-1691\">Schedule (pdf)<\/a><\/strong><\/p>\n<p align=\"CENTER\"><span style=\"font-family: Times New Roman,serif;\"><span style=\"font-size: medium;\"><span lang=\"en-US\"><u><b>Registration Fees<\/b><\/u><\/span><\/span><\/span><\/p>\n<p><span style=\"font-family: Times New Roman,serif;\"><span style=\"font-size: medium;\"><span lang=\"en-US\"><strong>GIC membership July 2019-June 2020<\/strong> (required if not already a member)<br \/>\nRegular: $30<br \/>\nLow-income (under $30,000 a year): $20<\/span><\/span><\/span><\/p>\n<p><span style=\"font-family: Times New Roman,serif;\"><span style=\"font-size: medium;\"><span lang=\"en-US\"><strong>Full registration fees<\/strong> (all sessions)<br \/>\nRegular: $180<br \/>\nLow-income: $150<\/span><\/span><\/span><\/p>\n<p><strong>Single-day registration: Thursday, August 8 only<\/strong> (all sessions)*<br \/>\nRegular: $40<br \/>\nLow-income: $30<\/p>\n<p><strong>Single-day registration: Friday, August 9 only<\/strong> (all sessions)*<br \/>\nRegular: $80<br \/>\nLow-income: $60<\/p>\n<p><strong>Single-day registration: Saturday, August 10 only<\/strong> (all sessions)*<br \/>\nRegular: $80<br \/>\nLow-income: $60<\/p>\n<p><strong>Single-day registration: Sunday, August 11 only<\/strong> (all sessions)*<br \/>\nRegular: $40<br \/>\nLow-income: $30<\/p>\n<p><span style=\"font-family: Times New Roman,serif;\"><span style=\"font-size: small;\"><span lang=\"en-US\">* Add required GIC Membership.<\/span><\/span><\/span><\/p>\n<p>Please consider including a tax-deductible donation to help cover additional costs.<\/p>\n<p>N.B. All amounts are in Canadian dollars.<\/p>\n<p align=\"CENTER\"><span style=\"font-family: Times New Roman,serif;\"><span style=\"font-size: medium;\"><span lang=\"en-US\"><u><b>Accommodation<\/b><\/u><\/span><\/span><\/span><\/p>\n<p><span style=\"font-family: Times New Roman,serif;\"><span style=\"font-size: medium;\"><span lang=\"en-US\">Attendees are asked to organize their own accommodation. <\/span><\/span><\/span><\/p>\n<p>To book a room at Saint-Beno\u00eet-du-Lac Abbey&#8217;s Guesthouse*:<br \/>\nPhone: 1 819 843-4080<br \/>\nToll free: 1 877 565-4080, ext. 0<br \/>\nE-mail**: reservation2030@gmail.com<br \/>\n* Please mention it is for GIC Colloquium.<br \/>\n** For e-mail reservation, please give a phone number, and indicate approximate time of arrival.<br \/>\nGuesthouse rates (including meals)*** :<br \/>\nRegular single room with sink (shared toilets and showers) &#8230;&#8230;&#8230;&#8230;&#8230;&#8230;&#8230;&#8230;.. $70\/night<br \/>\nSingle room with toilet and shower (only 4 available) &#8230;&#8230;&#8230;&#8230;&#8230;&#8230;&#8230;&#8230;&#8230;&#8230;&#8230; $85\/night<br \/>\nOn suite available (room, living room and complete bathroom) :<br \/>\nSingle occupancy &#8230;&#8230;&#8230;&#8230;&#8230;&#8230;&#8230;&#8230;&#8230;&#8230;&#8230;&#8230;&#8230;&#8230;&#8230;&#8230;&#8230;&#8230;&#8230;&#8230;&#8230;&#8230;. $120\/night<br \/>\nSingle occupancy &#8230;&#8230;&#8230;&#8230;&#8230;&#8230;&#8230;&#8230;&#8230;&#8230;&#8230;&#8230;&#8230;&#8230;&#8230;&#8230;&#8230;&#8230;&#8230;&#8230;&#8230;&#8230;. $190\/night<br \/>\n*** Bed sheets and towels supplied.<\/p>\n<p>N.B. Attendees who do not stay at the Abbey, and who wish to take their meals at the Abbey have to make arrangements at the Abbey reception desk upon arrival.<br \/>\nQuestions? igc.gic@gmail.com<\/p>\n","protected":false},"excerpt":{"rendered":"<p>14e Colloque annuel de l\u2019Institut gr\u00e9gorien du Canada 8 au 11 ao\u00fbt 2019 Abbaye Saint-Beno\u00eet-du-Lac (QC) 14th Annual Colloquium of the Gregorian Institute of Canada August 8-11, 2019 Saint-Beno\u00eet-du-Lac Abbey (QC) L\u2019abbaye b\u00e9n\u00e9dictine de Saint-Beno\u00eet-du-Lac (QC) (English Below) Plain-chant hispanique Le colloque portera sur le chant hispanique (souvent appel\u00e9 mozarabe), du plus ancien r\u00e9pertoire conserv\u00e9 &hellip; <a href=\"https:\/\/www.gregorian.ca\/wp\/?page_id=1598\" class=\"more-link\">Continue reading <span class=\"screen-reader-text\">Colloque 2019 \u2013 St. Beno\u00eet-du-Lac Colloquium<\/span> <span class=\"meta-nav\">&rarr;<\/span><\/a><\/p>\n","protected":false},"author":1,"featured_media":0,"parent":0,"menu_order":0,"comment_status":"closed","ping_status":"closed","template":"","meta":{"footnotes":""},"class_list":["post-1598","page","type-page","status-publish","hentry"],"_links":{"self":[{"href":"https:\/\/www.gregorian.ca\/wp\/index.php?rest_route=\/wp\/v2\/pages\/1598","targetHints":{"allow":["GET"]}}],"collection":[{"href":"https:\/\/www.gregorian.ca\/wp\/index.php?rest_route=\/wp\/v2\/pages"}],"about":[{"href":"https:\/\/www.gregorian.ca\/wp\/index.php?rest_route=\/wp\/v2\/types\/page"}],"author":[{"embeddable":true,"href":"https:\/\/www.gregorian.ca\/wp\/index.php?rest_route=\/wp\/v2\/users\/1"}],"replies":[{"embeddable":true,"href":"https:\/\/www.gregorian.ca\/wp\/index.php?rest_route=%2Fwp%2Fv2%2Fcomments&post=1598"}],"version-history":[{"count":47,"href":"https:\/\/www.gregorian.ca\/wp\/index.php?rest_route=\/wp\/v2\/pages\/1598\/revisions"}],"predecessor-version":[{"id":1702,"href":"https:\/\/www.gregorian.ca\/wp\/index.php?rest_route=\/wp\/v2\/pages\/1598\/revisions\/1702"}],"wp:attachment":[{"href":"https:\/\/www.gregorian.ca\/wp\/index.php?rest_route=%2Fwp%2Fv2%2Fmedia&parent=1598"}],"curies":[{"name":"wp","href":"https:\/\/api.w.org\/{rel}","templated":true}]}}