{"id":120,"date":"2015-09-10T16:20:28","date_gmt":"2015-09-10T20:20:28","guid":{"rendered":"http:\/\/www.gregorian.ca\/wp\/?page_id=120"},"modified":"2024-06-01T12:02:22","modified_gmt":"2024-06-01T16:02:22","slug":"cantemus-archives","status":"publish","type":"page","link":"https:\/\/www.gregorian.ca\/wp\/?page_id=120","title":{"rendered":"Cantemus (Archives)"},"content":{"rendered":"\n<h4 class=\"wp-block-heading\"><strong>Bulletin de l\u2019Institut gr\u00e9gorien du Canada<\/strong><\/h4>\n\n\n\n<p><strong>Mai 2024 Vol 13, Num 1<\/strong> (liens ci-dessous)<br>Compte-rendu du Colloque 2023<br>Chant gr\u00e9gorien \u00e0 Halifax<br>Une Montr\u00e9alaise \u00e0 Maastricht<br>Financement pour le projet DACT<br>\u00ab Sarum Rite \u00bb mise \u00e0 jour<br>Chanter de fragments musicaux<\/p>\n\n\n<p><a href=\"https:\/\/www.gregorian.ca\/wp\/?attachment_id=2392\" rel=\"attachment wp-att-2392\">Cantemus-2024-FR-1-11<\/a><\/p>\n<p><a href=\"https:\/\/www.gregorian.ca\/wp\/?attachment_id=2393\" rel=\"attachment wp-att-2393\">Cantemus-2024-FR-12-14<\/a><\/p>\n\n\n<p><strong><a href=\"https:\/\/www.gregorian.ca\/wp\/wp-content\/uploads\/2024\/01\/Cantemus-2023-FR.pdf\">Mars 2023 Vol. 12<\/a><\/strong><br>Compte-rendu du Colloque 2022 de l\u2019IgC La f\u00eate de sainte Marguerite : York et Sarum<br>Dom Joseph Pothier (1835-1923) : un pionnier de restauration du chant gr\u00e9gorien<br>Le monast\u00e8re de Christminster<br>Nouvelle publication : Le <em>Sarum Gradual Latin<\/em><\/p>\n\n\n\n<p><strong><a href=\"https:\/\/www.gregorian.ca\/wp\/wp-content\/uploads\/2024\/01\/Cantemus-2021-FR.pdf\">Juin 2021 Vol. 11<\/a><\/strong><br>Le chant Sarum chant\u00e9 au Japon (Fichiers suppl\u00e9mentaires : <a href=\"https:\/\/www.gregorian.ca\/wp\/?attachment_id=2034\" rel=\"attachment wp-att-2034\">Tableau 1<\/a>, <a href=\"https:\/\/www.gregorian.ca\/wp\/?attachment_id=2035\" rel=\"attachment wp-att-2035\">Tableau 2<\/a>)<br>UNA VOCE et les Servantes du Tr\u00e8s-Saint-Sacrement<\/p>\n\n\n\n<p><strong><a href=\"https:\/\/www.gregorian.ca\/wp\/wp-content\/uploads\/2024\/01\/Cantemus-2020-FR.pdf\">Mars 2020 Vol. 10<\/a><\/strong><br>Compte-rendu du 14<sup>e<\/sup> Colloque annuel de l&#8217;Institut gr\u00e9gorien du Canada<br>Une exp\u00e9rience de V\u00eapres en chant gr\u00e9gorien<br>Une nouvelle \u00ab Base de donn\u00e9es du plain-chant au Canada \u00bb pour les manuscrits et les fragments de manuscrits<br>LE GR\u00c9GORIEN TOUJOURS VIVANT! \u2014 15<sup>e<\/sup> Colloque annuel de l\u2019IgC<br>Lancement d\u2019un cd tr\u00e8s sp\u00e9cial pour le 10e anniversaire de l\u2019Ensemble Scholastica!<br>La rechereche nouvelle du plain-chant ancien<\/p>\n\n\n\n<p><strong><a href=\"https:\/\/www.gregorian.ca\/wp\/wp-content\/uploads\/2019\/05\/cantemus-2019-French.pdf\">Mai 2019 Vol. 9<\/a><\/strong><br>13<sup>e<\/sup> colloque annuel de l&#8217;IGC au coll\u00e8ge universitaire Huron<br>Colloque 2019 : Plain-chant hispanique \u00e0 l&#8217;abbaye de Saint-Beno\u00eet-du-Lac<br>V\u00eapres et Complies selon l&#8217;usage de Sarum<br>La f\u00eate de Sainte-C\u00e9cile selon l&#8217;usage de York<br><\/p>\n\n\n\n<p><strong><a href=\"https:\/\/www.gregorian.ca\/wp\/wp-content\/uploads\/2018\/11\/Cantemus-2018-French.pdf\">Avril 2018 Vol. 8<\/a><\/strong><br>12<sup>e<\/sup> colloque annuel de l\u2019Institut gr\u00e9gorien du Canada Saint-Beno\u00eet-du-Lac<br>Une interview de William Oates, fondateur et membre honoraire de l\u2019IgC<br>13<sup>e<\/sup> Colloque annuel 2018<br>Chanter sur la place publique : La Schola Cantorum de Halifax vient d\u2019avoir dix ans<br><em>Nota bene.<\/em> La version anglaise de Cantemus comprend un article intitul\u00e9 : &#8220;Setting English Texts to the Simple Gregorian Psalm Tones&#8221;<\/p>\n\n\n\n<p><strong><a href=\"https:\/\/www.gregorian.ca\/wp\/wp-content\/uploads\/2017\/03\/cantemus-2017-French-2.pdf\">F<strong>\u00e9<\/strong>vrier 2017 Vol. 7<\/a><\/strong><br>Compte-rendu Toronto 2016<br>Le projet Sarum \u2013 Rapport d&#8217;\u00e9tape<br>Formation gr\u00e9gorienne au Saguenay<br>V\u00eapres \u00e0 l&#8217;\u00e9glise St-L\u00e9on de Westmount<br>Une repr\u00e9sentation publique de l&#8217;office de la Translation de St-Osmund<br>12<sup>e<\/sup> Colloque annuel de l&#8217;Institut gr\u00e9gorien du Canada<br>Un mot de pr\u00e9sentation d&#8217;un nouveau membre du CA<\/p>\n\n\n\n<p><strong><a href=\"https:\/\/www.gregorian.ca\/wp\/wp-content\/uploads\/2017\/02\/cantemus_fr_v6_1.pdf\">Juillet 2012 Vol. 6<\/a><\/strong><br>7<sup>e<\/sup> colloque annuel de l&#8217;Institut gr\u00e9gorien du Canada Montr\u00e9al 2012<br>Kalamazoo<br>CANTUS : une base de donn\u00e9es pour le chant eccl\u00e9siatique latin<\/p>\n\n\n\n<p><strong><a href=\"https:\/\/www.gregorian.ca\/wp\/wp-content\/uploads\/2015\/09\/cantemus_fr_v5_2.pdf\">D\u00e9cembre 2011 Vol. 5, N<sup>o<\/sup>. 2<\/a><\/strong><br>6<sup>e<\/sup> colloque annuel de l&#8217;IGC<br>Changement au sein du Conseil d&#8217;administration de l&#8217;IgC<br>Cantemus : Nouveau format \u2014 Nouvel \u00e9diteur<br>Nouveau domicile pour les chants du rite de Sarum<br>Ch\u0153ur gr\u00e9gorien de Montr\u00e9al<br>Publication du Dr. Neil Moran, membre de l&#8217;IgC<br>L&#8217;Institut revient \u00e0 Kalamazoo<br>Virgo Splendens : Nouveau CD de la Schola Magdalena<br>Colloque 2012<\/p>\n\n\n\n<p><strong><a href=\"https:\/\/www.gregorian.ca\/wp\/wp-content\/uploads\/2015\/09\/cantemus_fr_v5_1.pdf\">Mars 2011 Vol. 5, N<sup>o<\/sup>. 1<\/a><\/strong><br>Retour sur le 5<sup>e<\/sup> colloque annuel<br>Schola Cantorum de Hamilton<br>4<sup>e<\/sup> Journ\u00e9es gr\u00e9goriennes de Montr\u00e9al<br>Actes du 4<sup>e<\/sup> colloque annuel<br>Nouvelles de la Schola Magdalena<br>Plain-chant : L&#8217;ancien et le Nouveau, 6e colloque annuel de l&#8217;IgC<\/p>\n\n\n\n<p><strong><a href=\"https:\/\/www.gregorian.ca\/wp\/wp-content\/uploads\/2015\/09\/cantemus_fr_v4_1.pdf\">Mars 2010 Vol. 4<\/a><\/strong><br>4<sup>e<\/sup> colloque annuel de L\u2019Institut gr\u00e9gorien du Canada<br>Exposition : Le plain-chant au Canada \u00e0 l\u2019\u00e9poque coloniale<br>15 ans de chant gr\u00e9gorien avec la Schola Saint Gr\u00e9goire de Montr\u00e9al<br>Troisi\u00e8mes Journ\u00e9es gr\u00e9goriennes de Montr\u00e9al<br>\u00ab Chants gr\u00e9goriens \u00e0 la Vierge Marie \u00bb Cinqui\u00e8me colloque annuel de l\u2019IgC<\/p>\n\n\n\n<p><strong><a href=\"https:\/\/www.gregorian.ca\/wp\/wp-content\/uploads\/2015\/09\/cantemus_fr_v3_1.pdf\">Janvier 2009 Vol. 3<\/a><\/strong><br>Dans les coulisses du colloque 2008<br>Schola Magdalena<br>Journ\u00e9es gr\u00e9goriennes \u00e0 Qu\u00e9bec<br>Festival gr\u00e9gorien 2008<br>Kalamazoo 2008<br>4<sup>e<\/sup> colloque annuel de Les traditions du plain-chant occidental<\/p>\n\n\n\n<p><strong><a href=\"https:\/\/www.gregorian.ca\/wp\/wp-content\/uploads\/2015\/09\/cantemus_fr_v2_1.pdf\">F\u00e9vrier 2008 Vol. 2<\/a><\/strong><br>P\u00e8lerinage \u00e0 Kalamazoo<br>L\u2019Institut retourne \u00e0 Kalamazoo<br>Colloque de l\u2019Institut gr\u00e9gorien : Juillet 2007<br>Le testament d\u2019un cur\u00e9 et la naissance d\u2019un nouveau ch\u0153ur gr\u00e9gorien<br>Journ\u00e9es gr\u00e9goriennes \u00e0 l\u2019\u00e9glise Saint-Viateur<br>Musique de l\u2019Office de Sarum : \u00c9tat du projet<br>Deuxi\u00e8me Festival de chant gr\u00e9gorien de l\u2019\u00e9glise St. Mary Magdalene de Toronto<br>Un nouvel ensemble de chant gr\u00e9gorien : la Schola Magdalena<\/p>\n\n\n\n<p><strong><a href=\"https:\/\/www.gregorian.ca\/wp\/wp-content\/uploads\/2015\/09\/cantemus_fr_v1_1.pdf\">D\u00e9cembre 2006 Vol. 1<\/a><\/strong><br>Le premier Colloque annuel: une exp\u00e9rience enrishissante<br>F\u00eate Notre-Dame de Walsingham<br>Un Festival \u00e0 l\u2019\u00e9glise St Mary Magdalene<br>L\u2019IgC en route vers Kalamazoo<br>Plain-chant \u00e0 la Conf\u00e9rence Cranmer<\/p>\n","protected":false},"excerpt":{"rendered":"<p>Bulletin de l\u2019Institut gr\u00e9gorien du Canada Mai 2024 Vol 13, Num 1 (liens ci-dessous)Compte-rendu du Colloque 2023Chant gr\u00e9gorien \u00e0 HalifaxUne Montr\u00e9alaise \u00e0 MaastrichtFinancement pour le projet DACT\u00ab Sarum Rite \u00bb mise \u00e0 jourChanter de fragments musicaux Cantemus-2024-FR-1-11 Cantemus-2024-FR-12-14 Mars 2023 Vol. 12Compte-rendu du Colloque 2022 de l\u2019IgC La f\u00eate de sainte Marguerite : York et &hellip; <a href=\"https:\/\/www.gregorian.ca\/wp\/?page_id=120\" class=\"more-link\">Continue reading <span class=\"screen-reader-text\">Cantemus (Archives)<\/span> <span class=\"meta-nav\">&rarr;<\/span><\/a><\/p>\n","protected":false},"author":1,"featured_media":0,"parent":11,"menu_order":0,"comment_status":"closed","ping_status":"closed","template":"","meta":{"footnotes":""},"class_list":["post-120","page","type-page","status-publish","hentry"],"_links":{"self":[{"href":"https:\/\/www.gregorian.ca\/wp\/index.php?rest_route=\/wp\/v2\/pages\/120","targetHints":{"allow":["GET"]}}],"collection":[{"href":"https:\/\/www.gregorian.ca\/wp\/index.php?rest_route=\/wp\/v2\/pages"}],"about":[{"href":"https:\/\/www.gregorian.ca\/wp\/index.php?rest_route=\/wp\/v2\/types\/page"}],"author":[{"embeddable":true,"href":"https:\/\/www.gregorian.ca\/wp\/index.php?rest_route=\/wp\/v2\/users\/1"}],"replies":[{"embeddable":true,"href":"https:\/\/www.gregorian.ca\/wp\/index.php?rest_route=%2Fwp%2Fv2%2Fcomments&post=120"}],"version-history":[{"count":11,"href":"https:\/\/www.gregorian.ca\/wp\/index.php?rest_route=\/wp\/v2\/pages\/120\/revisions"}],"predecessor-version":[{"id":2399,"href":"https:\/\/www.gregorian.ca\/wp\/index.php?rest_route=\/wp\/v2\/pages\/120\/revisions\/2399"}],"up":[{"embeddable":true,"href":"https:\/\/www.gregorian.ca\/wp\/index.php?rest_route=\/wp\/v2\/pages\/11"}],"wp:attachment":[{"href":"https:\/\/www.gregorian.ca\/wp\/index.php?rest_route=%2Fwp%2Fv2%2Fmedia&parent=120"}],"curies":[{"name":"wp","href":"https:\/\/api.w.org\/{rel}","templated":true}]}}