{"id":106,"date":"2015-09-10T16:04:11","date_gmt":"2015-09-10T20:04:11","guid":{"rendered":"http:\/\/www.gregorian.ca\/wp\/?page_id=106"},"modified":"2024-06-01T12:01:06","modified_gmt":"2024-06-01T16:01:06","slug":"cantemus-archive","status":"publish","type":"page","link":"https:\/\/www.gregorian.ca\/wp\/?page_id=106","title":{"rendered":"Cantemus (Archive)"},"content":{"rendered":"\n<h4 class=\"wp-block-heading\">Bulletin of the Gregorian Institute of Canada<\/h4>\n\n\n\n<h4 class=\"wp-block-heading\"><\/h4>\n\n\n\n<p><strong>May 2024 Vol. 13, Issue 1<\/strong> (links below)<br>Report on Colloquium 2023<br>Chant Events in Halifax<br>A Montrealer in Maastricht<br>Funding for DACT<br>The Sarum Rite Project Update<br>Singing Musical Fragments<\/p>\n\n\n<p><a href=\"https:\/\/www.gregorian.ca\/wp\/?attachment_id=2390\" rel=\"attachment wp-att-2390\">Cantemus-2024-EN-1-10<\/a><\/p>\n<p><a href=\"https:\/\/www.gregorian.ca\/wp\/?attachment_id=2391\" rel=\"attachment wp-att-2391\">Cantemus-2024-EN-11-13<\/a><\/p>\n\n\n<p><strong><a href=\"https:\/\/www.gregorian.ca\/wp\/wp-content\/uploads\/2024\/01\/Cantemus-2023-EN.pdf\">March 2023 Vol. 12<\/a><\/strong><br>Report on GIC Colloquium 2022<br>Dom Joseph Pothier, Pioneer of the Restoration of Gregorian Chant<br>Christminster Monastery<br>New Publication: The <em>Sarum Gradual Latin<\/em><\/p>\n\n\n\n<p><a href=\"https:\/\/www.gregorian.ca\/wp\/wp-content\/uploads\/2024\/01\/Cantemus-2021-EN.pdf\"><strong>June 2021<\/strong> <strong>Vol. 11<\/strong><\/a><br>Sarum Chant Sung in Japan (Supplementary files: <a href=\"https:\/\/www.gregorian.ca\/wp\/?attachment_id=2034\" rel=\"attachment wp-att-2034\">Table1<\/a>, <a href=\"https:\/\/www.gregorian.ca\/wp\/?attachment_id=2035\" rel=\"attachment wp-att-2035\">Table2<\/a>)<br>UNA VOCE and the Servants of the Most Blessed Sacrament<\/p>\n\n\n\n<p><strong><a href=\"https:\/\/www.gregorian.ca\/wp\/wp-content\/uploads\/2024\/01\/Cantemus-2020-EN.pdf\">March 2020 Vol. 10<\/a><\/strong><br>Report from the 14th Annual Colloquium of the GIC<br>Vespers with Gregorian Chant: An Experience<br>New &#8220;Canadian Chant Database&#8221; for Manuscripts and Fragments<br>CHANT ALIVE! \u2014 The 15th Annual Colloquium of the GIC<br>A Very Special CD for Ensemble Scholastica&#8217;s 10th Anniversay!<br>New Research on Old Chant<\/p>\n\n\n\n<p><strong><a href=\"https:\/\/www.gregorian.ca\/wp\/wp-content\/uploads\/2019\/05\/cantemus-2019-English.pdf\">May 2019 Vol. 9<\/a><\/strong><br>GIC&#8217;s 13th Annual Colloquium at Huron University College<br>Colloquium 2019: Hispanic Plainchant at the Abbey of Saint-Beno\u00eet-du-Lac<br>Sarum Vespers and Compline<br>The York Feast of Saint Cecilia<\/p>\n\n\n\n<p><strong><a href=\"https:\/\/www.gregorian.ca\/wp\/wp-content\/uploads\/2018\/11\/Cantemus-2018-English.pdf\">April 2018 Vol. 8<\/a><\/strong><br>Twelfth Annual Colloquium at Saint-Beno\u00eet-du-Lac<br>An interview with William Oates, founder and honorary member of IGC\/GIC<br>13th Annual Colloquium 2018<br>Taking Chant to the Public Square: Halifax&#8217;s Schola Cantorum Turns Ten<br>Setting English Texts to the Simple Gregorian Psalm Tones<\/p>\n\n\n\n<p><strong><a href=\"https:\/\/www.gregorian.ca\/wp\/wp-content\/uploads\/2017\/03\/cantemus-2017-English.pdf\">February 2017 Vol. 7<\/a><\/strong><br>Toronto 2016 Report<br>The Sarum Rite \u2014 Progress Report<br>A Saguenay Training Session in Gregorian Chant<br>Vespers at the Church of St-L\u00e9on de Westmount<br>Performance of the Translation of St. Osmund<br>12th Annual Colloquium of the Gregorian Institute of Canada<br>A Note of Introduction from a New Member<\/p>\n\n\n\n<p><strong><a href=\"https:\/\/www.gregorian.ca\/wp\/wp-content\/uploads\/2017\/02\/Cantemus.e.6.1.pdf\">July 2012 Vol. 6<\/a><\/strong><br>GIC 7th Annual Colloquium Montr\u00e9al 2012<br>Kalamazoo Report<br>Cantus Database Update<\/p>\n\n\n\n<p><strong><a href=\"https:\/\/www.gregorian.ca\/wp\/wp-content\/uploads\/2015\/09\/cantemus_eng_v5_2.pdf\">December 2011 Vol. 5, No. 2<\/a><\/strong><br>Report on the GIC 6th Annual Colloquium<br>Replacement on GIC Board of Directors<br>Cantemus: New Format, New Editor<br>Sarum Rite Publication Gets New Home<br>Montr\u00e9al Gets a New Choir \u2014 Ch\u0153ur gr\u00e9gorien de Montr\u00e9al<br>New Book by GIV member Dr. Neil Moran<br>GIC returns to Kalamazoo<br>CD Launch by Member<br>Colloque 2012: GIC 7th Annual Colloquium<\/p>\n\n\n\n<p><strong><a href=\"https:\/\/www.gregorian.ca\/wp\/wp-content\/uploads\/2015\/09\/cantemus_eng_v5_1.pdf\">March 2011 Vol. 5, No. 1<\/a><\/strong><br>A Reflection on the 5th Annual Colloquium<br>Hamilton Schola Cantorum<br>4th Journ\u00e9es gr\u00e9goriennes of Montreal<br>Proceedings of the 4th Annual Colloquium<br>Schola Magdalena News<br>Chant: Old and New, 6th Annual Colloquium of the GIC<\/p>\n\n\n\n<p><strong><a href=\"https:\/\/www.gregorian.ca\/wp\/wp-content\/uploads\/2015\/09\/cantemus_eng_v4_1.pdf\">March 2010 Vol. 4<\/a><\/strong><br>Fourth Annual Colloquium of the GIC<br>Exhibition: Chant in Colonial Canada<br>15 Years of Gregorian Chant by Schola Saint Gr\u00e9goire of Montreal<br>Third Journ\u00e9es gr\u00e9goriennes de Montr\u00e9al<br>Gregorian Chant in Honour of the Virgin Mary: GIC 5th Annual Colloquium<br><strong><br><a href=\"https:\/\/www.gregorian.ca\/wp\/wp-content\/uploads\/2015\/09\/cantemus_eng_v3_1.pdf\">January 2009 Vol. 3<\/a><\/strong><br>Colloquium 2008: Behind the Scenes at Magog<br>Montreal&#8217;s Second &#8220;Journ\u00e9es gr\u00e9goriennes&#8221;<br>Schola Magdalena<br>Journ\u00e9es gr\u00e9goriennes in Quebec City<br>Festival of Chant 2008<br>Kalamazoo 2008<br>4th Annual Colloquium GIC<\/p>\n\n\n\n<p><strong><a href=\"https:\/\/www.gregorian.ca\/wp\/wp-content\/uploads\/2015\/09\/cantemus_eng_v2_1.pdf\">February 2008 Vol. 2<\/a><\/strong><br>Pilgrimage to Kalamazoo<br>GIC Returns to Kalamazoo<br>Gregorian Institute Colloquium: July 2007<br>Una Voce: Le Choeur Gr\u00e9gorien du Saguenay<br>Journ\u00e9es gr\u00e9goriennes at St.-Viateur Church, Montreal<br>Music of the Sarum Office: Progress Report<br>Second Festival of Chant Presented at St. Mary Magdalene&#8217;s, Toronto<br>New Women&#8217;s Chant Group: Schola Magdalena<\/p>\n\n\n\n<p><a href=\"https:\/\/www.gregorian.ca\/wp\/wp-content\/uploads\/2015\/09\/cantemus_eng_v1.pdf\"><strong>December 2006 Vol. 1<\/strong><\/a><br>First Annual Colloquium an Enriching Experience<br>Feast of Our Lady of Walsingham<br>A <em>Festival of Chant<\/em> at St. Mary Magdalene&#8217;s<br>GIC goes to Kalamazoo<br>Chant at the Cramner Conference<\/p>\n","protected":false},"excerpt":{"rendered":"<p>Bulletin of the Gregorian Institute of Canada May 2024 Vol. 13, Issue 1 (links below)Report on Colloquium 2023Chant Events in HalifaxA Montrealer in MaastrichtFunding for DACTThe Sarum Rite Project UpdateSinging Musical Fragments Cantemus-2024-EN-1-10 Cantemus-2024-EN-11-13 March 2023 Vol. 12Report on GIC Colloquium 2022Dom Joseph Pothier, Pioneer of the Restoration of Gregorian ChantChristminster MonasteryNew Publication: The Sarum &hellip; <a href=\"https:\/\/www.gregorian.ca\/wp\/?page_id=106\" class=\"more-link\">Continue reading <span class=\"screen-reader-text\">Cantemus (Archive)<\/span> <span class=\"meta-nav\">&rarr;<\/span><\/a><\/p>\n","protected":false},"author":1,"featured_media":0,"parent":9,"menu_order":0,"comment_status":"closed","ping_status":"closed","template":"","meta":{"footnotes":""},"class_list":["post-106","page","type-page","status-publish","hentry"],"_links":{"self":[{"href":"https:\/\/www.gregorian.ca\/wp\/index.php?rest_route=\/wp\/v2\/pages\/106","targetHints":{"allow":["GET"]}}],"collection":[{"href":"https:\/\/www.gregorian.ca\/wp\/index.php?rest_route=\/wp\/v2\/pages"}],"about":[{"href":"https:\/\/www.gregorian.ca\/wp\/index.php?rest_route=\/wp\/v2\/types\/page"}],"author":[{"embeddable":true,"href":"https:\/\/www.gregorian.ca\/wp\/index.php?rest_route=\/wp\/v2\/users\/1"}],"replies":[{"embeddable":true,"href":"https:\/\/www.gregorian.ca\/wp\/index.php?rest_route=%2Fwp%2Fv2%2Fcomments&post=106"}],"version-history":[{"count":22,"href":"https:\/\/www.gregorian.ca\/wp\/index.php?rest_route=\/wp\/v2\/pages\/106\/revisions"}],"predecessor-version":[{"id":2397,"href":"https:\/\/www.gregorian.ca\/wp\/index.php?rest_route=\/wp\/v2\/pages\/106\/revisions\/2397"}],"up":[{"embeddable":true,"href":"https:\/\/www.gregorian.ca\/wp\/index.php?rest_route=\/wp\/v2\/pages\/9"}],"wp:attachment":[{"href":"https:\/\/www.gregorian.ca\/wp\/index.php?rest_route=%2Fwp%2Fv2%2Fmedia&parent=106"}],"curies":[{"name":"wp","href":"https:\/\/api.w.org\/{rel}","templated":true}]}}